{"id":576,"date":"2018-01-15T20:55:05","date_gmt":"2018-01-15T19:55:05","guid":{"rendered":"http:\/\/bodyflex.top-me.eu\/pobocka-1\/?page_id=576"},"modified":"2025-02-23T20:10:13","modified_gmt":"2025-02-23T19:10:13","slug":"sportovni-vyziva","status":"publish","type":"page","link":"https:\/\/bodyflexfitness.cz\/pardubice\/o-nas\/sportovni-vyziva\/","title":{"rendered":"Sportovn\u00ed v\u00fd\u017eiva"},"content":{"rendered":"<p>[et_pb_section bb_built=&#8220;1&#8243; background_color=&#8220;rgba(0,0,0,0.7)&#8220; _builder_version=&#8220;3.0.91&#8243; background_image=&#8220;http:\/\/bodyflexfitness.cz\/pardubice\/wp-content\/uploads\/sites\/5\/2018\/01\/Bodyflex_Nutrition_hlavicka.jpg&#8220; background_blend=&#8220;overlay&#8220;][et_pb_row use_custom_width=&#8220;on&#8220; width_unit=&#8220;off&#8220; custom_width_percent=&#8220;50%&#8220; _builder_version=&#8220;3.0.89&#8243; background_size=&#8220;initial&#8220; background_position=&#8220;top_left&#8220; background_repeat=&#8220;repeat&#8220;][et_pb_column type=&#8220;4_4&#8243;][et_pb_text background_layout=&#8220;dark&#8220; _builder_version=&#8220;3.0.91&#8243; text_font=&#8220;|||on|||||&#8220; header_font_size=&#8220;42px&#8220; text_orientation=&#8220;center&#8220;]<\/p>\n<h1>Sportovn\u00ed\u00a0<strong><span style=\"color: #8b0d09;\">V\u00fd\u017eiva<\/span><\/strong><\/h1>\n<p>[\/et_pb_text][et_pb_text background_layout=&#8220;dark&#8220; _builder_version=&#8220;3.0.91&#8243; text_font_size=&#8220;16px&#8220; text_orientation=&#8220;center&#8220;]<br \/>\n[\/et_pb_text][\/et_pb_column][\/et_pb_row][\/et_pb_section][et_pb_section bb_built=&#8220;1&#8243; background_color=&#8220;#8b0d09&#8243; _builder_version=&#8220;3.0.89&#8243; custom_padding=&#8220;0px|0px|0px|0px&#8220;][et_pb_row _builder_version=&#8220;3.0.89&#8243;][et_pb_column type=&#8220;4_4&#8243;][et_pb_text background_layout=&#8220;dark&#8220; _builder_version=&#8220;3.0.91&#8243; text_font=&#8220;|||on|||||&#8220; text_font_size=&#8220;18px&#8220; text_orientation=&#8220;center&#8220;]<br \/>\n[\/et_pb_text][\/et_pb_column][\/et_pb_row][\/et_pb_section][et_pb_section bb_built=&#8220;1&#8243; background_color=&#8220;#292a2e&#8220; _builder_version=&#8220;3.0.91&#8243;][et_pb_row _builder_version=&#8220;3.0.47&#8243; background_size=&#8220;initial&#8220; background_position=&#8220;top_left&#8220; background_repeat=&#8220;repeat&#8220;][et_pb_column type=&#8220;4_4&#8243;][et_pb_post_title title=&#8220;off&#8220; meta=&#8220;off&#8220; _builder_version=&#8220;3.0.91&#8243;]<br \/>\n[\/et_pb_post_title][et_pb_text background_layout=&#8220;dark&#8220; _builder_version=&#8220;3.0.91&#8243;]<\/p>\n<p>BODYFLEX Nutrition je \u010desk\u00e1 zna\u010dka dopl\u0148k\u016f v\u00fd\u017eivy se zam\u011b\u0159en\u00edm na kvalitu bez kompromis\u016f. Na\u0161e produkty jsou ur\u010deny zejm\u00e9na t\u011bm, kte\u0159\u00ed to mysl\u00ed opravdu v\u00e1\u017en\u011b a za sv\u00e9 pen\u00edze o\u010dek\u00e1vaj\u00ed \u0161pi\u010dkovou kvalitu, stravitelnost i chu\u0165. V\u00fdroba a v\u00fdvoj na\u0161ich produkt\u016f vyu\u017e\u00edv\u00e1 precizn\u00ed v\u00fdrobn\u00ed technologie, kde pou\u017e\u00edv\u00e1me m\u00e9n\u011b sladidel, aromat a zahu\u0161\u0165ovadel, a proto obsahuj\u00ed m\u00e9n\u011b sacharid\u016f a dal\u0161\u00edch ne\u017e\u00e1douc\u00edch slo\u017eek a obsah \u00fa\u010dinn\u00fdch l\u00e1tek je tedy nejvy\u0161\u0161\u00ed mo\u017en\u00fd. Produkty je mo\u017en\u00e9 zakoupit p\u0159\u00edmo u n\u00e1s, nebo na E-Shopu <a href=\"https:\/\/www.bodyflexnutrition.cz\/\">www.bodyflexnutrition.cz<\/a><\/p>\n<p>[\/et_pb_text][\/et_pb_column][\/et_pb_row][\/et_pb_section][et_pb_section bb_built=&#8220;1&#8243; background_color=&#8220;#8b0d09&#8243; _builder_version=&#8220;3.0.89&#8243; custom_padding=&#8220;0px|0px|0px|0px&#8220;][et_pb_row _builder_version=&#8220;3.0.91&#8243;][et_pb_column type=&#8220;4_4&#8243;][\/et_pb_column][\/et_pb_row][\/et_pb_section]<\/p>\n","protected":false},"excerpt":{"rendered":"<p>[et_pb_section bb_built=&#8220;1&#8243; background_color=&#8220;rgba(0,0,0,0.7)&#8220; _builder_version=&#8220;3.0.91&#8243; background_image=&#8220;http:\/\/bodyflexfitness.cz\/pardubice\/wp-content\/uploads\/sites\/5\/2018\/01\/Bodyflex_Nutrition_hlavicka.jpg&#8220; background_blend=&#8220;overlay&#8220;][et_pb_row use_custom_width=&#8220;on&#8220; width_unit=&#8220;off&#8220; custom_width_percent=&#8220;50%&#8220; _builder_version=&#8220;3.0.89&#8243; background_size=&#8220;initial&#8220; background_position=&#8220;top_left&#8220; background_repeat=&#8220;repeat&#8220;][et_pb_column type=&#8220;4_4&#8243;][et_pb_text background_layout=&#8220;dark&#8220; _builder_version=&#8220;3.0.91&#8243; text_font=&#8220;|||on|||||&#8220; header_font_size=&#8220;42px&#8220; text_orientation=&#8220;center&#8220;] Sportovn\u00ed\u00a0V\u00fd\u017eiva [\/et_pb_text][et_pb_text background_layout=&#8220;dark&#8220; _builder_version=&#8220;3.0.91&#8243; text_font_size=&#8220;16px&#8220; text_orientation=&#8220;center&#8220;] [\/et_pb_text][\/et_pb_column][\/et_pb_row][\/et_pb_section][et_pb_section bb_built=&#8220;1&#8243; background_color=&#8220;#8b0d09&#8243; _builder_version=&#8220;3.0.89&#8243; custom_padding=&#8220;0px|0px|0px|0px&#8220;][et_pb_row _builder_version=&#8220;3.0.89&#8243;][et_pb_column type=&#8220;4_4&#8243;][et_pb_text background_layout=&#8220;dark&#8220; _builder_version=&#8220;3.0.91&#8243; text_font=&#8220;|||on|||||&#8220; text_font_size=&#8220;18px&#8220; text_orientation=&#8220;center&#8220;] [\/et_pb_text][\/et_pb_column][\/et_pb_row][\/et_pb_section][et_pb_section bb_built=&#8220;1&#8243; background_color=&#8220;#292a2e&#8220; _builder_version=&#8220;3.0.91&#8243;][et_pb_row _builder_version=&#8220;3.0.47&#8243; background_size=&#8220;initial&#8220; background_position=&#8220;top_left&#8220; background_repeat=&#8220;repeat&#8220;][et_pb_column type=&#8220;4_4&#8243;][et_pb_post_title title=&#8220;off&#8220; meta=&#8220;off&#8220; _builder_version=&#8220;3.0.91&#8243;] [\/et_pb_post_title][et_pb_text background_layout=&#8220;dark&#8220; _builder_version=&#8220;3.0.91&#8243;] BODYFLEX Nutrition je [&hellip;]<\/p>\n","protected":false},"author":1,"featured_media":0,"parent":115,"menu_order":0,"comment_status":"closed","ping_status":"closed","template":"","meta":{"footnotes":""},"class_list":["post-576","page","type-page","status-publish","hentry"],"_links":{"self":[{"href":"https:\/\/bodyflexfitness.cz\/pardubice\/wp-json\/wp\/v2\/pages\/576","targetHints":{"allow":["GET"]}}],"collection":[{"href":"https:\/\/bodyflexfitness.cz\/pardubice\/wp-json\/wp\/v2\/pages"}],"about":[{"href":"https:\/\/bodyflexfitness.cz\/pardubice\/wp-json\/wp\/v2\/types\/page"}],"author":[{"embeddable":true,"href":"https:\/\/bodyflexfitness.cz\/pardubice\/wp-json\/wp\/v2\/users\/1"}],"replies":[{"embeddable":true,"href":"https:\/\/bodyflexfitness.cz\/pardubice\/wp-json\/wp\/v2\/comments?post=576"}],"version-history":[{"count":8,"href":"https:\/\/bodyflexfitness.cz\/pardubice\/wp-json\/wp\/v2\/pages\/576\/revisions"}],"predecessor-version":[{"id":2796,"href":"https:\/\/bodyflexfitness.cz\/pardubice\/wp-json\/wp\/v2\/pages\/576\/revisions\/2796"}],"up":[{"embeddable":true,"href":"https:\/\/bodyflexfitness.cz\/pardubice\/wp-json\/wp\/v2\/pages\/115"}],"wp:attachment":[{"href":"https:\/\/bodyflexfitness.cz\/pardubice\/wp-json\/wp\/v2\/media?parent=576"}],"curies":[{"name":"wp","href":"https:\/\/api.w.org\/{rel}","templated":true}]}}