{"id":574,"date":"2018-01-15T20:53:56","date_gmt":"2018-01-15T19:53:56","guid":{"rendered":"http:\/\/bodyflex.top-me.eu\/pobocka-1\/?page_id=574"},"modified":"2025-02-23T20:08:39","modified_gmt":"2025-02-23T19:08:39","slug":"profesionalove-i-zacatecnici","status":"publish","type":"page","link":"https:\/\/bodyflexfitness.cz\/pardubice\/o-nas\/profesionalove-i-zacatecnici\/","title":{"rendered":"Profesion\u00e1lov\u00e9 i za\u010d\u00e1te\u010dn\u00edci"},"content":{"rendered":"<p>[et_pb_section fb_built=&#8220;1&#8243; background_color=&#8220;rgba(0,0,0,0.7)&#8220; _builder_version=&#8220;3.0.91&#8243; background_image=&#8220;http:\/\/bodyflexfitness.cz\/pardubice\/wp-content\/uploads\/sites\/5\/2018\/01\/main-page.jpg&#8220; background_blend=&#8220;overlay&#8220;][et_pb_row use_custom_width=&#8220;on&#8220; width_unit=&#8220;off&#8220; custom_width_percent=&#8220;50%&#8220; _builder_version=&#8220;3.0.89&#8243; background_size=&#8220;initial&#8220; background_position=&#8220;top_left&#8220; background_repeat=&#8220;repeat&#8220;][et_pb_column type=&#8220;4_4&#8243; _builder_version=&#8220;3.0.47&#8243; parallax=&#8220;off&#8220; parallax_method=&#8220;on&#8220;][et_pb_text background_layout=&#8220;dark&#8220; _builder_version=&#8220;3.0.91&#8243; text_font=&#8220;|||on|||||&#8220; header_font_size=&#8220;42px&#8220; text_orientation=&#8220;center&#8220;]<\/p>\n<h1>Profesion\u00e1lov\u00e9 i\u00a0<strong><span style=\"color: #8b0d09;\">Za\u010d\u00e1te\u010dn\u00edci<\/span><\/strong><\/h1>\n<p>[\/et_pb_text][et_pb_text background_layout=&#8220;dark&#8220; _builder_version=&#8220;3.0.91&#8243; text_font_size=&#8220;16px&#8220; text_orientation=&#8220;center&#8220;][\/et_pb_text][\/et_pb_column][\/et_pb_row][\/et_pb_section][et_pb_section fb_built=&#8220;1&#8243; background_color=&#8220;#8b0d09&#8243; _builder_version=&#8220;3.0.89&#8243; custom_padding=&#8220;0px|0px|0px|0px&#8220;][et_pb_row _builder_version=&#8220;3.0.89&#8243;][et_pb_column type=&#8220;4_4&#8243; _builder_version=&#8220;3.0.47&#8243; parallax=&#8220;off&#8220; parallax_method=&#8220;on&#8220;][et_pb_text background_layout=&#8220;dark&#8220; _builder_version=&#8220;3.0.89&#8243; text_font=&#8220;|||on|||||&#8220; text_font_size=&#8220;18px&#8220; text_orientation=&#8220;center&#8220;][\/et_pb_text][\/et_pb_column][\/et_pb_row][\/et_pb_section][et_pb_section fb_built=&#8220;1&#8243; background_color=&#8220;#292a2e&#8220; _builder_version=&#8220;3.0.91&#8243;][et_pb_row _builder_version=&#8220;3.0.47&#8243; background_size=&#8220;initial&#8220; background_position=&#8220;top_left&#8220; background_repeat=&#8220;repeat&#8220;][et_pb_column type=&#8220;4_4&#8243; _builder_version=&#8220;3.0.47&#8243; parallax=&#8220;off&#8220; parallax_method=&#8220;on&#8220;][et_pb_post_title title=&#8220;off&#8220; meta=&#8220;off&#8220; _builder_version=&#8220;3.0.91&#8243;][\/et_pb_post_title][et_pb_text background_layout=&#8220;dark&#8220; _builder_version=&#8220;3.0.91&#8243;]<\/p>\n<p>Na\u0161e fitness je vybaveno tak, aby jej mohli vyu\u017e\u00edvat za\u010d\u00e1te\u010dn\u00edci a profesion\u00e1ln\u00ed sportovci.<\/p>\n<p>Ve\u0161ker\u00e9 vybaven\u00ed je snadno nastaviteln\u00e9 b\u011bhem n\u011bkolik moment\u016f a zvl\u00e1dne jej pou\u017e\u00edvat i \u00fapln\u00fd za\u010d\u00e1te\u010dn\u00edk.<\/p>\n<p>Vy\u0161kolen\u00fd person\u00e1l porad\u00ed ka\u017ed\u00e9mu, jak spr\u00e1vn\u011b za\u010d\u00edt a dos\u00e1hnout sv\u00e9ho c\u00edle. M\u00e1me bohat\u00e9 zku\u0161enosti v oboru, tak se nesty\u010fte se zeptat. Jsme tu pro V\u00e1s.<\/p>\n<p>Pro ty n\u00e1ro\u010dn\u011bj\u0161\u00ed jsou k dispozici na\u0161i <a href=\"http:\/\/bodyflexfitness.cz\/hradeckralove\/treneri\/\">osobn\u00ed tren\u00e9\u0159i a v\u00fd\u017eivov\u00ed specialist\u00e9<\/a>.<\/p>\n<p>[\/et_pb_text][\/et_pb_column][\/et_pb_row][\/et_pb_section][et_pb_section fb_built=&#8220;1&#8243; background_color=&#8220;#8b0d09&#8243; _builder_version=&#8220;3.0.89&#8243; custom_padding=&#8220;0px|0px|0px|0px&#8220;][et_pb_row _builder_version=&#8220;3.0.91&#8243;][et_pb_column type=&#8220;4_4&#8243; _builder_version=&#8220;3.0.47&#8243; parallax=&#8220;off&#8220; parallax_method=&#8220;on&#8220;][\/et_pb_column][\/et_pb_row][\/et_pb_section]<\/p>\n","protected":false},"excerpt":{"rendered":"<p>[et_pb_section fb_built=&#8220;1&#8243; background_color=&#8220;rgba(0,0,0,0.7)&#8220; _builder_version=&#8220;3.0.91&#8243; background_image=&#8220;http:\/\/bodyflexfitness.cz\/pardubice\/wp-content\/uploads\/sites\/5\/2018\/01\/main-page.jpg&#8220; background_blend=&#8220;overlay&#8220;][et_pb_row use_custom_width=&#8220;on&#8220; width_unit=&#8220;off&#8220; custom_width_percent=&#8220;50%&#8220; _builder_version=&#8220;3.0.89&#8243; background_size=&#8220;initial&#8220; background_position=&#8220;top_left&#8220; background_repeat=&#8220;repeat&#8220;][et_pb_column type=&#8220;4_4&#8243; _builder_version=&#8220;3.0.47&#8243; parallax=&#8220;off&#8220; parallax_method=&#8220;on&#8220;][et_pb_text background_layout=&#8220;dark&#8220; _builder_version=&#8220;3.0.91&#8243; text_font=&#8220;|||on|||||&#8220; header_font_size=&#8220;42px&#8220; text_orientation=&#8220;center&#8220;] Profesion\u00e1lov\u00e9 i\u00a0Za\u010d\u00e1te\u010dn\u00edci [\/et_pb_text][et_pb_text background_layout=&#8220;dark&#8220; _builder_version=&#8220;3.0.91&#8243; text_font_size=&#8220;16px&#8220; text_orientation=&#8220;center&#8220;][\/et_pb_text][\/et_pb_column][\/et_pb_row][\/et_pb_section][et_pb_section fb_built=&#8220;1&#8243; background_color=&#8220;#8b0d09&#8243; _builder_version=&#8220;3.0.89&#8243; custom_padding=&#8220;0px|0px|0px|0px&#8220;][et_pb_row _builder_version=&#8220;3.0.89&#8243;][et_pb_column type=&#8220;4_4&#8243; _builder_version=&#8220;3.0.47&#8243; parallax=&#8220;off&#8220; parallax_method=&#8220;on&#8220;][et_pb_text background_layout=&#8220;dark&#8220; _builder_version=&#8220;3.0.89&#8243; text_font=&#8220;|||on|||||&#8220; text_font_size=&#8220;18px&#8220; text_orientation=&#8220;center&#8220;][\/et_pb_text][\/et_pb_column][\/et_pb_row][\/et_pb_section][et_pb_section fb_built=&#8220;1&#8243; background_color=&#8220;#292a2e&#8220; _builder_version=&#8220;3.0.91&#8243;][et_pb_row _builder_version=&#8220;3.0.47&#8243; background_size=&#8220;initial&#8220; background_position=&#8220;top_left&#8220; background_repeat=&#8220;repeat&#8220;][et_pb_column type=&#8220;4_4&#8243; _builder_version=&#8220;3.0.47&#8243; parallax=&#8220;off&#8220; parallax_method=&#8220;on&#8220;][et_pb_post_title title=&#8220;off&#8220; [&hellip;]<\/p>\n","protected":false},"author":1,"featured_media":0,"parent":115,"menu_order":0,"comment_status":"closed","ping_status":"closed","template":"","meta":{"footnotes":""},"class_list":["post-574","page","type-page","status-publish","hentry"],"_links":{"self":[{"href":"https:\/\/bodyflexfitness.cz\/pardubice\/wp-json\/wp\/v2\/pages\/574","targetHints":{"allow":["GET"]}}],"collection":[{"href":"https:\/\/bodyflexfitness.cz\/pardubice\/wp-json\/wp\/v2\/pages"}],"about":[{"href":"https:\/\/bodyflexfitness.cz\/pardubice\/wp-json\/wp\/v2\/types\/page"}],"author":[{"embeddable":true,"href":"https:\/\/bodyflexfitness.cz\/pardubice\/wp-json\/wp\/v2\/users\/1"}],"replies":[{"embeddable":true,"href":"https:\/\/bodyflexfitness.cz\/pardubice\/wp-json\/wp\/v2\/comments?post=574"}],"version-history":[{"count":8,"href":"https:\/\/bodyflexfitness.cz\/pardubice\/wp-json\/wp\/v2\/pages\/574\/revisions"}],"predecessor-version":[{"id":2794,"href":"https:\/\/bodyflexfitness.cz\/pardubice\/wp-json\/wp\/v2\/pages\/574\/revisions\/2794"}],"up":[{"embeddable":true,"href":"https:\/\/bodyflexfitness.cz\/pardubice\/wp-json\/wp\/v2\/pages\/115"}],"wp:attachment":[{"href":"https:\/\/bodyflexfitness.cz\/pardubice\/wp-json\/wp\/v2\/media?parent=574"}],"curies":[{"name":"wp","href":"https:\/\/api.w.org\/{rel}","templated":true}]}}