{"id":570,"date":"2018-01-15T20:52:23","date_gmt":"2018-01-15T19:52:23","guid":{"rendered":"http:\/\/bodyflex.top-me.eu\/pobocka-1\/?page_id=570"},"modified":"2026-01-30T13:57:10","modified_gmt":"2026-01-30T12:57:10","slug":"exkluzivni-vybaveni","status":"publish","type":"page","link":"https:\/\/bodyflexfitness.cz\/pardubice\/o-nas\/exkluzivni-vybaveni\/","title":{"rendered":"Exkluzivn\u00ed vybaven\u00ed"},"content":{"rendered":"<p>[et_pb_section fb_built=&#8220;1&#8243; background_color=&#8220;rgba(0,0,0,0.7)&#8220; _builder_version=&#8220;3.0.91&#8243; background_image=&#8220;http:\/\/bodyflexfitness.cz\/pardubice\/wp-content\/uploads\/sites\/5\/2018\/01\/main-page.jpg&#8220; background_blend=&#8220;overlay&#8220;][et_pb_row use_custom_width=&#8220;on&#8220; width_unit=&#8220;off&#8220; custom_width_percent=&#8220;50%&#8220; _builder_version=&#8220;3.0.89&#8243; background_size=&#8220;initial&#8220; background_position=&#8220;top_left&#8220; background_repeat=&#8220;repeat&#8220;][et_pb_column type=&#8220;4_4&#8243; _builder_version=&#8220;3.0.47&#8243; parallax=&#8220;off&#8220; parallax_method=&#8220;on&#8220;][et_pb_text background_layout=&#8220;dark&#8220; _builder_version=&#8220;3.0.91&#8243; text_font=&#8220;|||on|||||&#8220; header_font_size=&#8220;42px&#8220; text_orientation=&#8220;center&#8220;]<\/p>\n<h1>Exkluzivn\u00ed\u00a0<strong><span style=\"color: #8b0d09;\">Vybaven\u00ed<\/span><\/strong><\/h1>\n<p>[\/et_pb_text][et_pb_text background_layout=&#8220;dark&#8220; _builder_version=&#8220;3.0.91&#8243; text_font_size=&#8220;16px&#8220; text_orientation=&#8220;center&#8220;][\/et_pb_text][\/et_pb_column][\/et_pb_row][\/et_pb_section][et_pb_section fb_built=&#8220;1&#8243; background_color=&#8220;#8b0d09&#8243; _builder_version=&#8220;3.0.89&#8243; custom_padding=&#8220;0px|0px|0px|0px&#8220;][et_pb_row _builder_version=&#8220;3.0.89&#8243;][et_pb_column type=&#8220;4_4&#8243; _builder_version=&#8220;3.0.47&#8243; parallax=&#8220;off&#8220; parallax_method=&#8220;on&#8220;][et_pb_text background_layout=&#8220;dark&#8220; _builder_version=&#8220;3.0.89&#8243; text_font=&#8220;|||on|||||&#8220; text_font_size=&#8220;18px&#8220; text_orientation=&#8220;center&#8220;][\/et_pb_text][\/et_pb_column][\/et_pb_row][\/et_pb_section][et_pb_section fb_built=&#8220;1&#8243; background_color=&#8220;#292a2e&#8220; _builder_version=&#8220;3.0.91&#8243;][et_pb_row _builder_version=&#8220;3.0.47&#8243; background_size=&#8220;initial&#8220; background_position=&#8220;top_left&#8220; background_repeat=&#8220;repeat&#8220;][et_pb_column type=&#8220;4_4&#8243; _builder_version=&#8220;3.0.47&#8243; parallax=&#8220;off&#8220; parallax_method=&#8220;on&#8220;][et_pb_post_title title=&#8220;off&#8220; meta=&#8220;off&#8220; _builder_version=&#8220;3.0.91&#8243;][\/et_pb_post_title][et_pb_text background_layout=&#8220;dark&#8220; _builder_version=&#8220;3.0.91&#8243; text_font=&#8220;||||||||&#8220;]<\/p>\n<p>Na\u0161e fitness je vybaveno stroji z USA (Arsenal, Life Fitness a Hammer Strenght), kter\u00e9 jsou sv\u011btovou \u0161pi\u010dkou. Nic lep\u0161\u00edho u\u017e neexistuje.<\/p>\n<p>Va\u0161e cvi\u010den\u00ed dostane nov\u00fd rozm\u011br d\u00edky unik\u00e1tn\u00ed ergonomii a iso-later\u00e1ln\u00edm pohyb\u016fm, kter\u00e9 tyto zna\u010dky charakterizuj\u00ed.<\/p>\n<p>Iso-later\u00e1ln\u00ed znamen\u00e1, ka\u017edou kon\u010detinou zvl\u00e1\u0161\u0165. Takov\u00e9 cvi\u010den\u00ed zajist\u00ed rovnom\u011brn\u00e9 pos\u00edlen\u00ed obou stran t\u011bla, co\u017e sn\u00ed\u017e\u00ed nebezpe\u010d\u00ed vytvo\u0159en\u00ed svalov\u00fdch disbalanc\u00ed. Lze tak\u00e9 cvi\u010dit pouze jednou kon\u010detinou, nebo st\u0159\u00eddav\u011b. Cvi\u010den\u00ed je tedy bezpe\u010dn\u011bj\u0161\u00ed a rozmanit\u011bj\u0161\u00ed, ne\u017e na b\u011b\u017en\u00fdch stroj\u00edch.<\/p>\n<p>Kardio z\u00f3na od v\u00fdrobc\u016f Life Fitness a Stairmaster poskytuje ve\u0161ker\u00e9 vybaven\u00ed od b\u011bhac\u00edch p\u00e1s\u016f a\u017e po eliptick\u00e9 trena\u017eery. Kardio stroje disponuj\u00ed nejmodern\u011bj\u0161\u00edmi technologiemi tlum\u00edc\u00ed n\u00e1razy p\u0159i b\u011bhu a super tich\u00fdm chodem.<\/p>\n<p>Nechyb\u00ed ani modern\u00ed tr\u00e9ninkov\u00e9 pom\u016fcky (TRX, Kettlebelly, Weight bag, BOSU, lana, \u017eeb\u0159\u00edky, hrazdy atd), se kter\u00fdmi lze plnohodnotn\u011b procvi\u010dit cel\u00e9 t\u011blo i bez \u010dinek. V\u011bt\u0161ina takov\u00fdch pom\u016fcek spl\u0148uje po\u017eadavky na tzv. funk\u010dn\u00ed tr\u00e9nink kladouc\u00ed d\u016fraz na spr\u00e1vnou funkci cel\u00e9ho pohybov\u00e9ho apar\u00e1tu.<\/p>\n<p>[\/et_pb_text][\/et_pb_column][\/et_pb_row][\/et_pb_section][et_pb_section fb_built=&#8220;1&#8243; background_color=&#8220;#8b0d09&#8243; _builder_version=&#8220;3.0.89&#8243; custom_padding=&#8220;0px|0px|0px|0px&#8220;][et_pb_row _builder_version=&#8220;3.0.91&#8243;][et_pb_column type=&#8220;4_4&#8243; _builder_version=&#8220;3.0.47&#8243; parallax=&#8220;off&#8220; parallax_method=&#8220;on&#8220;][\/et_pb_column][\/et_pb_row][\/et_pb_section]<\/p>\n","protected":false},"excerpt":{"rendered":"<p>[et_pb_section fb_built=&#8220;1&#8243; background_color=&#8220;rgba(0,0,0,0.7)&#8220; _builder_version=&#8220;3.0.91&#8243; background_image=&#8220;http:\/\/bodyflexfitness.cz\/pardubice\/wp-content\/uploads\/sites\/5\/2018\/01\/main-page.jpg&#8220; background_blend=&#8220;overlay&#8220;][et_pb_row use_custom_width=&#8220;on&#8220; width_unit=&#8220;off&#8220; custom_width_percent=&#8220;50%&#8220; _builder_version=&#8220;3.0.89&#8243; background_size=&#8220;initial&#8220; background_position=&#8220;top_left&#8220; background_repeat=&#8220;repeat&#8220;][et_pb_column type=&#8220;4_4&#8243; _builder_version=&#8220;3.0.47&#8243; parallax=&#8220;off&#8220; parallax_method=&#8220;on&#8220;][et_pb_text background_layout=&#8220;dark&#8220; _builder_version=&#8220;3.0.91&#8243; text_font=&#8220;|||on|||||&#8220; header_font_size=&#8220;42px&#8220; text_orientation=&#8220;center&#8220;] Exkluzivn\u00ed\u00a0Vybaven\u00ed [\/et_pb_text][et_pb_text background_layout=&#8220;dark&#8220; _builder_version=&#8220;3.0.91&#8243; text_font_size=&#8220;16px&#8220; text_orientation=&#8220;center&#8220;][\/et_pb_text][\/et_pb_column][\/et_pb_row][\/et_pb_section][et_pb_section fb_built=&#8220;1&#8243; background_color=&#8220;#8b0d09&#8243; _builder_version=&#8220;3.0.89&#8243; custom_padding=&#8220;0px|0px|0px|0px&#8220;][et_pb_row _builder_version=&#8220;3.0.89&#8243;][et_pb_column type=&#8220;4_4&#8243; _builder_version=&#8220;3.0.47&#8243; parallax=&#8220;off&#8220; parallax_method=&#8220;on&#8220;][et_pb_text background_layout=&#8220;dark&#8220; _builder_version=&#8220;3.0.89&#8243; text_font=&#8220;|||on|||||&#8220; text_font_size=&#8220;18px&#8220; text_orientation=&#8220;center&#8220;][\/et_pb_text][\/et_pb_column][\/et_pb_row][\/et_pb_section][et_pb_section fb_built=&#8220;1&#8243; background_color=&#8220;#292a2e&#8220; _builder_version=&#8220;3.0.91&#8243;][et_pb_row _builder_version=&#8220;3.0.47&#8243; background_size=&#8220;initial&#8220; background_position=&#8220;top_left&#8220; background_repeat=&#8220;repeat&#8220;][et_pb_column type=&#8220;4_4&#8243; _builder_version=&#8220;3.0.47&#8243; parallax=&#8220;off&#8220; parallax_method=&#8220;on&#8220;][et_pb_post_title title=&#8220;off&#8220; meta=&#8220;off&#8220; [&hellip;]<\/p>\n","protected":false},"author":1,"featured_media":0,"parent":115,"menu_order":0,"comment_status":"closed","ping_status":"closed","template":"","meta":{"footnotes":""},"class_list":["post-570","page","type-page","status-publish","hentry"],"_links":{"self":[{"href":"https:\/\/bodyflexfitness.cz\/pardubice\/wp-json\/wp\/v2\/pages\/570","targetHints":{"allow":["GET"]}}],"collection":[{"href":"https:\/\/bodyflexfitness.cz\/pardubice\/wp-json\/wp\/v2\/pages"}],"about":[{"href":"https:\/\/bodyflexfitness.cz\/pardubice\/wp-json\/wp\/v2\/types\/page"}],"author":[{"embeddable":true,"href":"https:\/\/bodyflexfitness.cz\/pardubice\/wp-json\/wp\/v2\/users\/1"}],"replies":[{"embeddable":true,"href":"https:\/\/bodyflexfitness.cz\/pardubice\/wp-json\/wp\/v2\/comments?post=570"}],"version-history":[{"count":8,"href":"https:\/\/bodyflexfitness.cz\/pardubice\/wp-json\/wp\/v2\/pages\/570\/revisions"}],"predecessor-version":[{"id":2952,"href":"https:\/\/bodyflexfitness.cz\/pardubice\/wp-json\/wp\/v2\/pages\/570\/revisions\/2952"}],"up":[{"embeddable":true,"href":"https:\/\/bodyflexfitness.cz\/pardubice\/wp-json\/wp\/v2\/pages\/115"}],"wp:attachment":[{"href":"https:\/\/bodyflexfitness.cz\/pardubice\/wp-json\/wp\/v2\/media?parent=570"}],"curies":[{"name":"wp","href":"https:\/\/api.w.org\/{rel}","templated":true}]}}