{"id":2858,"date":"2026-01-19T22:50:51","date_gmt":"2026-01-19T21:50:51","guid":{"rendered":"https:\/\/bodyflexfitness.cz\/pardubice\/?page_id=2858"},"modified":"2026-03-13T22:09:06","modified_gmt":"2026-03-13T21:09:06","slug":"nikola-pilarova","status":"publish","type":"page","link":"https:\/\/bodyflexfitness.cz\/pardubice\/treneri\/nikola-pilarova\/","title":{"rendered":"Nikola Pila\u0159ov\u00e1"},"content":{"rendered":"<p>[et_pb_section fb_built=&#8220;1&#8243; background_color=&#8220;rgba(0,0,0,0.7)&#8220; _builder_version=&#8220;3.0.91&#8243; background_image=&#8220;http:\/\/bodyflexfitness.cz\/pardubice\/wp-content\/uploads\/sites\/5\/2018\/01\/main-page.jpg&#8220; background_blend=&#8220;overlay&#8220;][et_pb_row custom_width_percent=&#8220;50%&#8220; _builder_version=&#8220;3.0.91&#8243; background_size=&#8220;initial&#8220; background_position=&#8220;top_left&#8220; background_repeat=&#8220;repeat&#8220; make_fullwidth=&#8220;on&#8220;][et_pb_column type=&#8220;4_4&#8243; _builder_version=&#8220;3.0.47&#8243; parallax=&#8220;off&#8220; parallax_method=&#8220;on&#8220;][et_pb_text background_layout=&#8220;dark&#8220; _builder_version=&#8220;3.0.91&#8243; text_font=&#8220;|||on|||||&#8220; header_font=&#8220;||||||||&#8220; header_font_size=&#8220;42px&#8220; header_font_size_phone=&#8220;24px&#8220; header_font_size_last_edited=&#8220;on|phone&#8220; text_orientation=&#8220;center&#8220;]<\/p>\n<h1>Nikola<strong><span style=\"color: #8b0d09;\">\u00a0Pila\u0159ov\u00e1<\/span><\/strong><\/h1>\n<p>[\/et_pb_text][et_pb_text background_layout=&#8220;dark&#8220; _builder_version=&#8220;3.0.91&#8243; text_font=&#8220;||||||||&#8220; text_font_size=&#8220;16px&#8220; text_orientation=&#8220;center&#8220;]V tr\u00e9ninku kladu d\u016fraz na techniku a progresivn\u00ed p\u0159et\u00ed\u017een\u00ed. T\u011b\u017ek\u00e9 v\u00e1hy nejsou probl\u00e9m \u2013 \u0161patn\u00e1 technika ano.[\/et_pb_text][\/et_pb_column][\/et_pb_row][\/et_pb_section][et_pb_section fb_built=&#8220;1&#8243; background_color=&#8220;#8b0d09&#8243; _builder_version=&#8220;3.0.89&#8243; custom_padding=&#8220;0px|0px|0px|0px&#8220;][et_pb_row make_fullwidth=&#8220;on&#8220; _builder_version=&#8220;3.0.91&#8243;][et_pb_column type=&#8220;1_3&#8243; _builder_version=&#8220;3.0.47&#8243; parallax=&#8220;off&#8220; parallax_method=&#8220;on&#8220;][et_pb_blurb title=&#8220;+420 778 429 494&#8243; url=&#8220;tel:+420778429494&#8243; use_icon=&#8220;on&#8220; font_icon=&#8220;%%264%%&#8220; icon_color=&#8220;#ffffff&#8220; icon_placement=&#8220;left&#8220; background_layout=&#8220;dark&#8220; use_icon_font_size=&#8220;on&#8220; icon_font_size=&#8220;24px&#8220; _builder_version=&#8220;3.0.91&#8243;][\/et_pb_blurb][\/et_pb_column][et_pb_column type=&#8220;1_3&#8243; _builder_version=&#8220;3.0.47&#8243; parallax=&#8220;off&#8220; parallax_method=&#8220;on&#8220;][et_pb_blurb title=&#8220;nuukygainz&#8220; url=&#8220;https:\/\/www.instagram.com\/nuukygainz\/&#8220; url_new_window=&#8220;on&#8220; use_icon=&#8220;on&#8220; font_icon=&#8220;%%298%%&#8220; icon_color=&#8220;#ffffff&#8220; icon_placement=&#8220;left&#8220; background_layout=&#8220;dark&#8220; use_icon_font_size=&#8220;on&#8220; icon_font_size=&#8220;24px&#8220; _builder_version=&#8220;3.0.91&#8243; locked=&#8220;off&#8220;][\/et_pb_blurb][\/et_pb_column][et_pb_column type=&#8220;1_3&#8243; _builder_version=&#8220;3.0.47&#8243; parallax=&#8220;off&#8220; parallax_method=&#8220;on&#8220;][et_pb_blurb title=&#8220;nuukygainz@gmail.com&#8220; url_new_window=&#8220;on&#8220; use_icon=&#8220;on&#8220; font_icon=&#8220;%%109%%&#8220; icon_color=&#8220;#ffffff&#8220; icon_placement=&#8220;left&#8220; background_layout=&#8220;dark&#8220; use_icon_font_size=&#8220;on&#8220; icon_font_size=&#8220;24px&#8220; _builder_version=&#8220;3.0.91&#8243; locked=&#8220;off&#8220;][\/et_pb_blurb][\/et_pb_column][\/et_pb_row][\/et_pb_section][et_pb_section fb_built=&#8220;1&#8243; background_color=&#8220;#292a2e&#8220; _builder_version=&#8220;3.0.91&#8243;][et_pb_row _builder_version=&#8220;3.0.47&#8243; background_size=&#8220;initial&#8220; background_position=&#8220;top_left&#8220; background_repeat=&#8220;repeat&#8220;][et_pb_column type=&#8220;1_4&#8243; _builder_version=&#8220;3.0.47&#8243; parallax=&#8220;off&#8220; parallax_method=&#8220;on&#8220;][et_pb_image src=&#8220;http:\/\/bodyflexfitness.cz\/pardubice\/wp-content\/uploads\/sites\/5\/2026\/01\/trener_PCE_pilarova_PNG.png&#8220; _builder_version=&#8220;3.0.91&#8243;][\/et_pb_image][\/et_pb_column][et_pb_column type=&#8220;3_4&#8243; _builder_version=&#8220;3.0.47&#8243; parallax=&#8220;off&#8220; parallax_method=&#8220;on&#8220;][et_pb_text background_layout=&#8220;dark&#8220; _builder_version=&#8220;3.0.91&#8243; text_font=&#8220;||||||||&#8220;]<\/p>\n<p>Jsem osobn\u00ed tren\u00e9rka se zam\u011b\u0159en\u00edm na silov\u00fd tr\u00e9nink, t\u011blesnou rekompozici a z\u00e1vodn\u00ed p\u0159\u00edpravu.<\/p>\n<p>Cvi\u010d\u00edm p\u0159es 10 let a v\u00edm, \u017ee svaly se neud\u011blaj\u00ed samy. Jsou v\u00fdsledkem tvrd\u00e9 pr\u00e1ce, re\u017eimu a konzistence. Zkratky nehled\u00e1m \u2013 pracuji s t\u00edm, co je dlouhodob\u011b udr\u017eiteln\u00e9.\n<\/p>\n<p>Jsem aktivn\u00ed z\u00e1vodnice ve federaci PCA v kategorii Figure a sv\u00e9 zku\u0161enosti p\u0159en\u00e1\u0161\u00edm do pr\u00e1ce s klientkami. M\u00e1m za sebou \u017eeny, kter\u00e9 pod m\u00fdm veden\u00edm zes\u00edlily, zm\u011bnily postavu a hlavn\u011b p\u0159\u00edstup k tr\u00e9ninku.\n<\/p>\n<p>V\u0161e \u0159e\u0161\u00edm online \u2013 sta\u010d\u00ed p\u00e1r kliknut\u00ed a tr\u00e9nink m\u00e1\u0161 rovnou v kalend\u00e1\u0159i. \u017d\u00e1dn\u00e9 zbyte\u010dn\u00e9 psan\u00ed ani smlouv\u00e1n\u00ed.\n<\/p>\n<p>V tr\u00e9ninku kladu d\u016fraz na techniku a progresivn\u00ed p\u0159et\u00ed\u017een\u00ed. T\u011b\u017ek\u00e9 v\u00e1hy nejsou probl\u00e9m \u2013 \u0161patn\u00e1 technika ano.\n<\/p>\n<p>Prvn\u00ed tr\u00e9nink ZDARMA!\n<\/p>\n<p>[\/et_pb_text][\/et_pb_column][\/et_pb_row][et_pb_row _builder_version=&#8220;3.0.91&#8243;][et_pb_column type=&#8220;4_4&#8243; _builder_version=&#8220;3.0.47&#8243; parallax=&#8220;off&#8220; parallax_method=&#8220;on&#8220;][et_pb_code _builder_version=&#8220;3.0.91&#8243; filter_brightness=&#8220;200%&#8220; filter_contrast=&#8220;200%&#8220;]&lt;table&gt;&lt;tbody&gt;&lt;tr&gt;&lt;td style=&quot;vertical-align: top&quot;&gt;Jednor\u00e1zov\u00fd tr\u00e9nink&lt;\/td&gt;&lt;td style=&quot;vertical-align: top&quot;&gt;700 K\u010d \/ 1 os.&lt;\/td&gt;&lt;\/tr&gt;&lt;tr&gt;&lt;td style=&quot;vertical-align: top&quot;&gt;Bal\u00ed\u010dek osobn\u00edch tr\u00e9nink\u016f 9+1 ZDARMA!&lt;\/td&gt;&lt;td style=&quot;vertical-align: top&quot;&gt;6 190 K\u010d \/ 1 os.&lt;\/td&gt;&lt;\/tr&gt;&lt;tr&gt;&lt;td style=&quot;vertical-align: top&quot;&gt;Kompletn\u00ed spolupr\u00e1ce (tr\u00e9nink 2x\/3x t\u00fddn\u011b, j\u00eddeln\u00ed\u010dek, tr\u00e9ninkov\u00fd pl\u00e1n, suplementace, online podpora, t\u00fddenn\u00ed kontroly)&lt;!&#8211; [et_pb_line_break_holder] &#8211;&gt;&lt;\/td&gt;&lt;td style=&quot;vertical-align: top&quot;&gt;individu\u00e1ln\u011b dle domluvy&lt;!&#8211; [et_pb_line_break_holder] &#8211;&gt;&lt;!&#8211; [et_pb_line_break_holder] &#8211;&gt;&lt;\/td&gt;&lt;\/tr&gt;&lt;!&#8211; [et_pb_line_break_holder] &#8211;&gt;&lt;tr&gt;&lt;td style=&quot;vertical-align: top&quot;&gt;J\u00eddeln\u00ed\u010dek na m\u00edru&lt;\/td&gt;&lt;td style=&quot;vertical-align: top&quot;&gt;1 290 K\u010d&lt;\/td&gt;&lt;\/tr&gt;&lt;!&#8211; [et_pb_line_break_holder] &#8211;&gt;&lt;tr&gt;&lt;td style=&quot;vertical-align: top&quot;&gt;Tr\u00e9ninkov\u00fd pl\u00e1n na m\u00edru&lt;\/td&gt;&lt;td style=&quot;vertical-align: top&quot;&gt;1 290 K\u010d&lt;\/td&gt;&lt;\/tr&gt;&lt;tr&gt;&lt;td style=&quot;vertical-align: top&quot;&gt;Z\u00e1vodn\u00ed p\u0159\u00edprava&lt;\/td&gt;&lt;td style=&quot;vertical-align: top&quot;&gt;3500 K\u010d \/ m\u011bs\u00edc&lt;\/td&gt;&lt;\/tr&gt;&lt;tr&gt;&lt;td style=&quot;vertical-align: top&quot;&gt;Posing lekce&lt;\/td&gt;&lt;td style=&quot;vertical-align: top&quot;&gt;590 K\u010d&lt;\/td&gt;&lt;\/tr&gt;&lt;!&#8211; [et_pb_line_break_holder] &#8211;&gt;&lt;\/tbody&gt;&lt;\/table&gt;[\/et_pb_code][\/et_pb_column][\/et_pb_row][et_pb_row _builder_version=&#8220;3.0.91&#8243;][et_pb_column type=&#8220;4_4&#8243; _builder_version=&#8220;3.0.47&#8243; parallax=&#8220;off&#8220; parallax_method=&#8220;on&#8220;][et_pb_text background_layout=&#8220;dark&#8220; _builder_version=&#8220;3.0.91&#8243; text_font=&#8220;||||||||&#8220;]<\/p>\n<p><span style=\"text-decoration: underline;\"><strong>Kari\u00e9ra:<\/strong><\/span><\/p>\n<ul>\n<li>2025:  4.m\u00edsto na Mistrovstv\u00ed sv\u011bta PCA v kategorii Athletic Figure<br \/>\nV\u00edt\u011bzstv\u00ed titulu V\u00edcemistryn\u011b \u010cesk\u00e9 republiky PCA v kategorii Figure<br \/>\n1. m\u00edsto BFC Cup v kategorii Bodyfitness<\/li>\n<li>2024: Absolvov\u00e1n\u00ed Rise Academy v Amsterdamu<\/li>\n<li>2023: V\u00edt\u011bzstv\u00ed titulu V\u00edcemistryn\u011b \u010cesk\u00e9 republiky v Bikini Fitness<br \/>\nV\u00edt\u011bzstv\u00ed titulu Mistryn\u011b \u010cech v Bikini Fitness<br \/>\nAbsolvov\u00e1n\u00ed kurzu Silov\u00fd tr\u00e9nink \u017een od Fitness Institutu<br \/>\nAbsolvov\u00e1n\u00ed akreditovan\u00e9ho kurzu Osobn\u00ed tren\u00e9r ve fitness<\/li>\n<li>2016: Za\u010d\u00e1tek se silov\u00fdm tr\u00e9ninkem a fitness\n<\/li>\n<\/ul>\n<p>[\/et_pb_text][\/et_pb_column][\/et_pb_row][\/et_pb_section][et_pb_section fb_built=&#8220;1&#8243; _builder_version=&#8220;3.0.91&#8243;][et_pb_row use_custom_gutter=&#8220;on&#8220; gutter_width=&#8220;1&#8243; module_class_1=&#8220;col2&#8243; module_class_2=&#8220;col2&#8243; module_class_3=&#8220;col2&#8243; module_class_4=&#8220;col2&#8243; _builder_version=&#8220;3.0.91&#8243; global_module=&#8220;3021&#8243; saved_tabs=&#8220;all&#8220;][et_pb_column type=&#8220;1_4&#8243; _builder_version=&#8220;3.0.47&#8243; parallax=&#8220;off&#8220; parallax_method=&#8220;on&#8220; module_class=&#8220;col2&#8243;][et_pb_image src=&#8220;http:\/\/bodyflexfitness.cz\/pardubice\/wp-content\/uploads\/sites\/5\/2026\/01\/trener_PCE_kafkova.jpg&#8220; url=&#8220;http:\/\/bodyflexfitness.cz\/pardubice\/treneri\/anna-kafkova-dis\/&#8220; use_overlay=&#8220;on&#8220; overlay_icon_color=&#8220;#ffffff&#8220; hover_overlay_color=&#8220;rgba(139,13,9,0.5)&#8220; _builder_version=&#8220;3.0.91&#8243; background_color=&#8220;#000000&#8243;][\/et_pb_image][et_pb_text background_layout=&#8220;dark&#8220; module_class=&#8220;text2&#8243; _builder_version=&#8220;3.0.91&#8243; text_font=&#8220;|700||on|||||&#8220; text_font_size=&#8220;16px&#8220; header_font=&#8220;||||||||&#8220; background_color=&#8220;#2A2D31&#8243; text_orientation=&#8220;center&#8220; custom_padding=&#8220;20px||20px|&#8220;]<\/p>\n<p><a title=\"Anna Kafkov\u00e1, dis. osobn\u00ed tren\u00e9r\" href=\"http:\/\/bodyflexfitness.cz\/pardubice\/treneri\/anna-kafkova-dis\/\"><span style=\"color: #ffffff;\">Anna Kafkov\u00e1, dis.<\/span><\/a><\/p>\n<p>[\/et_pb_text][\/et_pb_column][et_pb_column type=&#8220;1_4&#8243; _builder_version=&#8220;3.0.47&#8243; parallax=&#8220;off&#8220; parallax_method=&#8220;on&#8220; module_class=&#8220;col2&#8243;][et_pb_image src=&#8220;http:\/\/bodyflexfitness.cz\/pardubice\/wp-content\/uploads\/sites\/5\/2026\/01\/trener_PCE_berouskova_PNG.png&#8220; url=&#8220;http:\/\/bodyflexfitness.cz\/pardubice\/treneri\/lenka-berouskova\/&#8220; use_overlay=&#8220;on&#8220; overlay_icon_color=&#8220;#ffffff&#8220; hover_overlay_color=&#8220;rgba(139,13,9,0.5)&#8220; _builder_version=&#8220;3.0.91&#8243; background_color=&#8220;#000000&#8243;][\/et_pb_image][et_pb_text background_layout=&#8220;dark&#8220; module_class=&#8220;text2&#8243; _builder_version=&#8220;3.0.91&#8243; text_font=&#8220;|700||on|||||&#8220; text_font_size=&#8220;16px&#8220; header_font=&#8220;||||||||&#8220; background_color=&#8220;#2A2D31&#8243; text_orientation=&#8220;center&#8220; custom_padding=&#8220;20px||20px|&#8220;]<\/p>\n<p><span style=\"color: #ffffff;\"><a style=\"color: #ffffff;\" href=\"http:\/\/bodyflexfitness.cz\/pardubice\/treneri\/lenka-berouskova\/\">Lenka Berouskov\u00e1<\/a><\/span><\/p>\n<p>[\/et_pb_text][\/et_pb_column][et_pb_column type=&#8220;1_4&#8243; _builder_version=&#8220;3.0.47&#8243; parallax=&#8220;off&#8220; parallax_method=&#8220;on&#8220; module_class=&#8220;col2&#8243;][et_pb_image src=&#8220;http:\/\/bodyflexfitness.cz\/pardubice\/wp-content\/uploads\/sites\/5\/2026\/01\/trener_PCE_pilarova.jpg&#8220; url=&#8220;http:\/\/bodyflexfitness.cz\/pardubice\/treneri\/nikola-pilarova\/&#8220; use_overlay=&#8220;on&#8220; overlay_icon_color=&#8220;#ffffff&#8220; hover_overlay_color=&#8220;rgba(139,13,9,0.5)&#8220; _builder_version=&#8220;3.0.91&#8243; background_color=&#8220;#000000&#8243;][\/et_pb_image][et_pb_text background_layout=&#8220;dark&#8220; module_class=&#8220;text2&#8243; _builder_version=&#8220;3.0.91&#8243; text_font=&#8220;|700||on|||||&#8220; text_font_size=&#8220;16px&#8220; header_font=&#8220;||||||||&#8220; background_color=&#8220;#2A2D31&#8243; text_orientation=&#8220;center&#8220; custom_padding=&#8220;20px||20px|&#8220;]<\/p>\n<p><a title=\"Nikola Pila\u0159ov\u00e1\" href=\"http:\/\/bodyflexfitness.cz\/pardubice\/treneri\/nikola-pilarova\/\"><span style=\"color: #ffffff;\">Nikola Pila\u0159ov\u00e1<\/span><\/a><\/p>\n<p>[\/et_pb_text][\/et_pb_column][et_pb_column type=&#8220;1_4&#8243; _builder_version=&#8220;3.0.47&#8243; parallax=&#8220;off&#8220; parallax_method=&#8220;on&#8220; module_class=&#8220;col2&#8243;][et_pb_image src=&#8220;http:\/\/bodyflexfitness.cz\/pardubice\/wp-content\/uploads\/sites\/5\/2026\/03\/trener_matucha.jpg&#8220; url=&#8220;http:\/\/bodyflexfitness.cz\/pardubice\/treneri\/matej-matucha\/&#8220; use_overlay=&#8220;on&#8220; overlay_icon_color=&#8220;#ffffff&#8220; hover_overlay_color=&#8220;rgba(139,13,9,0.5)&#8220; _builder_version=&#8220;3.0.91&#8243; background_color=&#8220;#000000&#8243;][\/et_pb_image][et_pb_text background_layout=&#8220;dark&#8220; module_class=&#8220;text2&#8243; _builder_version=&#8220;3.0.91&#8243; text_font=&#8220;|700||on|||||&#8220; text_font_size=&#8220;16px&#8220; header_font=&#8220;||||||||&#8220; background_color=&#8220;#2A2D31&#8243; text_orientation=&#8220;center&#8220; custom_padding=&#8220;20px||20px|&#8220;]<\/p>\n<p><a href=\"http:\/\/bodyflexfitness.cz\/pardubice\/treneri\/matej-matucha\/\"><span style=\"color: #ffffff;\">Mat\u011bj Matucha<\/span><\/a><\/p>\n<p>[\/et_pb_text][\/et_pb_column][\/et_pb_row][\/et_pb_section]<\/p>\n","protected":false},"excerpt":{"rendered":"<p>[et_pb_section fb_built=&#8220;1&#8243; background_color=&#8220;rgba(0,0,0,0.7)&#8220; _builder_version=&#8220;3.0.91&#8243; background_image=&#8220;http:\/\/bodyflexfitness.cz\/pardubice\/wp-content\/uploads\/sites\/5\/2018\/01\/main-page.jpg&#8220; background_blend=&#8220;overlay&#8220;][et_pb_row custom_width_percent=&#8220;50%&#8220; _builder_version=&#8220;3.0.91&#8243; background_size=&#8220;initial&#8220; background_position=&#8220;top_left&#8220; background_repeat=&#8220;repeat&#8220; make_fullwidth=&#8220;on&#8220;][et_pb_column type=&#8220;4_4&#8243; _builder_version=&#8220;3.0.47&#8243; parallax=&#8220;off&#8220; parallax_method=&#8220;on&#8220;][et_pb_text background_layout=&#8220;dark&#8220; _builder_version=&#8220;3.0.91&#8243; text_font=&#8220;|||on|||||&#8220; header_font=&#8220;||||||||&#8220; header_font_size=&#8220;42px&#8220; header_font_size_phone=&#8220;24px&#8220; header_font_size_last_edited=&#8220;on|phone&#8220; text_orientation=&#8220;center&#8220;] Nikola\u00a0Pila\u0159ov\u00e1 [\/et_pb_text][et_pb_text background_layout=&#8220;dark&#8220; _builder_version=&#8220;3.0.91&#8243; text_font=&#8220;||||||||&#8220; text_font_size=&#8220;16px&#8220; text_orientation=&#8220;center&#8220;]V tr\u00e9ninku kladu d\u016fraz na techniku a progresivn\u00ed p\u0159et\u00ed\u017een\u00ed. T\u011b\u017ek\u00e9 v\u00e1hy nejsou probl\u00e9m \u2013 \u0161patn\u00e1 technika ano.[\/et_pb_text][\/et_pb_column][\/et_pb_row][\/et_pb_section][et_pb_section fb_built=&#8220;1&#8243; background_color=&#8220;#8b0d09&#8243; _builder_version=&#8220;3.0.89&#8243; custom_padding=&#8220;0px|0px|0px|0px&#8220;][et_pb_row make_fullwidth=&#8220;on&#8220; _builder_version=&#8220;3.0.91&#8243;][et_pb_column type=&#8220;1_3&#8243; _builder_version=&#8220;3.0.47&#8243; [&hellip;]<\/p>\n","protected":false},"author":2,"featured_media":0,"parent":114,"menu_order":0,"comment_status":"closed","ping_status":"closed","template":"","meta":{"footnotes":""},"class_list":["post-2858","page","type-page","status-publish","hentry"],"_links":{"self":[{"href":"https:\/\/bodyflexfitness.cz\/pardubice\/wp-json\/wp\/v2\/pages\/2858","targetHints":{"allow":["GET"]}}],"collection":[{"href":"https:\/\/bodyflexfitness.cz\/pardubice\/wp-json\/wp\/v2\/pages"}],"about":[{"href":"https:\/\/bodyflexfitness.cz\/pardubice\/wp-json\/wp\/v2\/types\/page"}],"author":[{"embeddable":true,"href":"https:\/\/bodyflexfitness.cz\/pardubice\/wp-json\/wp\/v2\/users\/2"}],"replies":[{"embeddable":true,"href":"https:\/\/bodyflexfitness.cz\/pardubice\/wp-json\/wp\/v2\/comments?post=2858"}],"version-history":[{"count":11,"href":"https:\/\/bodyflexfitness.cz\/pardubice\/wp-json\/wp\/v2\/pages\/2858\/revisions"}],"predecessor-version":[{"id":3034,"href":"https:\/\/bodyflexfitness.cz\/pardubice\/wp-json\/wp\/v2\/pages\/2858\/revisions\/3034"}],"up":[{"embeddable":true,"href":"https:\/\/bodyflexfitness.cz\/pardubice\/wp-json\/wp\/v2\/pages\/114"}],"wp:attachment":[{"href":"https:\/\/bodyflexfitness.cz\/pardubice\/wp-json\/wp\/v2\/media?parent=2858"}],"curies":[{"name":"wp","href":"https:\/\/api.w.org\/{rel}","templated":true}]}}