{"id":2466,"date":"2023-11-06T20:59:50","date_gmt":"2023-11-06T19:59:50","guid":{"rendered":"https:\/\/bodyflexfitness.cz\/pardubice\/?page_id=2466"},"modified":"2026-04-09T16:31:14","modified_gmt":"2026-04-09T14:31:14","slug":"anna-kafkova-dis","status":"publish","type":"page","link":"https:\/\/bodyflexfitness.cz\/pardubice\/treneri\/anna-kafkova-dis\/","title":{"rendered":"Anna Kafkov\u00e1, dis."},"content":{"rendered":"<p>[et_pb_section fb_built=&#8220;1&#8243; background_color=&#8220;rgba(0,0,0,0.7)&#8220; _builder_version=&#8220;3.0.91&#8243; background_image=&#8220;http:\/\/bodyflexfitness.cz\/pardubice\/wp-content\/uploads\/sites\/5\/2018\/01\/main-page.jpg&#8220; background_blend=&#8220;overlay&#8220;][et_pb_row make_fullwidth=&#8220;on&#8220; _builder_version=&#8220;3.0.91&#8243; background_size=&#8220;initial&#8220; background_position=&#8220;top_left&#8220; background_repeat=&#8220;repeat&#8220;][et_pb_column type=&#8220;4_4&#8243; _builder_version=&#8220;3.0.47&#8243; parallax=&#8220;off&#8220; parallax_method=&#8220;on&#8220;][et_pb_text background_layout=&#8220;dark&#8220; _builder_version=&#8220;3.0.91&#8243; text_font=&#8220;|||on|||||&#8220; header_font=&#8220;||||||||&#8220; header_font_size=&#8220;42px&#8220; header_font_size_phone=&#8220;24px&#8220; header_font_size_last_edited=&#8220;on|phone&#8220; text_orientation=&#8220;center&#8220;]<\/p>\n<h1>anna<strong><span style=\"color: #8b0d09;\">\u00a0Kafkov\u00e1, dis.<\/span><\/strong><\/h1>\n<p>[\/et_pb_text][et_pb_text background_layout=&#8220;dark&#8220; _builder_version=&#8220;3.0.91&#8243; text_font=&#8220;||||||||&#8220; text_font_size=&#8220;16px&#8220; text_orientation=&#8220;center&#8220;]Cvi\u010den\u00ed m\u00e1 bavit, fungovat a b\u00fdt dlouhodob\u011b udr\u017eiteln\u00e9 \u2013 a p\u0159esn\u011b tak to spolu nastav\u00edme.<br \/>\n[\/et_pb_text][\/et_pb_column][\/et_pb_row][\/et_pb_section][et_pb_section fb_built=&#8220;1&#8243; background_color=&#8220;#8b0d09&#8243; _builder_version=&#8220;3.0.89&#8243; custom_padding=&#8220;0px|0px|0px|0px&#8220;][et_pb_row make_fullwidth=&#8220;on&#8220; _builder_version=&#8220;3.0.91&#8243;][et_pb_column type=&#8220;1_2&#8243; _builder_version=&#8220;3.0.47&#8243; parallax=&#8220;off&#8220; parallax_method=&#8220;on&#8220;][et_pb_blurb title=&#8220;+420 605 358 314&#8243; url=&#8220;tel:+420605358314&#8243; use_icon=&#8220;on&#8220; font_icon=&#8220;%%264%%&#8220; icon_color=&#8220;#ffffff&#8220; icon_placement=&#8220;left&#8220; background_layout=&#8220;dark&#8220; use_icon_font_size=&#8220;on&#8220; icon_font_size=&#8220;24px&#8220; _builder_version=&#8220;3.0.91&#8243;][\/et_pb_blurb][\/et_pb_column][et_pb_column type=&#8220;1_2&#8243; _builder_version=&#8220;3.0.47&#8243; parallax=&#8220;off&#8220; parallax_method=&#8220;on&#8220;][et_pb_blurb title=&#8220;anna._kafkova&#8220; url=&#8220;https:\/\/www.instagram.com\/anna._kafkova&#8220; url_new_window=&#8220;on&#8220; use_icon=&#8220;on&#8220; font_icon=&#8220;%%298%%&#8220; icon_color=&#8220;#ffffff&#8220; icon_placement=&#8220;left&#8220; background_layout=&#8220;dark&#8220; use_icon_font_size=&#8220;on&#8220; icon_font_size=&#8220;24px&#8220; _builder_version=&#8220;3.0.91&#8243; locked=&#8220;off&#8220;][\/et_pb_blurb][\/et_pb_column][\/et_pb_row][\/et_pb_section][et_pb_section fb_built=&#8220;1&#8243; background_color=&#8220;#292a2e&#8220; _builder_version=&#8220;3.0.91&#8243;][et_pb_row _builder_version=&#8220;3.0.47&#8243; background_size=&#8220;initial&#8220; background_position=&#8220;top_left&#8220; background_repeat=&#8220;repeat&#8220;][et_pb_column type=&#8220;1_4&#8243; _builder_version=&#8220;3.0.47&#8243; parallax=&#8220;off&#8220; parallax_method=&#8220;on&#8220;][et_pb_image src=&#8220;http:\/\/bodyflexfitness.cz\/pardubice\/wp-content\/uploads\/sites\/5\/2026\/01\/trener_PCE_kafkova_PNG.png&#8220; _builder_version=&#8220;3.0.91&#8243;][\/et_pb_image][\/et_pb_column][et_pb_column type=&#8220;3_4&#8243; _builder_version=&#8220;3.0.47&#8243; parallax=&#8220;off&#8220; parallax_method=&#8220;on&#8220;][et_pb_text background_layout=&#8220;dark&#8220; _builder_version=&#8220;3.0.91&#8243; text_font=&#8220;||||||||&#8220;]<\/p>\n<p>Pohyb je moji p\u0159irozenou sou\u010d\u00e1st\u00ed cel\u00fd \u017eivot. Profesion\u00e1ln\u011b tan\u010d\u00edm, silov\u00e9mu tr\u00e9ninku se v\u011bnuji p\u0159es 10 let a pravideln\u011b z\u00e1vod\u00edm ve wellness fitness. Technika je pro m\u011b z\u00e1klad, stejn\u011b jako funk\u010dn\u00ed pos\u00edlen\u00ed cel\u00e9ho t\u011bla a formov\u00e1n\u00ed postavy v jak\u00e9mkoliv v\u011bku &#8211; bez extr\u00e9m\u016f, zbyte\u010dn\u00e9ho tr\u00e1pen\u00ed a \u201ez\u00e1zra\u010dn\u00fdch\u201c \u0159e\u0161en\u00ed.<\/p>\n<p>Ke ka\u017ed\u00e9mu p\u0159istupuji individu\u00e1ln\u011b, lidsky a s respektem. R\u00e1da Ti pom\u016f\u017eu nejen s tr\u00e9ninkem, ale i se z\u00e1klady stravov\u00e1n\u00ed, aby v\u0161echno d\u00e1valo smysl i mimo fitko.<\/p>\n<p>Cvi\u010den\u00ed m\u00e1 bavit, fungovat a b\u00fdt dlouhodob\u011b udr\u017eiteln\u00e9 \u2013 a p\u0159esn\u011b tak to spolu nastav\u00edme.<\/p>\n<p>[\/et_pb_text][\/et_pb_column][\/et_pb_row][et_pb_row _builder_version=&#8220;3.0.91&#8243;][et_pb_column type=&#8220;4_4&#8243; _builder_version=&#8220;3.0.47&#8243; parallax=&#8220;off&#8220; parallax_method=&#8220;on&#8220;][et_pb_code _builder_version=&#8220;3.0.91&#8243; filter_brightness=&#8220;200%&#8220; filter_contrast=&#8220;200%&#8220;]&lt;table&gt;&lt;tbody&gt;&lt;tr&gt;&lt;td style=&quot;vertical-align: top&quot;&gt;Jednor\u00e1zov\u00fd tr\u00e9nink&lt;\/td&gt;&lt;td style=&quot;vertical-align: top&quot;&gt;700 K\u010d \/ 1 os.&lt;\/td&gt;&lt;td style=&quot;vertical-align: top&quot;&gt;1 100 K\u010d \/ 2 os.&lt;\/td&gt;&lt;\/tr&gt;&lt;tr&gt;&lt;td style=&quot;vertical-align: top&quot;&gt;10x osobn\u00ed tr\u00e9nink&lt;\/td&gt;&lt;td style=&quot;vertical-align: top&quot;&gt;6 700 K\u010d \/ 1 os.&lt;\/td&gt;&lt;td style=&quot;vertical-align: top&quot;&gt;10 700 K\u010d \/ 2 os.&lt;\/td&gt;&lt;\/tr&gt;&lt;!&#8211; [et_pb_line_break_holder] &#8211;&gt;&lt;tr&gt;&lt;td style=&quot;vertical-align: top&quot;&gt;Tr\u00e9ninkov\u00fd pl\u00e1n&lt;\/td&gt;&lt;td style=&quot;vertical-align: top&quot;&gt;1 400 K\u010d \/ 1 os.&lt;\/td&gt;&lt;td style=&quot;vertical-align: top&quot;&gt;&lt;\/td&gt;&lt;\/tr&gt;&lt;!&#8211; [et_pb_line_break_holder] &#8211;&gt;&lt;tr&gt;&lt;td style=&quot;vertical-align: top&quot;&gt;Stravovac\u00ed pl\u00e1n&lt;\/td&gt;&lt;td style=&quot;vertical-align: top&quot;&gt;1 500 K\u010d \/ 1 os.&lt;\/td&gt;&lt;td style=&quot;vertical-align: top&quot;&gt;&lt;\/td&gt;&lt;\/tr&gt;&lt;!&#8211; [et_pb_line_break_holder] &#8211;&gt;&lt;tr&gt;&lt;td style=&quot;vertical-align: top&quot;&gt;E-book s fitness dezerty na m\u00edru&lt;\/td&gt;&lt;td style=&quot;vertical-align: top&quot;&gt;(z\u00e1vodn\u00edci, alergie, cukrovka\u2026) &lt;\/td&gt;&lt;td style=&quot;vertical-align: top&quot;&gt;1 500 K\u010d&lt;\/td&gt;&lt;\/tr&gt;&lt;!&#8211; [et_pb_line_break_holder] &#8211;&gt;&lt;tr&gt;&lt;td style=&quot;vertical-align: top&quot;&gt;M\u011bs\u00ed\u010dn\u00ed spolupr\u00e1ce dle domluvy&lt;\/td&gt;&lt;td style=&quot;vertical-align: top&quot;&gt;&lt;\/td&gt;&lt;td style=&quot;vertical-align: top&quot;&lt;\/td&gt;&lt;\/tr&gt;&lt;!&#8211; [et_pb_line_break_holder] &#8211;&gt;&lt;\/tbody&gt;&lt;\/table&gt;[\/et_pb_code][\/et_pb_column][\/et_pb_row][et_pb_row _builder_version=&#8220;3.0.91&#8243;][et_pb_column type=&#8220;4_4&#8243; _builder_version=&#8220;3.0.47&#8243; parallax=&#8220;off&#8220; parallax_method=&#8220;on&#8220;][et_pb_text background_layout=&#8220;dark&#8220; _builder_version=&#8220;3.0.91&#8243; text_font=&#8220;||||||||&#8220;]<\/p>\n<p><span style=\"text-decoration: underline;\"><strong>PRAXE \/ VZD\u011aL\u00c1N\u00cd:<\/strong><\/span><\/p>\n<ul>\n<li>Diplomovany specialista se zam\u011b\u0159en\u00edm na metodiku v\u00fduky pohybu, pos\u00edlen\u00ed st\u0159edu t\u011bla a stre\u010dinku <\/li>\n<li>10let praxe silov\u00e9ho cvi\u010den\u00ed<\/li>\n<li>z\u00e1vod\u011bn\u00ed ve fitness<\/li>\n<li>kurz j\u00f3gy a funk\u010dn\u00edho cvi\u010den\u00ed<\/li>\n<\/ul>\n<p>[\/et_pb_text][\/et_pb_column][\/et_pb_row][\/et_pb_section][et_pb_section fb_built=&#8220;1&#8243; _builder_version=&#8220;3.0.91&#8243;][et_pb_row use_custom_gutter=&#8220;on&#8220; gutter_width=&#8220;1&#8243; module_class_1=&#8220;col2&#8243; module_class_2=&#8220;col2&#8243; module_class_3=&#8220;col2&#8243; module_class_4=&#8220;col2&#8243; _builder_version=&#8220;3.0.91&#8243; global_module=&#8220;3021&#8243; saved_tabs=&#8220;all&#8220;][et_pb_column type=&#8220;1_4&#8243; _builder_version=&#8220;3.0.47&#8243; parallax=&#8220;off&#8220; parallax_method=&#8220;on&#8220; module_class=&#8220;col2&#8243;][et_pb_image src=&#8220;http:\/\/bodyflexfitness.cz\/pardubice\/wp-content\/uploads\/sites\/5\/2026\/01\/trener_PCE_kafkova.jpg&#8220; url=&#8220;http:\/\/bodyflexfitness.cz\/pardubice\/treneri\/anna-kafkova-dis\/&#8220; use_overlay=&#8220;on&#8220; overlay_icon_color=&#8220;#ffffff&#8220; hover_overlay_color=&#8220;rgba(139,13,9,0.5)&#8220; _builder_version=&#8220;3.0.91&#8243; background_color=&#8220;#000000&#8243;][\/et_pb_image][et_pb_text background_layout=&#8220;dark&#8220; module_class=&#8220;text2&#8243; _builder_version=&#8220;3.0.91&#8243; text_font=&#8220;|700||on|||||&#8220; text_font_size=&#8220;16px&#8220; header_font=&#8220;||||||||&#8220; background_color=&#8220;#2A2D31&#8243; text_orientation=&#8220;center&#8220; custom_padding=&#8220;20px||20px|&#8220;]<\/p>\n<p><a title=\"Anna Kafkov\u00e1, dis. osobn\u00ed tren\u00e9r\" href=\"http:\/\/bodyflexfitness.cz\/pardubice\/treneri\/anna-kafkova-dis\/\"><span style=\"color: #ffffff;\">Anna Kafkov\u00e1, dis.<\/span><\/a><\/p>\n<p>[\/et_pb_text][et_pb_image src=&#8220;http:\/\/bodyflexfitness.cz\/pardubice\/wp-content\/uploads\/sites\/5\/2026\/03\/trener_cerny.jpg&#8220; url=&#8220;http:\/\/bodyflexfitness.cz\/pardubice\/treneri\/vit-cerny\/&#8220; use_overlay=&#8220;on&#8220; overlay_icon_color=&#8220;#ffffff&#8220; hover_overlay_color=&#8220;rgba(139,13,9,0.5)&#8220; _builder_version=&#8220;3.0.91&#8243; background_color=&#8220;#000000&#8243;][\/et_pb_image][et_pb_text background_layout=&#8220;dark&#8220; module_class=&#8220;text2&#8243; _builder_version=&#8220;3.0.91&#8243; text_font=&#8220;|700||on|||||&#8220; text_font_size=&#8220;16px&#8220; header_font=&#8220;||||||||&#8220; background_color=&#8220;#2A2D31&#8243; text_orientation=&#8220;center&#8220; custom_padding=&#8220;20px||20px|&#8220;]<\/p>\n<p><a href=\"http:\/\/bodyflexfitness.cz\/pardubice\/treneri\/vit-cerny\/\"><span style=\"color: #ffffff;\">V\u00edt \u010cern\u00fd<\/span><\/a><\/p>\n<p>[\/et_pb_text][\/et_pb_column][et_pb_column type=&#8220;1_4&#8243; _builder_version=&#8220;3.0.47&#8243; parallax=&#8220;off&#8220; parallax_method=&#8220;on&#8220; module_class=&#8220;col2&#8243;][et_pb_image src=&#8220;http:\/\/bodyflexfitness.cz\/pardubice\/wp-content\/uploads\/sites\/5\/2026\/01\/trener_PCE_berouskova_PNG.png&#8220; url=&#8220;http:\/\/bodyflexfitness.cz\/pardubice\/treneri\/lenka-berouskova\/&#8220; use_overlay=&#8220;on&#8220; overlay_icon_color=&#8220;#ffffff&#8220; hover_overlay_color=&#8220;rgba(139,13,9,0.5)&#8220; _builder_version=&#8220;3.0.91&#8243; background_color=&#8220;#000000&#8243;][\/et_pb_image][et_pb_text background_layout=&#8220;dark&#8220; module_class=&#8220;text2&#8243; _builder_version=&#8220;3.0.91&#8243; text_font=&#8220;|700||on|||||&#8220; text_font_size=&#8220;16px&#8220; header_font=&#8220;||||||||&#8220; background_color=&#8220;#2A2D31&#8243; text_orientation=&#8220;center&#8220; custom_padding=&#8220;20px||20px|&#8220;]<\/p>\n<p><span style=\"color: #ffffff;\"><a style=\"color: #ffffff;\" href=\"http:\/\/bodyflexfitness.cz\/pardubice\/treneri\/lenka-berouskova\/\">Lenka Berouskov\u00e1<\/a><\/span><\/p>\n<p>[\/et_pb_text][\/et_pb_column][et_pb_column type=&#8220;1_4&#8243; _builder_version=&#8220;3.0.47&#8243; parallax=&#8220;off&#8220; parallax_method=&#8220;on&#8220; module_class=&#8220;col2&#8243;][et_pb_image src=&#8220;http:\/\/bodyflexfitness.cz\/pardubice\/wp-content\/uploads\/sites\/5\/2026\/01\/trener_PCE_pilarova.jpg&#8220; url=&#8220;http:\/\/bodyflexfitness.cz\/pardubice\/treneri\/nikola-pilarova\/&#8220; use_overlay=&#8220;on&#8220; overlay_icon_color=&#8220;#ffffff&#8220; hover_overlay_color=&#8220;rgba(139,13,9,0.5)&#8220; _builder_version=&#8220;3.0.91&#8243; background_color=&#8220;#000000&#8243;][\/et_pb_image][et_pb_text background_layout=&#8220;dark&#8220; module_class=&#8220;text2&#8243; _builder_version=&#8220;3.0.91&#8243; text_font=&#8220;|700||on|||||&#8220; text_font_size=&#8220;16px&#8220; header_font=&#8220;||||||||&#8220; background_color=&#8220;#2A2D31&#8243; text_orientation=&#8220;center&#8220; custom_padding=&#8220;20px||20px|&#8220;]<\/p>\n<p><a title=\"Nikola Pila\u0159ov\u00e1\" href=\"http:\/\/bodyflexfitness.cz\/pardubice\/treneri\/nikola-pilarova\/\"><span style=\"color: #ffffff;\">Nikola Pila\u0159ov\u00e1<\/span><\/a><\/p>\n<p>[\/et_pb_text][\/et_pb_column][et_pb_column type=&#8220;1_4&#8243; _builder_version=&#8220;3.0.47&#8243; parallax=&#8220;off&#8220; parallax_method=&#8220;on&#8220; module_class=&#8220;col2&#8243;][et_pb_image src=&#8220;http:\/\/bodyflexfitness.cz\/pardubice\/wp-content\/uploads\/sites\/5\/2026\/03\/trener_matucha.jpg&#8220; url=&#8220;http:\/\/bodyflexfitness.cz\/pardubice\/treneri\/matej-matucha\/&#8220; use_overlay=&#8220;on&#8220; overlay_icon_color=&#8220;#ffffff&#8220; hover_overlay_color=&#8220;rgba(139,13,9,0.5)&#8220; _builder_version=&#8220;3.0.91&#8243; background_color=&#8220;#000000&#8243;][\/et_pb_image][et_pb_text background_layout=&#8220;dark&#8220; module_class=&#8220;text2&#8243; _builder_version=&#8220;3.0.91&#8243; text_font=&#8220;|700||on|||||&#8220; text_font_size=&#8220;16px&#8220; header_font=&#8220;||||||||&#8220; background_color=&#8220;#2A2D31&#8243; text_orientation=&#8220;center&#8220; custom_padding=&#8220;20px||20px|&#8220;]<\/p>\n<p><a href=\"http:\/\/bodyflexfitness.cz\/pardubice\/treneri\/matej-matucha\/\"><span style=\"color: #ffffff;\">Mat\u011bj Matucha<\/span><\/a><\/p>\n<p>[\/et_pb_text][\/et_pb_column][\/et_pb_row][\/et_pb_section]<\/p>\n","protected":false},"excerpt":{"rendered":"<p>[et_pb_section fb_built=&#8220;1&#8243; background_color=&#8220;rgba(0,0,0,0.7)&#8220; _builder_version=&#8220;3.0.91&#8243; background_image=&#8220;http:\/\/bodyflexfitness.cz\/pardubice\/wp-content\/uploads\/sites\/5\/2018\/01\/main-page.jpg&#8220; background_blend=&#8220;overlay&#8220;][et_pb_row make_fullwidth=&#8220;on&#8220; _builder_version=&#8220;3.0.91&#8243; background_size=&#8220;initial&#8220; background_position=&#8220;top_left&#8220; background_repeat=&#8220;repeat&#8220;][et_pb_column type=&#8220;4_4&#8243; _builder_version=&#8220;3.0.47&#8243; parallax=&#8220;off&#8220; parallax_method=&#8220;on&#8220;][et_pb_text background_layout=&#8220;dark&#8220; _builder_version=&#8220;3.0.91&#8243; text_font=&#8220;|||on|||||&#8220; header_font=&#8220;||||||||&#8220; header_font_size=&#8220;42px&#8220; header_font_size_phone=&#8220;24px&#8220; header_font_size_last_edited=&#8220;on|phone&#8220; text_orientation=&#8220;center&#8220;] anna\u00a0Kafkov\u00e1, dis. [\/et_pb_text][et_pb_text background_layout=&#8220;dark&#8220; _builder_version=&#8220;3.0.91&#8243; text_font=&#8220;||||||||&#8220; text_font_size=&#8220;16px&#8220; text_orientation=&#8220;center&#8220;]Cvi\u010den\u00ed m\u00e1 bavit, fungovat a b\u00fdt dlouhodob\u011b udr\u017eiteln\u00e9 \u2013 a p\u0159esn\u011b tak to spolu nastav\u00edme. [\/et_pb_text][\/et_pb_column][\/et_pb_row][\/et_pb_section][et_pb_section fb_built=&#8220;1&#8243; background_color=&#8220;#8b0d09&#8243; _builder_version=&#8220;3.0.89&#8243; custom_padding=&#8220;0px|0px|0px|0px&#8220;][et_pb_row make_fullwidth=&#8220;on&#8220; _builder_version=&#8220;3.0.91&#8243;][et_pb_column type=&#8220;1_2&#8243; _builder_version=&#8220;3.0.47&#8243; parallax=&#8220;off&#8220; [&hellip;]<\/p>\n","protected":false},"author":2,"featured_media":0,"parent":114,"menu_order":0,"comment_status":"closed","ping_status":"closed","template":"","meta":{"footnotes":""},"class_list":["post-2466","page","type-page","status-publish","hentry"],"_links":{"self":[{"href":"https:\/\/bodyflexfitness.cz\/pardubice\/wp-json\/wp\/v2\/pages\/2466","targetHints":{"allow":["GET"]}}],"collection":[{"href":"https:\/\/bodyflexfitness.cz\/pardubice\/wp-json\/wp\/v2\/pages"}],"about":[{"href":"https:\/\/bodyflexfitness.cz\/pardubice\/wp-json\/wp\/v2\/types\/page"}],"author":[{"embeddable":true,"href":"https:\/\/bodyflexfitness.cz\/pardubice\/wp-json\/wp\/v2\/users\/2"}],"replies":[{"embeddable":true,"href":"https:\/\/bodyflexfitness.cz\/pardubice\/wp-json\/wp\/v2\/comments?post=2466"}],"version-history":[{"count":20,"href":"https:\/\/bodyflexfitness.cz\/pardubice\/wp-json\/wp\/v2\/pages\/2466\/revisions"}],"predecessor-version":[{"id":3091,"href":"https:\/\/bodyflexfitness.cz\/pardubice\/wp-json\/wp\/v2\/pages\/2466\/revisions\/3091"}],"up":[{"embeddable":true,"href":"https:\/\/bodyflexfitness.cz\/pardubice\/wp-json\/wp\/v2\/pages\/114"}],"wp:attachment":[{"href":"https:\/\/bodyflexfitness.cz\/pardubice\/wp-json\/wp\/v2\/media?parent=2466"}],"curies":[{"name":"wp","href":"https:\/\/api.w.org\/{rel}","templated":true}]}}