{"id":115,"date":"2017-11-28T16:49:54","date_gmt":"2017-11-28T15:49:54","guid":{"rendered":"https:\/\/bodivi.toretthemes.com\/?page_id=109"},"modified":"2026-01-30T19:56:51","modified_gmt":"2026-01-30T18:56:51","slug":"o-nas","status":"publish","type":"page","link":"https:\/\/bodyflexfitness.cz\/pardubice\/o-nas\/","title":{"rendered":"O n\u00e1s"},"content":{"rendered":"<p>[et_pb_section fb_built=&#8220;1&#8243; background_color=&#8220;rgba(0,0,0,0.7)&#8220; _builder_version=&#8220;3.0.91&#8243; background_image=&#8220;http:\/\/bodyflexfitness.cz\/pardubice\/wp-content\/uploads\/sites\/5\/2026\/01\/IMG_1130.jpg&#8220; background_blend=&#8220;overlay&#8220;][et_pb_row use_custom_width=&#8220;on&#8220; width_unit=&#8220;off&#8220; custom_width_percent=&#8220;50%&#8220; _builder_version=&#8220;3.0.89&#8243; background_size=&#8220;initial&#8220; background_position=&#8220;top_left&#8220; background_repeat=&#8220;repeat&#8220;][et_pb_column type=&#8220;4_4&#8243; _builder_version=&#8220;3.0.47&#8243; parallax=&#8220;off&#8220; parallax_method=&#8220;on&#8220;][et_pb_text background_layout=&#8220;dark&#8220; _builder_version=&#8220;3.0.91&#8243; text_font=&#8220;|||on|||||&#8220; header_font=&#8220;||||||||&#8220; header_font_size=&#8220;42px&#8220; header_font_size_phone=&#8220;24px&#8220; header_font_size_last_edited=&#8220;on|phone&#8220; text_orientation=&#8220;center&#8220;]<\/p>\n<h1>O<strong><span style=\"color: #8b0d09;\"> N\u00e1s<\/span><\/strong><\/h1>\n<p>[\/et_pb_text][et_pb_text background_layout=&#8220;dark&#8220; _builder_version=&#8220;3.0.91&#8243; text_font=&#8220;||||||||&#8220; text_font_size=&#8220;16px&#8220; text_orientation=&#8220;center&#8220;]<\/p>\n<p>BODYFLEX Fitness je nejmodern\u011bj\u0161\u00ed fitness centrum v Pardubic\u00edch, kter\u00e9 spl\u0148uje po\u017eadavky i t\u011bch nejn\u00e1ro\u010dn\u011bj\u0161\u00edch a vyhovuje za\u010d\u00e1te\u010dn\u00edk\u016fm i zku\u0161en\u00fdm sportovc\u016fm.<\/p>\n<p>[\/et_pb_text][\/et_pb_column][\/et_pb_row][\/et_pb_section][et_pb_section fb_built=&#8220;1&#8243; background_color=&#8220;#8b0d09&#8243; _builder_version=&#8220;3.0.89&#8243; custom_padding=&#8220;0px|0px|0px|0px&#8220;][et_pb_row _builder_version=&#8220;3.0.89&#8243;][et_pb_column type=&#8220;4_4&#8243; _builder_version=&#8220;3.0.47&#8243; parallax=&#8220;off&#8220; parallax_method=&#8220;on&#8220;][et_pb_text background_layout=&#8220;dark&#8220; _builder_version=&#8220;3.0.98&#8243; text_font=&#8220;|||on|||||&#8220; text_font_size=&#8220;18px&#8220; text_orientation=&#8220;center&#8220;][\/et_pb_text][\/et_pb_column][\/et_pb_row][\/et_pb_section][et_pb_section fb_built=&#8220;1&#8243; background_color=&#8220;#292a2e&#8220; _builder_version=&#8220;3.0.89&#8243;][et_pb_row _builder_version=&#8220;3.0.89&#8243;][et_pb_column type=&#8220;2_3&#8243; _builder_version=&#8220;3.0.47&#8243; parallax=&#8220;off&#8220; parallax_method=&#8220;on&#8220;][et_pb_text background_layout=&#8220;dark&#8220; _builder_version=&#8220;3.0.91&#8243; text_font=&#8220;||||||||&#8220; locked=&#8220;off&#8220;]<\/p>\n<p>BODYFLEX Fitness je nejmodern\u011bj\u0161\u00ed fitness centrum v Pardubic\u00edch, kter\u00e9 spl\u0148uje po\u017eadavky i t\u011bch nejn\u00e1ro\u010dn\u011bj\u0161\u00edch a vyhovuje za\u010d\u00e1te\u010dn\u00edk\u016fm i zku\u0161en\u00fdm sportovc\u016fm.<\/p>\n<p>V\u0161echny stroje zna\u010dek Arsenal Strength, Life Fitness a Hammer Strength jsou dovezen\u00e9 z USA a na trhu nenajdete kvalitn\u011bj\u0161\u00ed vybaven\u00ed. Va\u0161e cvi\u010den\u00ed dostane nov\u00fd rozm\u011br d\u00edky unik\u00e1tn\u00ed ergonomii a iso-later\u00e1ln\u00edm pohyb\u016fm, kter\u00e9 tyto zna\u010dky charakterizuj\u00ed. Dal\u0161\u00ed vybaven\u00ed od zna\u010dek, Stairmaster, ATX.<\/p>\n<p>Kardio z\u00f3na poskytuje ve\u0161ker\u00e9 vybaven\u00ed od b\u011bhac\u00edch p\u00e1s\u016f a\u017e po eliptick\u00e9 trena\u017eery. Va\u0161e cvi\u010den\u00ed bude z\u00e1bavn\u011bj\u0161\u00ed, ne\u017e kdykoliv jindy.<\/p>\n<p>Vy\u0161kolen\u00fd person\u00e1l porad\u00ed ka\u017ed\u00e9mu, jak spr\u00e1vn\u011b za\u010d\u00edt a dos\u00e1hnout sv\u00e9ho c\u00edle. M\u00e1me bohat\u00e9 zku\u0161enosti v oboru, tak se nesty\u010fte se zeptat. Jsme tu pro V\u00e1s.<\/p>\n<p>Pro ty n\u00e1ro\u010dn\u011bj\u0161\u00ed jsou k dispozici na\u0161i <a href=\"http:\/\/bodyflexfitness.cz\/hradeckralove\/treneri\/\">osobn\u00ed tren\u00e9\u0159i<\/a> a v\u00fd\u017eivov\u00ed specialist\u00e9.<\/p>\n<p>B\u011bhem i po tr\u00e9ninku je V\u00e1m k dispozici BAR a kav\u00e1rna s kompletn\u00ed nab\u00eddkou kvalitn\u00ed k\u00e1vy, drink\u016f a dopl\u0148k\u016f v\u00fd\u017eivy.<\/p>\n<ul>\n<li><a href=\"https:\/\/www.bodyflexnutrition.cz\/\" target=\"_blank\" rel=\"noopener\">Bodyflex Nutrition<\/a> dopl\u0148ky v\u00fd\u017eivy<\/li>\n<li>P\u0159edtr\u00e9ninkov\u00e9 n\u00e1poje<\/li>\n<li>N\u00e1poje podporuj\u00edc\u00ed spalov\u00e1n\u00ed tuk\u016f<\/li>\n<li>Proteinov\u00e9 a sacharidov\u00e9 koktejly<\/li>\n<li>K\u00e1va a dal\u0161\u00ed nealko n\u00e1poje<\/li>\n<\/ul>\n<p>Ve fitness je k dispozici WIFI zdarma.<\/p>\n<p>Bodyflex Fitness je d\u00e1le v\u00fdrobcem sportovn\u00ed v\u00fd\u017eivy <a href=\"https:\/\/www.bodyflexnutrition.cz\/\" target=\"_blank\" rel=\"noopener\">BODYFLEX Nutrition<\/a>.<\/p>\n<p>[\/et_pb_text][\/et_pb_column][et_pb_column type=&#8220;1_3&#8243; _builder_version=&#8220;3.0.47&#8243; parallax=&#8220;off&#8220; parallax_method=&#8220;on&#8220;][et_pb_image src=&#8220;http:\/\/bodyflexfitness.cz\/pardubice\/wp-content\/uploads\/sites\/5\/2017\/12\/borkovec.png&#8220; _builder_version=&#8220;3.0.91&#8243;][\/et_pb_image][\/et_pb_column][\/et_pb_row][\/et_pb_section][et_pb_section fb_built=&#8220;1&#8243; background_color=&#8220;#8d1614&#8243; _builder_version=&#8220;3.0.89&#8243; custom_padding=&#8220;0px|0px|0px|0px&#8220;][et_pb_row _builder_version=&#8220;3.0.91&#8243;][et_pb_column type=&#8220;4_4&#8243; _builder_version=&#8220;3.0.47&#8243; parallax=&#8220;off&#8220; parallax_method=&#8220;on&#8220;][\/et_pb_column][\/et_pb_row][\/et_pb_section]<\/p>\n","protected":false},"excerpt":{"rendered":"<p>[et_pb_section fb_built=&#8220;1&#8243; background_color=&#8220;rgba(0,0,0,0.7)&#8220; _builder_version=&#8220;3.0.91&#8243; background_image=&#8220;http:\/\/bodyflexfitness.cz\/pardubice\/wp-content\/uploads\/sites\/5\/2026\/01\/IMG_1130.jpg&#8220; background_blend=&#8220;overlay&#8220;][et_pb_row use_custom_width=&#8220;on&#8220; width_unit=&#8220;off&#8220; custom_width_percent=&#8220;50%&#8220; _builder_version=&#8220;3.0.89&#8243; background_size=&#8220;initial&#8220; background_position=&#8220;top_left&#8220; background_repeat=&#8220;repeat&#8220;][et_pb_column type=&#8220;4_4&#8243; _builder_version=&#8220;3.0.47&#8243; parallax=&#8220;off&#8220; parallax_method=&#8220;on&#8220;][et_pb_text background_layout=&#8220;dark&#8220; _builder_version=&#8220;3.0.91&#8243; text_font=&#8220;|||on|||||&#8220; header_font=&#8220;||||||||&#8220; header_font_size=&#8220;42px&#8220; header_font_size_phone=&#8220;24px&#8220; header_font_size_last_edited=&#8220;on|phone&#8220; text_orientation=&#8220;center&#8220;] O N\u00e1s [\/et_pb_text][et_pb_text background_layout=&#8220;dark&#8220; _builder_version=&#8220;3.0.91&#8243; text_font=&#8220;||||||||&#8220; text_font_size=&#8220;16px&#8220; text_orientation=&#8220;center&#8220;] BODYFLEX Fitness je nejmodern\u011bj\u0161\u00ed fitness centrum v Pardubic\u00edch, kter\u00e9 spl\u0148uje po\u017eadavky i t\u011bch nejn\u00e1ro\u010dn\u011bj\u0161\u00edch a vyhovuje za\u010d\u00e1te\u010dn\u00edk\u016fm i zku\u0161en\u00fdm sportovc\u016fm. [\/et_pb_text][\/et_pb_column][\/et_pb_row][\/et_pb_section][et_pb_section fb_built=&#8220;1&#8243; [&hellip;]<\/p>\n","protected":false},"author":1,"featured_media":0,"parent":0,"menu_order":0,"comment_status":"closed","ping_status":"closed","template":"","meta":{"footnotes":""},"class_list":["post-115","page","type-page","status-publish","hentry"],"_links":{"self":[{"href":"https:\/\/bodyflexfitness.cz\/pardubice\/wp-json\/wp\/v2\/pages\/115","targetHints":{"allow":["GET"]}}],"collection":[{"href":"https:\/\/bodyflexfitness.cz\/pardubice\/wp-json\/wp\/v2\/pages"}],"about":[{"href":"https:\/\/bodyflexfitness.cz\/pardubice\/wp-json\/wp\/v2\/types\/page"}],"author":[{"embeddable":true,"href":"https:\/\/bodyflexfitness.cz\/pardubice\/wp-json\/wp\/v2\/users\/1"}],"replies":[{"embeddable":true,"href":"https:\/\/bodyflexfitness.cz\/pardubice\/wp-json\/wp\/v2\/comments?post=115"}],"version-history":[{"count":26,"href":"https:\/\/bodyflexfitness.cz\/pardubice\/wp-json\/wp\/v2\/pages\/115\/revisions"}],"predecessor-version":[{"id":2954,"href":"https:\/\/bodyflexfitness.cz\/pardubice\/wp-json\/wp\/v2\/pages\/115\/revisions\/2954"}],"wp:attachment":[{"href":"https:\/\/bodyflexfitness.cz\/pardubice\/wp-json\/wp\/v2\/media?parent=115"}],"curies":[{"name":"wp","href":"https:\/\/api.w.org\/{rel}","templated":true}]}}