{"id":114,"date":"2017-11-28T16:50:05","date_gmt":"2017-11-28T15:50:05","guid":{"rendered":"https:\/\/bodivi.toretthemes.com\/?page_id=111"},"modified":"2026-03-13T22:01:12","modified_gmt":"2026-03-13T21:01:12","slug":"treneri","status":"publish","type":"page","link":"https:\/\/bodyflexfitness.cz\/pardubice\/treneri\/","title":{"rendered":"Osobn\u00ed tren\u00e9\u0159i"},"content":{"rendered":"<p>[et_pb_section fb_built=&#8220;1&#8243; background_color=&#8220;rgba(0,0,0,0.7)&#8220; _builder_version=&#8220;3.0.91&#8243; background_image=&#8220;http:\/\/bodyflexfitness.cz\/pardubice\/wp-content\/uploads\/sites\/5\/2026\/01\/IMG_1130.jpg&#8220; background_blend=&#8220;overlay&#8220;][et_pb_row use_custom_width=&#8220;on&#8220; width_unit=&#8220;off&#8220; custom_width_percent=&#8220;50%&#8220; _builder_version=&#8220;3.0.89&#8243; background_size=&#8220;initial&#8220; background_position=&#8220;top_left&#8220; background_repeat=&#8220;repeat&#8220;][et_pb_column type=&#8220;4_4&#8243; _builder_version=&#8220;3.0.47&#8243; parallax=&#8220;off&#8220; parallax_method=&#8220;on&#8220;][et_pb_text background_layout=&#8220;dark&#8220; _builder_version=&#8220;3.0.91&#8243; text_font=&#8220;|||on|||||&#8220; header_font=&#8220;||||||||&#8220; header_font_size=&#8220;42px&#8220; header_font_size_phone=&#8220;24px&#8220; header_font_size_last_edited=&#8220;on|phone&#8220; text_orientation=&#8220;center&#8220;]<\/p>\n<h1>Osobn\u00ed<strong><span style=\"color: #8b0d09;\"> Tren\u00e9\u0159i<\/span><\/strong><\/h1>\n<p>[\/et_pb_text][et_pb_text background_layout=&#8220;dark&#8220; _builder_version=&#8220;3.0.91&#8243; text_font=&#8220;||||||||&#8220; text_font_size=&#8220;16px&#8220; text_orientation=&#8220;center&#8220;]Na\u0161im klient\u016fm poskytujeme komplexn\u00ed slu\u017eby v oblasti zdrav\u00e9ho \u017eivotn\u00edho stylu. Stav\u00edme na individu\u00e1ln\u00edm p\u0159\u00edstupu a maxim\u00e1ln\u00edm mo\u017en\u00e9m p\u0159izp\u016fsoben\u00ed Va\u0161im po\u017eadavk\u016fm.<br \/>\n[\/et_pb_text][\/et_pb_column][\/et_pb_row][\/et_pb_section][et_pb_section fb_built=&#8220;1&#8243; background_color=&#8220;#8b0d09&#8243; _builder_version=&#8220;3.0.89&#8243; custom_padding=&#8220;0px|0px|0px|0px&#8220;][et_pb_row _builder_version=&#8220;3.0.89&#8243;][et_pb_column type=&#8220;4_4&#8243; _builder_version=&#8220;3.0.47&#8243; parallax=&#8220;off&#8220; parallax_method=&#8220;on&#8220;][et_pb_text background_layout=&#8220;dark&#8220; _builder_version=&#8220;3.0.89&#8243; text_font=&#8220;|||on|||||&#8220; text_font_size=&#8220;18px&#8220; text_orientation=&#8220;center&#8220;][\/et_pb_text][\/et_pb_column][\/et_pb_row][\/et_pb_section][et_pb_section fb_built=&#8220;1&#8243; background_color=&#8220;rgba(68,68,68,0.87)&#8220; _builder_version=&#8220;3.0.89&#8243; background_image=&#8220;http:\/\/bodyflexfitness.cz\/pardubice\/wp-content\/uploads\/sites\/5\/2017\/12\/bodivi17.jpg&#8220; background_blend=&#8220;hue&#8220;][et_pb_row _builder_version=&#8220;3.0.89&#8243;][et_pb_column type=&#8220;4_4&#8243; _builder_version=&#8220;3.0.47&#8243; parallax=&#8220;off&#8220; parallax_method=&#8220;on&#8220;][et_pb_text background_layout=&#8220;dark&#8220; _builder_version=&#8220;3.0.91&#8243; text_font=&#8220;||||||||&#8220; text_orientation=&#8220;center&#8220; locked=&#8220;off&#8220;]<span style=\"font-size: 14px;\">Na\u0161i tren\u00e9\u0159i a v\u00fd\u017eivov\u00ed specialist\u00e9 jsou zku\u0161en\u00ed odborn\u00edci, kte\u0159\u00ed V\u00e1m zajist\u00ed ty nejrychlej\u0161\u00ed v\u00fdsledky.<\/span> <strong><big>Pro\u010d se sv\u011b\u0159it do rukou odborn\u00edka?<\/big><\/strong> Sv\u00fdch c\u00edl\u016f dos\u00e1hnete za zlomek \u010dasu, ne\u017e kdybyste se do boje pustili sami. Vyhnete se nekone\u010dn\u00e9mu hled\u00e1n\u00ed \u00fa\u010dinn\u00fdch cvik\u016f a prepar\u00e1t\u016f. V\u0161echny programy jsou zdrav\u00ed prosp\u011b\u0161n\u00e9. Ka\u017ed\u00e1 lekce je jedine\u010dn\u00e1, tak\u017ee se vyhnete stereotypu.<br \/>\n[\/et_pb_text][\/et_pb_column][\/et_pb_row][\/et_pb_section][et_pb_section fb_built=&#8220;1&#8243; _builder_version=&#8220;3.0.91&#8243;][et_pb_row use_custom_gutter=&#8220;on&#8220; gutter_width=&#8220;1&#8243; module_class_1=&#8220;col2&#8243; module_class_2=&#8220;col2&#8243; module_class_3=&#8220;col2&#8243; module_class_4=&#8220;col2&#8243; _builder_version=&#8220;3.0.91&#8243; saved_tabs=&#8220;all&#8220; global_module=&#8220;3021&#8243;][et_pb_column type=&#8220;1_4&#8243; _builder_version=&#8220;3.0.47&#8243; parallax=&#8220;off&#8220; parallax_method=&#8220;on&#8220; module_class=&#8220;col2&#8243;][et_pb_image src=&#8220;http:\/\/bodyflexfitness.cz\/pardubice\/wp-content\/uploads\/sites\/5\/2026\/01\/trener_PCE_kafkova.jpg&#8220; url=&#8220;http:\/\/bodyflexfitness.cz\/pardubice\/treneri\/anna-kafkova-dis\/&#8220; use_overlay=&#8220;on&#8220; overlay_icon_color=&#8220;#ffffff&#8220; hover_overlay_color=&#8220;rgba(139,13,9,0.5)&#8220; _builder_version=&#8220;3.0.91&#8243; background_color=&#8220;#000000&#8243;][\/et_pb_image][et_pb_text background_layout=&#8220;dark&#8220; module_class=&#8220;text2&#8243; _builder_version=&#8220;3.0.91&#8243; text_font=&#8220;|700||on|||||&#8220; text_font_size=&#8220;16px&#8220; header_font=&#8220;||||||||&#8220; background_color=&#8220;#2A2D31&#8243; text_orientation=&#8220;center&#8220; custom_padding=&#8220;20px||20px|&#8220;]<\/p>\n<p><a title=\"Anna Kafkov\u00e1, dis. osobn\u00ed tren\u00e9r\" href=\"http:\/\/bodyflexfitness.cz\/pardubice\/treneri\/anna-kafkova-dis\/\"><span style=\"color: #ffffff;\">Anna Kafkov\u00e1, dis.<\/span><\/a><\/p>\n<p>[\/et_pb_text][\/et_pb_column][et_pb_column type=&#8220;1_4&#8243; _builder_version=&#8220;3.0.47&#8243; parallax=&#8220;off&#8220; parallax_method=&#8220;on&#8220; module_class=&#8220;col2&#8243;][et_pb_image src=&#8220;http:\/\/bodyflexfitness.cz\/pardubice\/wp-content\/uploads\/sites\/5\/2026\/01\/trener_PCE_berouskova_PNG.png&#8220; url=&#8220;http:\/\/bodyflexfitness.cz\/pardubice\/treneri\/lenka-berouskova\/&#8220; use_overlay=&#8220;on&#8220; overlay_icon_color=&#8220;#ffffff&#8220; hover_overlay_color=&#8220;rgba(139,13,9,0.5)&#8220; _builder_version=&#8220;3.0.91&#8243; background_color=&#8220;#000000&#8243;][\/et_pb_image][et_pb_text background_layout=&#8220;dark&#8220; module_class=&#8220;text2&#8243; _builder_version=&#8220;3.0.91&#8243; text_font=&#8220;|700||on|||||&#8220; text_font_size=&#8220;16px&#8220; header_font=&#8220;||||||||&#8220; background_color=&#8220;#2A2D31&#8243; text_orientation=&#8220;center&#8220; custom_padding=&#8220;20px||20px|&#8220;]<\/p>\n<p><span style=\"color: #ffffff;\"><a style=\"color: #ffffff;\" href=\"http:\/\/bodyflexfitness.cz\/pardubice\/treneri\/lenka-berouskova\/\">Lenka Berouskov\u00e1<\/a><\/span><\/p>\n<p>[\/et_pb_text][\/et_pb_column][et_pb_column type=&#8220;1_4&#8243; _builder_version=&#8220;3.0.47&#8243; parallax=&#8220;off&#8220; parallax_method=&#8220;on&#8220; module_class=&#8220;col2&#8243;][et_pb_image src=&#8220;http:\/\/bodyflexfitness.cz\/pardubice\/wp-content\/uploads\/sites\/5\/2026\/01\/trener_PCE_pilarova.jpg&#8220; url=&#8220;http:\/\/bodyflexfitness.cz\/pardubice\/treneri\/nikola-pilarova\/&#8220; use_overlay=&#8220;on&#8220; overlay_icon_color=&#8220;#ffffff&#8220; hover_overlay_color=&#8220;rgba(139,13,9,0.5)&#8220; _builder_version=&#8220;3.0.91&#8243; background_color=&#8220;#000000&#8243;][\/et_pb_image][et_pb_text background_layout=&#8220;dark&#8220; module_class=&#8220;text2&#8243; _builder_version=&#8220;3.0.91&#8243; text_font=&#8220;|700||on|||||&#8220; text_font_size=&#8220;16px&#8220; header_font=&#8220;||||||||&#8220; background_color=&#8220;#2A2D31&#8243; text_orientation=&#8220;center&#8220; custom_padding=&#8220;20px||20px|&#8220;]<\/p>\n<p><a title=\"Nikola Pila\u0159ov\u00e1\" href=\"http:\/\/bodyflexfitness.cz\/pardubice\/treneri\/nikola-pilarova\/\"><span style=\"color: #ffffff;\">Nikola Pila\u0159ov\u00e1<\/span><\/a><\/p>\n<p>[\/et_pb_text][\/et_pb_column][et_pb_column type=&#8220;1_4&#8243; _builder_version=&#8220;3.0.47&#8243; parallax=&#8220;off&#8220; parallax_method=&#8220;on&#8220; module_class=&#8220;col2&#8243;][et_pb_image src=&#8220;http:\/\/bodyflexfitness.cz\/pardubice\/wp-content\/uploads\/sites\/5\/2026\/03\/trener_matucha.jpg&#8220; url=&#8220;http:\/\/bodyflexfitness.cz\/pardubice\/treneri\/matej-matucha\/&#8220; use_overlay=&#8220;on&#8220; overlay_icon_color=&#8220;#ffffff&#8220; hover_overlay_color=&#8220;rgba(139,13,9,0.5)&#8220; _builder_version=&#8220;3.0.91&#8243; background_color=&#8220;#000000&#8243;][\/et_pb_image][et_pb_text background_layout=&#8220;dark&#8220; module_class=&#8220;text2&#8243; _builder_version=&#8220;3.0.91&#8243; text_font=&#8220;|700||on|||||&#8220; text_font_size=&#8220;16px&#8220; header_font=&#8220;||||||||&#8220; background_color=&#8220;#2A2D31&#8243; text_orientation=&#8220;center&#8220; custom_padding=&#8220;20px||20px|&#8220;]<\/p>\n<p><a href=\"http:\/\/bodyflexfitness.cz\/pardubice\/treneri\/matej-matucha\/\"><span style=\"color: #ffffff;\">Mat\u011bj Matucha<\/span><\/a><\/p>\n<p>[\/et_pb_text][\/et_pb_column][\/et_pb_row][\/et_pb_section]<\/p>\n","protected":false},"excerpt":{"rendered":"<p>[et_pb_section fb_built=&#8220;1&#8243; background_color=&#8220;rgba(0,0,0,0.7)&#8220; _builder_version=&#8220;3.0.91&#8243; background_image=&#8220;http:\/\/bodyflexfitness.cz\/pardubice\/wp-content\/uploads\/sites\/5\/2026\/01\/IMG_1130.jpg&#8220; background_blend=&#8220;overlay&#8220;][et_pb_row use_custom_width=&#8220;on&#8220; width_unit=&#8220;off&#8220; custom_width_percent=&#8220;50%&#8220; _builder_version=&#8220;3.0.89&#8243; background_size=&#8220;initial&#8220; background_position=&#8220;top_left&#8220; background_repeat=&#8220;repeat&#8220;][et_pb_column type=&#8220;4_4&#8243; _builder_version=&#8220;3.0.47&#8243; parallax=&#8220;off&#8220; parallax_method=&#8220;on&#8220;][et_pb_text background_layout=&#8220;dark&#8220; _builder_version=&#8220;3.0.91&#8243; text_font=&#8220;|||on|||||&#8220; header_font=&#8220;||||||||&#8220; header_font_size=&#8220;42px&#8220; header_font_size_phone=&#8220;24px&#8220; header_font_size_last_edited=&#8220;on|phone&#8220; text_orientation=&#8220;center&#8220;] Osobn\u00ed Tren\u00e9\u0159i [\/et_pb_text][et_pb_text background_layout=&#8220;dark&#8220; _builder_version=&#8220;3.0.91&#8243; text_font=&#8220;||||||||&#8220; text_font_size=&#8220;16px&#8220; text_orientation=&#8220;center&#8220;]Na\u0161im klient\u016fm poskytujeme komplexn\u00ed slu\u017eby v oblasti zdrav\u00e9ho \u017eivotn\u00edho stylu. Stav\u00edme na individu\u00e1ln\u00edm p\u0159\u00edstupu a maxim\u00e1ln\u00edm mo\u017en\u00e9m p\u0159izp\u016fsoben\u00ed Va\u0161im po\u017eadavk\u016fm. [\/et_pb_text][\/et_pb_column][\/et_pb_row][\/et_pb_section][et_pb_section fb_built=&#8220;1&#8243; background_color=&#8220;#8b0d09&#8243; [&hellip;]<\/p>\n","protected":false},"author":1,"featured_media":0,"parent":0,"menu_order":0,"comment_status":"closed","ping_status":"closed","template":"","meta":{"footnotes":""},"class_list":["post-114","page","type-page","status-publish","hentry"],"_links":{"self":[{"href":"https:\/\/bodyflexfitness.cz\/pardubice\/wp-json\/wp\/v2\/pages\/114","targetHints":{"allow":["GET"]}}],"collection":[{"href":"https:\/\/bodyflexfitness.cz\/pardubice\/wp-json\/wp\/v2\/pages"}],"about":[{"href":"https:\/\/bodyflexfitness.cz\/pardubice\/wp-json\/wp\/v2\/types\/page"}],"author":[{"embeddable":true,"href":"https:\/\/bodyflexfitness.cz\/pardubice\/wp-json\/wp\/v2\/users\/1"}],"replies":[{"embeddable":true,"href":"https:\/\/bodyflexfitness.cz\/pardubice\/wp-json\/wp\/v2\/comments?post=114"}],"version-history":[{"count":112,"href":"https:\/\/bodyflexfitness.cz\/pardubice\/wp-json\/wp\/v2\/pages\/114\/revisions"}],"predecessor-version":[{"id":3023,"href":"https:\/\/bodyflexfitness.cz\/pardubice\/wp-json\/wp\/v2\/pages\/114\/revisions\/3023"}],"wp:attachment":[{"href":"https:\/\/bodyflexfitness.cz\/pardubice\/wp-json\/wp\/v2\/media?parent=114"}],"curies":[{"name":"wp","href":"https:\/\/api.w.org\/{rel}","templated":true}]}}