{"id":113,"date":"2017-11-28T16:50:14","date_gmt":"2017-11-28T15:50:14","guid":{"rendered":"https:\/\/bodivi.toretthemes.com\/?page_id=113"},"modified":"2026-01-30T13:44:55","modified_gmt":"2026-01-30T12:44:55","slug":"kontakt","status":"publish","type":"page","link":"https:\/\/bodyflexfitness.cz\/pardubice\/kontakt\/","title":{"rendered":"Kontakt"},"content":{"rendered":"<p>[et_pb_section fb_built=&#8220;1&#8243; background_color=&#8220;rgba(0,0,0,0.7)&#8220; _builder_version=&#8220;3.0.91&#8243; background_image=&#8220;http:\/\/bodyflexfitness.cz\/pardubice\/wp-content\/uploads\/sites\/5\/2026\/01\/IMG_1149.jpg&#8220; background_blend=&#8220;overlay&#8220;][et_pb_row use_custom_width=&#8220;on&#8220; width_unit=&#8220;off&#8220; custom_width_percent=&#8220;50%&#8220; _builder_version=&#8220;3.0.89&#8243; background_size=&#8220;initial&#8220; background_position=&#8220;top_left&#8220; background_repeat=&#8220;repeat&#8220;][et_pb_column type=&#8220;4_4&#8243; _builder_version=&#8220;3.0.47&#8243; parallax=&#8220;off&#8220; parallax_method=&#8220;on&#8220;][et_pb_text background_layout=&#8220;dark&#8220; _builder_version=&#8220;3.0.91&#8243; text_font=&#8220;|||on|||||&#8220; header_font=&#8220;||||||||&#8220; header_font_size=&#8220;42px&#8220; header_font_size_phone=&#8220;24px&#8220; header_font_size_last_edited=&#8220;on|phone&#8220; text_orientation=&#8220;center&#8220;]<\/p>\n<h1>Kde n\u00e1s<strong><span style=\"color: #8b0d09;\"> Najdete<\/span><\/strong><\/h1>\n<p>[\/et_pb_text][et_pb_text background_layout=&#8220;dark&#8220; _builder_version=&#8220;3.0.89&#8243; text_font=&#8220;||||||||&#8220; text_font_size=&#8220;16px&#8220; text_orientation=&#8220;center&#8220;] Nev\u00e1hejte n\u00e1s kdykoliv kontaktovat.<br \/>\n[\/et_pb_text][\/et_pb_column][\/et_pb_row][\/et_pb_section][et_pb_section fb_built=&#8220;1&#8243; background_color=&#8220;#8b0d09&#8243; _builder_version=&#8220;3.0.89&#8243; custom_padding=&#8220;0px|0px|0px|0px&#8220;][et_pb_row _builder_version=&#8220;3.0.89&#8243;][et_pb_column type=&#8220;4_4&#8243; _builder_version=&#8220;3.0.47&#8243; parallax=&#8220;off&#8220; parallax_method=&#8220;on&#8220;][et_pb_text background_layout=&#8220;dark&#8220; _builder_version=&#8220;3.0.89&#8243; text_font=&#8220;|||on|||||&#8220; text_font_size=&#8220;18px&#8220; text_orientation=&#8220;center&#8220;][\/et_pb_text][\/et_pb_column][\/et_pb_row][\/et_pb_section][et_pb_section fb_built=&#8220;1&#8243; background_color=&#8220;#292A2E&#8220; _builder_version=&#8220;3.0.89&#8243;][et_pb_row make_fullwidth=&#8220;on&#8220; _builder_version=&#8220;3.0.91&#8243;][et_pb_column type=&#8220;1_2&#8243; _builder_version=&#8220;3.0.47&#8243; parallax=&#8220;off&#8220; parallax_method=&#8220;on&#8220;][et_pb_text background_layout=&#8220;dark&#8220; _builder_version=&#8220;3.0.91&#8243; text_font=&#8220;||||||||&#8220; text_font_size=&#8220;22px&#8220; custom_margin=&#8220;||10px|&#8220; locked=&#8220;off&#8220;] Kde n\u00e1s najdete<br \/>\n[\/et_pb_text][et_pb_divider color=&#8220;#8b0d09&#8243; show_divider=&#8220;on&#8220; divider_weight=&#8220;3px&#8220; height=&#8220;0px&#8220; _builder_version=&#8220;3.0.91&#8243; max_width=&#8220;50px&#8220; module_alignment=&#8220;left&#8220; custom_margin=&#8220;||20px|&#8220;][\/et_pb_divider][et_pb_text background_layout=&#8220;dark&#8220; _builder_version=&#8220;3.0.91&#8243; text_font=&#8220;||||||||&#8220;]<\/p>\n<p>Ji\u0159\u00edho z Pod\u011bbrad 2593<\/p>\n<p>530 02 Pardubice<\/p>\n<p>Tel 1.: 604 392 560\n<\/p>\n<p>Tel 2.: 728 845 053<\/p>\n<p>E-mail:\u00a0<a href=\"mailto:pardubice@bodyflexfitness.cz\">pardubice@bodyflexfitness.cz<\/a><\/p>\n<p>[\/et_pb_text][\/et_pb_column][et_pb_column type=&#8220;1_2&#8243; _builder_version=&#8220;3.0.47&#8243; parallax=&#8220;off&#8220; parallax_method=&#8220;on&#8220;][et_pb_text background_layout=&#8220;dark&#8220; _builder_version=&#8220;3.0.91&#8243; text_font=&#8220;||||||||&#8220; text_font_size=&#8220;22px&#8220; custom_margin=&#8220;||10px|&#8220; locked=&#8220;off&#8220;] Provozovatel<br \/>\n[\/et_pb_text][et_pb_divider color=&#8220;#8b0d09&#8243; show_divider=&#8220;on&#8220; divider_weight=&#8220;3px&#8220; height=&#8220;0px&#8220; _builder_version=&#8220;3.0.91&#8243; max_width=&#8220;50px&#8220; module_alignment=&#8220;left&#8220; custom_margin=&#8220;||20px|&#8220; locked=&#8220;off&#8220;][\/et_pb_divider][et_pb_text background_layout=&#8220;dark&#8220; _builder_version=&#8220;3.0.91&#8243; text_font=&#8220;||||||||&#8220; locked=&#8220;off&#8220;]<\/p>\n<p>BODYFLEX Fitness PCE s.r.o.<\/p>\n<p>Komensk\u00e9ho 264\/5<\/p>\n<p>500 03 Hradec Kr\u00e1lov\u00e9<\/p>\n<p>I\u010c: 19809557<\/p>\n<p>DI\u010c: CZ19809557<\/p>\n<p>Zaps\u00e1no:\u00a0 C 51868\/KSHK Krajsk\u00fd soud v Hradci Kr\u00e1lov\u00e9<\/p>\n<p>[\/et_pb_text][\/et_pb_column][\/et_pb_row][\/et_pb_section][et_pb_section fb_built=&#8220;1&#8243; background_color=&#8220;#8D1614&#8243; _builder_version=&#8220;3.0.89&#8243; custom_padding=&#8220;10px|0px|10px|0px&#8220;][et_pb_row make_fullwidth=&#8220;on&#8220; _builder_version=&#8220;3.0.89&#8243;][et_pb_column type=&#8220;1_3&#8243; _builder_version=&#8220;3.0.47&#8243; parallax=&#8220;off&#8220; parallax_method=&#8220;on&#8220;][et_pb_blurb title=&#8220;Email&#8220; use_icon=&#8220;on&#8220; font_icon=&#8220;%%109%%&#8220; icon_color=&#8220;#ffffff&#8220; use_circle=&#8220;on&#8220; circle_color=&#8220;rgba(255,255,255,0)&#8220; use_circle_border=&#8220;on&#8220; circle_border_color=&#8220;rgba(255,255,255,0.48)&#8220; icon_placement=&#8220;left&#8220; background_layout=&#8220;dark&#8220; use_icon_font_size=&#8220;on&#8220; icon_font_size=&#8220;32px&#8220; _builder_version=&#8220;3.0.91&#8243; header_font=&#8220;|600||on|||||&#8220;]<\/p>\n<p><span style=\"color: #ffffff;\"><a style=\"color: #ffffff;\" href=\"mailto:pardubice@bodyflexfitness.cz\">pardubice@bodyflexfitness.cz<\/a><\/span><\/p>\n<p>[\/et_pb_blurb][\/et_pb_column][et_pb_column type=&#8220;1_3&#8243; _builder_version=&#8220;3.0.47&#8243; parallax=&#8220;off&#8220; parallax_method=&#8220;on&#8220;][et_pb_blurb title=&#8220;Telefon&#8220; url=&#8220;tel:+420604392560&#8243; use_icon=&#8220;on&#8220; font_icon=&#8220;%%264%%&#8220; icon_color=&#8220;#ffffff&#8220; use_circle=&#8220;on&#8220; circle_color=&#8220;rgba(255,255,255,0)&#8220; use_circle_border=&#8220;on&#8220; circle_border_color=&#8220;rgba(255,255,255,0.48)&#8220; icon_placement=&#8220;left&#8220; background_layout=&#8220;dark&#8220; use_icon_font_size=&#8220;on&#8220; icon_font_size=&#8220;32px&#8220; _builder_version=&#8220;3.0.91&#8243; header_font=&#8220;|600||on|||||&#8220; locked=&#8220;off&#8220;]+420\u00a0604 392 560<br \/>\n \/ 728 845 053[\/et_pb_blurb][\/et_pb_column][et_pb_column type=&#8220;1_3&#8243; _builder_version=&#8220;3.0.47&#8243; parallax=&#8220;off&#8220; parallax_method=&#8220;on&#8220;][et_pb_blurb title=&#8220;Adresa&#8220; use_icon=&#8220;on&#8220; font_icon=&#8220;%%109%%&#8220; icon_color=&#8220;#ffffff&#8220; use_circle=&#8220;on&#8220; circle_color=&#8220;rgba(255,255,255,0)&#8220; use_circle_border=&#8220;on&#8220; circle_border_color=&#8220;rgba(255,255,255,0.48)&#8220; icon_placement=&#8220;left&#8220; background_layout=&#8220;dark&#8220; use_icon_font_size=&#8220;on&#8220; icon_font_size=&#8220;32px&#8220; _builder_version=&#8220;3.0.91&#8243; header_font=&#8220;|600||on|||||&#8220; locked=&#8220;off&#8220;]J. z Pod\u011bbrad 2593, 530 02 Pardubice[\/et_pb_blurb][\/et_pb_column][\/et_pb_row][\/et_pb_section]<\/p>\n","protected":false},"excerpt":{"rendered":"<p>[et_pb_section fb_built=&#8220;1&#8243; background_color=&#8220;rgba(0,0,0,0.7)&#8220; _builder_version=&#8220;3.0.91&#8243; background_image=&#8220;http:\/\/bodyflexfitness.cz\/pardubice\/wp-content\/uploads\/sites\/5\/2026\/01\/IMG_1149.jpg&#8220; background_blend=&#8220;overlay&#8220;][et_pb_row use_custom_width=&#8220;on&#8220; width_unit=&#8220;off&#8220; custom_width_percent=&#8220;50%&#8220; _builder_version=&#8220;3.0.89&#8243; background_size=&#8220;initial&#8220; background_position=&#8220;top_left&#8220; background_repeat=&#8220;repeat&#8220;][et_pb_column type=&#8220;4_4&#8243; _builder_version=&#8220;3.0.47&#8243; parallax=&#8220;off&#8220; parallax_method=&#8220;on&#8220;][et_pb_text background_layout=&#8220;dark&#8220; _builder_version=&#8220;3.0.91&#8243; text_font=&#8220;|||on|||||&#8220; header_font=&#8220;||||||||&#8220; header_font_size=&#8220;42px&#8220; header_font_size_phone=&#8220;24px&#8220; header_font_size_last_edited=&#8220;on|phone&#8220; text_orientation=&#8220;center&#8220;] Kde n\u00e1s Najdete [\/et_pb_text][et_pb_text background_layout=&#8220;dark&#8220; _builder_version=&#8220;3.0.89&#8243; text_font=&#8220;||||||||&#8220; text_font_size=&#8220;16px&#8220; text_orientation=&#8220;center&#8220;] Nev\u00e1hejte n\u00e1s kdykoliv kontaktovat. [\/et_pb_text][\/et_pb_column][\/et_pb_row][\/et_pb_section][et_pb_section fb_built=&#8220;1&#8243; background_color=&#8220;#8b0d09&#8243; _builder_version=&#8220;3.0.89&#8243; custom_padding=&#8220;0px|0px|0px|0px&#8220;][et_pb_row _builder_version=&#8220;3.0.89&#8243;][et_pb_column type=&#8220;4_4&#8243; _builder_version=&#8220;3.0.47&#8243; parallax=&#8220;off&#8220; parallax_method=&#8220;on&#8220;][et_pb_text background_layout=&#8220;dark&#8220; _builder_version=&#8220;3.0.89&#8243; text_font=&#8220;|||on|||||&#8220; text_font_size=&#8220;18px&#8220; text_orientation=&#8220;center&#8220;][\/et_pb_text][\/et_pb_column][\/et_pb_row][\/et_pb_section][et_pb_section fb_built=&#8220;1&#8243; background_color=&#8220;#292A2E&#8220; [&hellip;]<\/p>\n","protected":false},"author":1,"featured_media":0,"parent":0,"menu_order":0,"comment_status":"closed","ping_status":"closed","template":"","meta":{"footnotes":""},"class_list":["post-113","page","type-page","status-publish","hentry"],"_links":{"self":[{"href":"https:\/\/bodyflexfitness.cz\/pardubice\/wp-json\/wp\/v2\/pages\/113","targetHints":{"allow":["GET"]}}],"collection":[{"href":"https:\/\/bodyflexfitness.cz\/pardubice\/wp-json\/wp\/v2\/pages"}],"about":[{"href":"https:\/\/bodyflexfitness.cz\/pardubice\/wp-json\/wp\/v2\/types\/page"}],"author":[{"embeddable":true,"href":"https:\/\/bodyflexfitness.cz\/pardubice\/wp-json\/wp\/v2\/users\/1"}],"replies":[{"embeddable":true,"href":"https:\/\/bodyflexfitness.cz\/pardubice\/wp-json\/wp\/v2\/comments?post=113"}],"version-history":[{"count":37,"href":"https:\/\/bodyflexfitness.cz\/pardubice\/wp-json\/wp\/v2\/pages\/113\/revisions"}],"predecessor-version":[{"id":2944,"href":"https:\/\/bodyflexfitness.cz\/pardubice\/wp-json\/wp\/v2\/pages\/113\/revisions\/2944"}],"wp:attachment":[{"href":"https:\/\/bodyflexfitness.cz\/pardubice\/wp-json\/wp\/v2\/media?parent=113"}],"curies":[{"name":"wp","href":"https:\/\/api.w.org\/{rel}","templated":true}]}}