{"id":337,"date":"2017-12-21T16:33:10","date_gmt":"2017-12-21T15:33:10","guid":{"rendered":"http:\/\/bodyflex.top-me.eu\/pobocka-1\/?page_id=337"},"modified":"2025-12-12T21:05:22","modified_gmt":"2025-12-12T20:05:22","slug":"cenik","status":"publish","type":"page","link":"https:\/\/bodyflexfitness.cz\/litomerice\/cenik\/","title":{"rendered":"Cen\u00edk"},"content":{"rendered":"<p>[et_pb_section fb_built=&#8220;1&#8243; background_color=&#8220;rgba(0,0,0,0.7)&#8220; _builder_version=&#8220;3.0.91&#8243; background_image=&#8220;http:\/\/bodyflexfitness.cz\/litomerice\/wp-content\/uploads\/sites\/2\/2018\/01\/main-page.jpg&#8220; background_blend=&#8220;overlay&#8220;][et_pb_row use_custom_width=&#8220;on&#8220; width_unit=&#8220;off&#8220; custom_width_percent=&#8220;50%&#8220; _builder_version=&#8220;3.0.89&#8243; background_size=&#8220;initial&#8220; background_position=&#8220;top_left&#8220; background_repeat=&#8220;repeat&#8220;][et_pb_column type=&#8220;4_4&#8243; _builder_version=&#8220;3.0.47&#8243; parallax=&#8220;off&#8220; parallax_method=&#8220;on&#8220;][et_pb_text background_layout=&#8220;dark&#8220; _builder_version=&#8220;3.0.91&#8243; text_font=&#8220;|||on|||||&#8220; header_font=&#8220;||||||||&#8220; header_font_size=&#8220;42px&#8220; header_font_size_phone=&#8220;24px&#8220; header_font_size_last_edited=&#8220;on|phone&#8220; text_orientation=&#8220;center&#8220;]<\/p>\n<h1>Cen\u00edk<strong><span style=\"color: #8b0d09\"> Slu\u017eeb<\/span><\/strong><\/h1>\n<p>[\/et_pb_text][et_pb_text background_layout=&#8220;dark&#8220; _builder_version=&#8220;3.0.89&#8243; text_font=&#8220;||||||||&#8220; text_font_size=&#8220;16px&#8220; text_orientation=&#8220;center&#8220;] Kompletn\u00ed cen\u00edk na\u0161ich slu\u017eeb<br \/>\n[\/et_pb_text][\/et_pb_column][\/et_pb_row][\/et_pb_section][et_pb_section fb_built=&#8220;1&#8243; background_color=&#8220;#8b0d09&#8243; _builder_version=&#8220;3.0.89&#8243; custom_padding=&#8220;0px|0px|0px|0px&#8220;][et_pb_row _builder_version=&#8220;3.0.89&#8243;][et_pb_column type=&#8220;4_4&#8243; _builder_version=&#8220;3.0.47&#8243; parallax=&#8220;off&#8220; parallax_method=&#8220;on&#8220;][et_pb_text background_layout=&#8220;dark&#8220; _builder_version=&#8220;3.0.89&#8243; text_font=&#8220;|||on|||||&#8220; text_font_size=&#8220;18px&#8220; text_orientation=&#8220;center&#8220;][\/et_pb_text][\/et_pb_column][\/et_pb_row][\/et_pb_section][et_pb_section fb_built=&#8220;1&#8243; background_color=&#8220;#292a2e&#8220; disabled_on=&#8220;off|off|off&#8220; _builder_version=&#8220;3.0.98&#8243;][et_pb_row _builder_version=&#8220;3.0.91&#8243;][et_pb_column type=&#8220;4_4&#8243; _builder_version=&#8220;3.0.47&#8243; parallax=&#8220;off&#8220; parallax_method=&#8220;on&#8220;][et_pb_text background_layout=&#8220;dark&#8220; _builder_version=&#8220;3.0.91&#8243; text_font=&#8220;|600||on|||||&#8220; text_font_size=&#8220;20px&#8220; header_font=&#8220;||||||||&#8220;] Vstupn\u00e9 [\/et_pb_text][et_pb_text background_layout=&#8220;dark&#8220; _builder_version=&#8220;3.0.91&#8243; text_font=&#8220;||||||||&#8220;]<\/p>\n<table>\n<tbody>\n<tr>\n<td><span style=\"font-size: large;\">Jednor\u00e1zov\u00e9<\/span><\/td>\n<td style=\"text-align: right;\"><span style=\"font-size: large;\">125 K\u010d<\/span><\/td>\n<\/tr>\n<tr>\n<td><span style=\"font-size: large;\">M\u011bs\u00ed\u010dn\u00ed<\/span><\/td>\n<td style=\"text-align: right;\"><span style=\"font-size: large;\">1 090 K\u010d<\/span><\/td>\n<\/tr>\n<tr>\n<td><span style=\"font-size: large;\">3 m\u011bs\u00edce<\/span><\/td>\n<td style=\"text-align: right;\"><span style=\"font-size: large;\">3 140\u00a0K\u010d (1 047 K\u010d\/m\u011bs.)<\/span><\/td>\n<\/tr>\n<tr>\n<td><span style=\"font-size: large;\">6 m\u011bs\u00edc\u016f<\/span><\/td>\n<td style=\"text-align: right;\"><span style=\"font-size: large;\">5 990 K\u010d (998 K\u010d\/m\u011bs.)<\/span><\/td>\n<\/tr>\n<tr>\n<td><span style=\"font-size: large;\">12 m\u011bs\u00edc\u016f<\/span><\/td>\n<td style=\"text-align: right;\"><span style=\"font-size: large;\">10 790 K\u010d (899 K\u010d\/m\u011bs.)<\/span><\/td>\n<\/tr>\n<tr>\n<td>\n<p><span style=\"font-size: large;\">10 vstup\u016f <span style=\"font-size: small;\"><em>(platnost 6 m\u011bs\u00edc\u016f)<\/em><\/span><\/span><\/p>\n<p>\u00a0<\/p>\n<\/td>\n<td style=\"text-align: right;\"><span style=\"font-size: large;\">1 150 K\u010d (115 K\u010d\/vstup)<\/span><\/td>\n<\/tr>\n<tr>\n<td>\n<p><span style=\"font-size: large;\">20 vstup\u016f <\/span><span style=\"font-size: small;\"><em>(platnost 6 m\u011bs\u00edc\u016f)<\/em><\/span><span style=\"font-size: large;\"><\/span><\/p>\n<p>\u00a0<\/p>\n<\/td>\n<td style=\"text-align: right;\"><span style=\"font-size: large;\">2 180 K\u010d (109 K\u010d\/vstup)<\/span><\/td>\n<\/tr>\n<\/tbody>\n<\/table>\n<p>\u00a0<\/p>\n<p>[\/et_pb_text][\/et_pb_column][\/et_pb_row][et_pb_row _builder_version=&#8220;3.0.91&#8243;][et_pb_column type=&#8220;4_4&#8243; _builder_version=&#8220;3.0.47&#8243; parallax=&#8220;off&#8220; parallax_method=&#8220;on&#8220;][et_pb_text background_layout=&#8220;dark&#8220; _builder_version=&#8220;3.0.91&#8243; text_font=&#8220;|600||on|||||&#8220; text_font_size=&#8220;20px&#8220; header_font=&#8220;||||||||&#8220;] VIP Karta<br \/>\n[\/et_pb_text][et_pb_text background_layout=&#8220;dark&#8220; _builder_version=&#8220;3.0.91&#8243; text_font=&#8220;||||||||&#8220;]<\/p>\n<table>\n<tbody>\n<tr>\n<td>\n<p>ZDARMA \u010dist\u00fd ru\u010dn\u00edk ka\u017ed\u00fd tr\u00e9nink<\/p>\n<p>Sleva 15% na vstupn\u00e9 a ve\u0161ker\u00e9 zbo\u017e\u00ed za barem<\/p>\n<p>Platnost 12 M\u011bs\u00edc\u016f<\/p>\n<\/td>\n<td style=\"text-align: right;\"><span style=\"font-size: large;\">2 990 K\u010d<\/span><\/td>\n<\/tr>\n<\/tbody>\n<\/table>\n<p><span style=\"text-decoration: underline;\"><strong>Mo\u017enosti plateb a vyu\u017eit\u00ed benefi\u010dn\u00edch v\u00fdhod:<\/strong><\/span><\/p>\n<p>&#8211; Kreditn\u00ed karta<\/p>\n<p>&#8211; Hotovost<\/p>\n<p>&#8211; MULTISPORT<\/p>\n<p>&#8211; EDENRED<\/p>\n<p>&#8211; PLUXEE<\/p>\n<p>&#8211; Uni\u0160ek<\/p>\n<p>[\/et_pb_text][\/et_pb_column][\/et_pb_row][\/et_pb_section][et_pb_section fb_built=&#8220;1&#8243; background_color=&#8220;#8b0d09&#8243; _builder_version=&#8220;3.0.89&#8243; custom_padding=&#8220;0px|0px|0px|0px&#8220;][et_pb_row _builder_version=&#8220;3.0.91&#8243;][et_pb_column type=&#8220;4_4&#8243; _builder_version=&#8220;3.0.47&#8243; parallax=&#8220;off&#8220; parallax_method=&#8220;on&#8220;][\/et_pb_column][\/et_pb_row][\/et_pb_section]<\/p>\n","protected":false},"excerpt":{"rendered":"<p>Kompletn\u00ed cen\u00edk. Vstupn\u00e9, permanentky, osobn\u00ed tren\u00e9r, v\u00fd\u017eivov\u00fd poradce, j\u00eddeln\u00ed\u010dky, tr\u00e9ninkov\u00e9 pl\u00e1ny.<\/p>\n","protected":false},"author":1,"featured_media":0,"parent":0,"menu_order":0,"comment_status":"closed","ping_status":"closed","template":"","meta":{"footnotes":""},"class_list":["post-337","page","type-page","status-publish","hentry"],"_links":{"self":[{"href":"https:\/\/bodyflexfitness.cz\/litomerice\/wp-json\/wp\/v2\/pages\/337","targetHints":{"allow":["GET"]}}],"collection":[{"href":"https:\/\/bodyflexfitness.cz\/litomerice\/wp-json\/wp\/v2\/pages"}],"about":[{"href":"https:\/\/bodyflexfitness.cz\/litomerice\/wp-json\/wp\/v2\/types\/page"}],"author":[{"embeddable":true,"href":"https:\/\/bodyflexfitness.cz\/litomerice\/wp-json\/wp\/v2\/users\/1"}],"replies":[{"embeddable":true,"href":"https:\/\/bodyflexfitness.cz\/litomerice\/wp-json\/wp\/v2\/comments?post=337"}],"version-history":[{"count":49,"href":"https:\/\/bodyflexfitness.cz\/litomerice\/wp-json\/wp\/v2\/pages\/337\/revisions"}],"predecessor-version":[{"id":2033,"href":"https:\/\/bodyflexfitness.cz\/litomerice\/wp-json\/wp\/v2\/pages\/337\/revisions\/2033"}],"wp:attachment":[{"href":"https:\/\/bodyflexfitness.cz\/litomerice\/wp-json\/wp\/v2\/media?parent=337"}],"curies":[{"name":"wp","href":"https:\/\/api.w.org\/{rel}","templated":true}]}}