{"id":1859,"date":"2023-09-06T08:27:25","date_gmt":"2023-09-06T06:27:25","guid":{"rendered":"https:\/\/bodyflexfitness.cz\/litomerice\/?page_id=1859"},"modified":"2026-03-15T07:41:34","modified_gmt":"2026-03-15T06:41:34","slug":"milan-hosek","status":"publish","type":"page","link":"https:\/\/bodyflexfitness.cz\/litomerice\/treneri\/milan-hosek\/","title":{"rendered":"Milan Ho\u0161ek"},"content":{"rendered":"<p>[et_pb_section fb_built=&#8220;1&#8243; background_color=&#8220;rgba(0,0,0,0.7)&#8220; _builder_version=&#8220;3.0.91&#8243; background_image=&#8220;http:\/\/bodyflexfitness.cz\/litomerice\/wp-content\/uploads\/sites\/2\/2018\/01\/main-page.jpg&#8220; background_blend=&#8220;overlay&#8220;][et_pb_row custom_width_percent=&#8220;50%&#8220; _builder_version=&#8220;3.0.91&#8243; background_size=&#8220;initial&#8220; background_position=&#8220;top_left&#8220; background_repeat=&#8220;repeat&#8220; make_fullwidth=&#8220;on&#8220;][et_pb_column type=&#8220;4_4&#8243; _builder_version=&#8220;3.0.47&#8243; parallax=&#8220;off&#8220; parallax_method=&#8220;on&#8220;][et_pb_text background_layout=&#8220;dark&#8220; _builder_version=&#8220;3.0.91&#8243; text_font=&#8220;|||on|||||&#8220; header_font=&#8220;||||||||&#8220; header_font_size=&#8220;42px&#8220; header_font_size_phone=&#8220;24px&#8220; header_font_size_last_edited=&#8220;on|phone&#8220; text_orientation=&#8220;center&#8220; custom_padding_last_edited=&#8220;off|desktop&#8220;]<\/p>\n<h1>Milan<strong><span style=\"color: #8b0d09;\"> Ho\u0161ek<\/span><\/strong><\/h1>\n<p>[\/et_pb_text][et_pb_text background_layout=&#8220;dark&#8220; _builder_version=&#8220;3.0.91&#8243; text_font=&#8220;||||||||&#8220; text_font_size=&#8220;16px&#8220; text_orientation=&#8220;center&#8220;]<\/p>\n<p><span style=\"color: #eaeaea;\"><q><\/q><q>Zdrav\u00fd pohybje z\u00e1kladem pro zdrav\u00e9 t\u011blo.<br \/><\/q><\/span><\/p>\n<p>[\/et_pb_text][\/et_pb_column][\/et_pb_row][\/et_pb_section][et_pb_section fb_built=&#8220;1&#8243; background_color=&#8220;#8b0d09&#8243; _builder_version=&#8220;3.0.89&#8243; custom_padding=&#8220;0px|0px|0px|0px&#8220;][et_pb_row make_fullwidth=&#8220;on&#8220; _builder_version=&#8220;3.0.91&#8243;][et_pb_column type=&#8220;1_4&#8243; _builder_version=&#8220;3.0.47&#8243; parallax=&#8220;off&#8220; parallax_method=&#8220;on&#8220;][et_pb_blurb title=&#8220;+420 776 565 686&#8243; url=&#8220;tel:+420776565686&#8243; use_icon=&#8220;on&#8220; font_icon=&#8220;%%264%%&#8220; icon_color=&#8220;#ffffff&#8220; icon_placement=&#8220;left&#8220; background_layout=&#8220;dark&#8220; use_icon_font_size=&#8220;on&#8220; icon_font_size=&#8220;24px&#8220; _builder_version=&#8220;3.0.91&#8243; header_font=&#8220;||||||||&#8220;][\/et_pb_blurb][\/et_pb_column][et_pb_column type=&#8220;1_4&#8243; _builder_version=&#8220;3.0.47&#8243; parallax=&#8220;off&#8220; parallax_method=&#8220;on&#8220;][et_pb_blurb url=&#8220;mailto:hosek11.milan@gmail.com&#8220; use_icon=&#8220;on&#8220; font_icon=&#8220;%%238%%&#8220; icon_color=&#8220;#ffffff&#8220; icon_placement=&#8220;left&#8220; background_layout=&#8220;dark&#8220; use_icon_font_size=&#8220;on&#8220; icon_font_size=&#8220;24px&#8220; _builder_version=&#8220;3.0.91&#8243; body_font=&#8220;||||||||&#8220; body_font_size=&#8220;18px&#8220; locked=&#8220;off&#8220;]<\/p>\n<p>hosek11.milan@gmail.com<\/p>\n<p>[\/et_pb_blurb][\/et_pb_column][et_pb_column type=&#8220;1_4&#8243; _builder_version=&#8220;3.0.47&#8243; parallax=&#8220;off&#8220; parallax_method=&#8220;on&#8220;][et_pb_blurb url=&#8220;https:\/\/www.instagram.com\/kackatosnerova\/&#8220; url_new_window=&#8220;on&#8220; use_icon=&#8220;on&#8220; font_icon=&#8220;%%298%%&#8220; icon_color=&#8220;#ffffff&#8220; icon_placement=&#8220;left&#8220; background_layout=&#8220;dark&#8220; use_icon_font_size=&#8220;on&#8220; icon_font_size=&#8220;24px&#8220; _builder_version=&#8220;3.0.91&#8243; header_font=&#8220;||||||||&#8220; body_font=&#8220;||||||||&#8220; body_font_size=&#8220;18px&#8220; locked=&#8220;off&#8220;]<\/p>\n<p><a href=\"https:\/\/www.instagram.com\/milanhosek_\/\" target=\"_blank\" rel=\"noopener noreferrer\"><span style=\"color: #ffffff;\">milanhosek_<\/span><\/a><\/p>\n<p>[\/et_pb_blurb][\/et_pb_column][et_pb_column type=&#8220;1_4&#8243; _builder_version=&#8220;3.0.47&#8243; parallax=&#8220;off&#8220; parallax_method=&#8220;on&#8220;][\/et_pb_column][\/et_pb_row][\/et_pb_section][et_pb_section fb_built=&#8220;1&#8243; background_color=&#8220;#292a2e&#8220; _builder_version=&#8220;3.0.98&#8243;][et_pb_row _builder_version=&#8220;3.0.47&#8243; background_size=&#8220;initial&#8220; background_position=&#8220;top_left&#8220; background_repeat=&#8220;repeat&#8220;][et_pb_column type=&#8220;1_4&#8243; _builder_version=&#8220;3.0.47&#8243; parallax=&#8220;off&#8220; parallax_method=&#8220;on&#8220;][et_pb_image src=&#8220;http:\/\/bodyflexfitness.cz\/litomerice\/wp-content\/uploads\/sites\/2\/2023\/09\/trener_Hosek.png&#8220; _builder_version=&#8220;3.0.91&#8243;][\/et_pb_image][\/et_pb_column][et_pb_column type=&#8220;3_4&#8243; _builder_version=&#8220;3.0.47&#8243; parallax=&#8220;off&#8220; parallax_method=&#8220;on&#8220;][et_pb_text background_layout=&#8220;dark&#8220; _builder_version=&#8220;3.0.91&#8243; text_font=&#8220;||||||||&#8220;]<\/p>\n<p>Se sportem jsem za\u010d\u00ednal u\u017e ve 4 letech, v\u011bt\u0161inou se jednalo o kolektivn\u00ed sporty, jako ka\u017ed\u00fd vesnick\u00fd kluk jsem za\u010d\u00ednal fotbalem a v pr\u016fb\u011bhu n\u00e1sleduj\u00edc\u00edch let jsem se dostal p\u0159es florbal a tenis a\u017e k atletice. Po z\u00e1kladn\u00ed \u0161kole, m\u011b z\u00e1liba ke sportu zavedla na sportovn\u00ed gymn\u00e1zium v Jablonci nad Nisou, kde jsem za\u010d\u00ednal s atletikou. B\u011bhem relativn\u011b kr\u00e1tk\u00e9 doby jsem se dostal do dorosteneck\u00e9 a n\u00e1sledn\u011b juniorsk\u00e9 reprezentace a z\u00edskal titul mistra a n\u011bkolikr\u00e1t vicemistra \u010cr v hodu diskem a ve vrhu koul\u00ed.<\/p>\n<p>Atletiku, ostatn\u011b jako ka\u017ed\u00fd jin\u00fd vrcholov\u00fd sport doprov\u00e1zely n\u011bkdy drobn\u00e1 a n\u011bkdy v\u00e1\u017en\u011bj\u0161\u00ed zran\u011bn\u00ed, v t\u00e9 dob\u011b jsem se sezn\u00e1mil s fyzioterapi\u00ed, tenkr\u00e1t je\u0161t\u011b v roli pacienta. Kdy\u017e u\u017e se m\u00e9 \u00fasp\u011b\u0161n\u00e9 obdob\u00ed ch\u00fdlilo ke konci, rozhodl jsem se z l\u00e1sky k pohybu a sportu studovat fyzioterapii na Univerzit\u011b J. E. Purkyn\u011b. Po dokon\u010den\u00ed studia jsem se za\u010dal v\u011bnovat ostatn\u00edm sportovc\u016fm a b\u011b\u017en\u00e9 populaci ji\u017e v opa\u010dn\u00e9 roli.<\/p>\n<p>V\u00e1\u0161e\u0148 ke sportu, pohybu a k l\u00e9\u010db\u011b pohybov\u00e9ho apar\u00e1tu, m\u011b p\u0159ivedla k my\u0161lence kombinovat fyzioterapii s tr\u00e9nov\u00e1n\u00edm. M\u00fdm c\u00edlem je v prvn\u00ed \u0159ad\u011b v\u00e9st lidi k bezbolestn\u00e9mu pohybu nebo s pohybem bezpe\u010dn\u011b za\u010d\u00edt, ale i zdokonalovat zdatn\u011bj\u0161\u00ed jedince, kte\u0159\u00ed ji\u017e aktivn\u011b sportuj\u00ed.<\/p>\n<p>\u00a0<\/p>\n<table>\n<tbody>\n<tr>\n<td>1 konzultace \/ tr\u00e9nink<\/td>\n<td>750 K\u010d<\/td>\n<\/tr>\n<tr>\n<td>10 konzultac\u00ed \/ tr\u00e9nink\u016f<\/td>\n<td>7 000 K\u010d<\/td>\n<\/tr>\n<tr>\n<td>20 konzultac\u00ed \/<br \/> tr\u00e9nink\u016f<\/td>\n<td>13 000 K\u010d<\/td>\n<\/tr>\n<\/tbody>\n<\/table>\n<p>\u00a0<\/p>\n<p>[\/et_pb_text][\/et_pb_column][\/et_pb_row][\/et_pb_section][et_pb_section fb_built=&#8220;1&#8243; _builder_version=&#8220;3.0.98&#8243;][et_pb_row use_custom_gutter=&#8220;on&#8220; gutter_width=&#8220;1&#8243; module_class_1=&#8220;col2&#8243; module_class_2=&#8220;col2&#8243; module_class_3=&#8220;col2&#8243; module_class_4=&#8220;col2&#8243; _builder_version=&#8220;3.0.89&#8243; global_module=&#8220;984&#8243;][et_pb_column type=&#8220;1_4&#8243; _builder_version=&#8220;3.0.47&#8243; parallax=&#8220;off&#8220; parallax_method=&#8220;on&#8220; module_class=&#8220;col2&#8243;][et_pb_image src=&#8220;http:\/\/bodyflexfitness.cz\/litomerice\/wp-content\/uploads\/sites\/2\/2022\/07\/trener_vrana.jpg&#8220; url=&#8220;http:\/\/bodyflexfitness.cz\/litomerice\/treneri\/vrana\/&#8220; use_overlay=&#8220;on&#8220; overlay_icon_color=&#8220;#ffffff&#8220; hover_overlay_color=&#8220;rgba(139,13,9,0.5)&#8220; _builder_version=&#8220;3.0.91&#8243;][\/et_pb_image][et_pb_text background_layout=&#8220;dark&#8220; module_class=&#8220;text2&#8243; _builder_version=&#8220;3.0.91&#8243; text_font=&#8220;|700||on|||||&#8220; text_font_size=&#8220;16px&#8220; header_font=&#8220;||||||||&#8220; background_color=&#8220;#2A2D31&#8243; text_orientation=&#8220;center&#8220; custom_padding=&#8220;20px||20px|&#8220; locked=&#8220;off&#8220;]<\/p>\n<p>Ad\u00e9la Vran\u00e1<\/p>\n<p>[\/et_pb_text][\/et_pb_column][et_pb_column type=&#8220;1_4&#8243; _builder_version=&#8220;3.0.47&#8243; parallax=&#8220;off&#8220; parallax_method=&#8220;on&#8220; module_class=&#8220;col2&#8243;][et_pb_image src=&#8220;http:\/\/bodyflexfitness.cz\/litomerice\/wp-content\/uploads\/sites\/2\/2023\/09\/trener_Hosek.jpg&#8220; url=&#8220;http:\/\/bodyflexfitness.cz\/litomerice\/treneri\/milan-hosek\/&#8220; use_overlay=&#8220;on&#8220; overlay_icon_color=&#8220;#ffffff&#8220; hover_overlay_color=&#8220;rgba(139,13,9,0.5)&#8220; _builder_version=&#8220;3.0.91&#8243;][\/et_pb_image][et_pb_text background_layout=&#8220;dark&#8220; module_class=&#8220;text2&#8243; _builder_version=&#8220;3.0.91&#8243; text_font=&#8220;|700||on|||||&#8220; text_font_size=&#8220;16px&#8220; header_font=&#8220;||||||||&#8220; background_color=&#8220;#2A2D31&#8243; text_orientation=&#8220;center&#8220; custom_padding=&#8220;20px||20px|&#8220; locked=&#8220;off&#8220;]<\/p>\n<p>Milan Ho\u0161ek<\/p>\n<p>[\/et_pb_text][\/et_pb_column][et_pb_column type=&#8220;1_4&#8243; _builder_version=&#8220;3.0.47&#8243; parallax=&#8220;off&#8220; parallax_method=&#8220;on&#8220; module_class=&#8220;col2&#8243;][et_pb_image src=&#8220;http:\/\/bodyflexfitness.cz\/litomerice\/wp-content\/uploads\/sites\/2\/2025\/09\/trener_kudlackova.jpg&#8220; url=&#8220;http:\/\/bodyflexfitness.cz\/litomerice\/treneri\/irena-kudlackova\/&#8220; use_overlay=&#8220;on&#8220; overlay_icon_color=&#8220;#ffffff&#8220; hover_overlay_color=&#8220;rgba(139,13,9,0.5)&#8220; _builder_version=&#8220;3.0.91&#8243;][\/et_pb_image][et_pb_text background_layout=&#8220;dark&#8220; module_class=&#8220;text2&#8243; _builder_version=&#8220;3.0.91&#8243; text_font=&#8220;|700||on|||||&#8220; text_font_size=&#8220;16px&#8220; header_font=&#8220;||||||||&#8220; background_color=&#8220;#2A2D31&#8243; text_orientation=&#8220;center&#8220; custom_padding=&#8220;20px||20px|&#8220; locked=&#8220;off&#8220;]<\/p>\n<p>Irena Kudl\u00e1\u010dkov\u00e1<\/p>\n<p>[\/et_pb_text][\/et_pb_column][et_pb_column type=&#8220;1_4&#8243; _builder_version=&#8220;3.0.47&#8243; parallax=&#8220;off&#8220; parallax_method=&#8220;on&#8220; module_class=&#8220;col2&#8243;][\/et_pb_column][\/et_pb_row][\/et_pb_section]<\/p>\n","protected":false},"excerpt":{"rendered":"<p>[et_pb_section fb_built=&#8220;1&#8243; background_color=&#8220;rgba(0,0,0,0.7)&#8220; _builder_version=&#8220;3.0.91&#8243; background_image=&#8220;http:\/\/bodyflexfitness.cz\/litomerice\/wp-content\/uploads\/sites\/2\/2018\/01\/main-page.jpg&#8220; background_blend=&#8220;overlay&#8220;][et_pb_row custom_width_percent=&#8220;50%&#8220; _builder_version=&#8220;3.0.91&#8243; background_size=&#8220;initial&#8220; background_position=&#8220;top_left&#8220; background_repeat=&#8220;repeat&#8220; make_fullwidth=&#8220;on&#8220;][et_pb_column type=&#8220;4_4&#8243; _builder_version=&#8220;3.0.47&#8243; parallax=&#8220;off&#8220; parallax_method=&#8220;on&#8220;][et_pb_text background_layout=&#8220;dark&#8220; _builder_version=&#8220;3.0.91&#8243; text_font=&#8220;|||on|||||&#8220; header_font=&#8220;||||||||&#8220; header_font_size=&#8220;42px&#8220; header_font_size_phone=&#8220;24px&#8220; header_font_size_last_edited=&#8220;on|phone&#8220; text_orientation=&#8220;center&#8220; custom_padding_last_edited=&#8220;off|desktop&#8220;] Milan Ho\u0161ek [\/et_pb_text][et_pb_text background_layout=&#8220;dark&#8220; _builder_version=&#8220;3.0.91&#8243; text_font=&#8220;||||||||&#8220; text_font_size=&#8220;16px&#8220; text_orientation=&#8220;center&#8220;] Zdrav\u00fd pohybje z\u00e1kladem pro zdrav\u00e9 t\u011blo. [\/et_pb_text][\/et_pb_column][\/et_pb_row][\/et_pb_section][et_pb_section fb_built=&#8220;1&#8243; background_color=&#8220;#8b0d09&#8243; _builder_version=&#8220;3.0.89&#8243; custom_padding=&#8220;0px|0px|0px|0px&#8220;][et_pb_row make_fullwidth=&#8220;on&#8220; _builder_version=&#8220;3.0.91&#8243;][et_pb_column type=&#8220;1_4&#8243; _builder_version=&#8220;3.0.47&#8243; parallax=&#8220;off&#8220; parallax_method=&#8220;on&#8220;][et_pb_blurb title=&#8220;+420 776 565 686&#8243; url=&#8220;tel:+420776565686&#8243; [&hellip;]<\/p>\n","protected":false},"author":2,"featured_media":0,"parent":114,"menu_order":0,"comment_status":"closed","ping_status":"closed","template":"","meta":{"footnotes":""},"class_list":["post-1859","page","type-page","status-publish","hentry"],"_links":{"self":[{"href":"https:\/\/bodyflexfitness.cz\/litomerice\/wp-json\/wp\/v2\/pages\/1859","targetHints":{"allow":["GET"]}}],"collection":[{"href":"https:\/\/bodyflexfitness.cz\/litomerice\/wp-json\/wp\/v2\/pages"}],"about":[{"href":"https:\/\/bodyflexfitness.cz\/litomerice\/wp-json\/wp\/v2\/types\/page"}],"author":[{"embeddable":true,"href":"https:\/\/bodyflexfitness.cz\/litomerice\/wp-json\/wp\/v2\/users\/2"}],"replies":[{"embeddable":true,"href":"https:\/\/bodyflexfitness.cz\/litomerice\/wp-json\/wp\/v2\/comments?post=1859"}],"version-history":[{"count":5,"href":"https:\/\/bodyflexfitness.cz\/litomerice\/wp-json\/wp\/v2\/pages\/1859\/revisions"}],"predecessor-version":[{"id":2052,"href":"https:\/\/bodyflexfitness.cz\/litomerice\/wp-json\/wp\/v2\/pages\/1859\/revisions\/2052"}],"up":[{"embeddable":true,"href":"https:\/\/bodyflexfitness.cz\/litomerice\/wp-json\/wp\/v2\/pages\/114"}],"wp:attachment":[{"href":"https:\/\/bodyflexfitness.cz\/litomerice\/wp-json\/wp\/v2\/media?parent=1859"}],"curies":[{"name":"wp","href":"https:\/\/api.w.org\/{rel}","templated":true}]}}