{"id":2466,"date":"2023-11-06T20:59:50","date_gmt":"2023-11-06T19:59:50","guid":{"rendered":"https:\/\/bodyflexfitness.cz\/hradeckralove\/?page_id=2466"},"modified":"2026-04-20T17:32:59","modified_gmt":"2026-04-20T15:32:59","slug":"kristyna-kolarova","status":"publish","type":"page","link":"https:\/\/bodyflexfitness.cz\/hradeckralove\/treneri\/kristyna-kolarova\/","title":{"rendered":"Krist\u00fdna Kol\u00e1\u0159ov\u00e1"},"content":{"rendered":"<p>[et_pb_section fb_built=&#8220;1&#8243; background_color=&#8220;rgba(0,0,0,0.7)&#8220; _builder_version=&#8220;3.0.91&#8243; background_image=&#8220;http:\/\/bodyflexfitness.cz\/hradeckralove\/wp-content\/uploads\/sites\/4\/2018\/01\/main-page.jpg&#8220; background_blend=&#8220;overlay&#8220;][et_pb_row make_fullwidth=&#8220;on&#8220; _builder_version=&#8220;3.0.91&#8243; background_size=&#8220;initial&#8220; background_position=&#8220;top_left&#8220; background_repeat=&#8220;repeat&#8220;][et_pb_column type=&#8220;4_4&#8243; _builder_version=&#8220;3.0.47&#8243; parallax=&#8220;off&#8220; parallax_method=&#8220;on&#8220;][et_pb_text background_layout=&#8220;dark&#8220; _builder_version=&#8220;3.0.91&#8243; text_font=&#8220;|||on|||||&#8220; header_font=&#8220;||||||||&#8220; header_font_size=&#8220;42px&#8220; header_font_size_phone=&#8220;24px&#8220; header_font_size_last_edited=&#8220;on|phone&#8220; text_orientation=&#8220;center&#8220;]<\/p>\n<h1>Krist\u00fdna<strong><span style=\"color: #8b0d09;\"> Kol\u00e1\u0159ov\u00e1<\/span><\/strong><\/h1>\n<p>[\/et_pb_text][et_pb_text background_layout=&#8220;dark&#8220; _builder_version=&#8220;3.0.91&#8243; text_font=&#8220;||||||||&#8220; text_font_size=&#8220;16px&#8220; text_orientation=&#8220;center&#8220;]<\/p>\n<p class=\"western\" lang=\"cs-CZ\">R\u00e1da pomohu \u017een\u00e1m, aby se c\u00edtily sebev\u011bdom\u011b a dob\u0159e ve sv\u00e9m t\u011ble.<\/p>\n<p>[\/et_pb_text][\/et_pb_column][\/et_pb_row][\/et_pb_section][et_pb_section fb_built=&#8220;1&#8243; background_color=&#8220;#8b0d09&#8243; _builder_version=&#8220;3.0.89&#8243; custom_padding=&#8220;0px|0px|0px|0px&#8220;][et_pb_row make_fullwidth=&#8220;on&#8220; _builder_version=&#8220;3.0.91&#8243;][et_pb_column type=&#8220;1_4&#8243; _builder_version=&#8220;3.0.47&#8243; parallax=&#8220;off&#8220; parallax_method=&#8220;on&#8220;][et_pb_blurb title=&#8220;+420 731 571 769&#8243; url=&#8220;tel:+420731571769&#8243; use_icon=&#8220;on&#8220; font_icon=&#8220;%%264%%&#8220; icon_color=&#8220;#ffffff&#8220; icon_placement=&#8220;left&#8220; background_layout=&#8220;dark&#8220; use_icon_font_size=&#8220;on&#8220; icon_font_size=&#8220;24px&#8220; _builder_version=&#8220;3.0.91&#8243;][\/et_pb_blurb][\/et_pb_column][et_pb_column type=&#8220;1_4&#8243; _builder_version=&#8220;3.0.47&#8243; parallax=&#8220;off&#8220; parallax_method=&#8220;on&#8220;][et_pb_blurb title=&#8220;k.kolarova6@seznam.cz&#8220; url=&#8220;mailto:k.kolarova6@seznam.cz&#8220; use_icon=&#8220;on&#8220; font_icon=&#8220;%%238%%&#8220; icon_color=&#8220;#ffffff&#8220; icon_placement=&#8220;left&#8220; background_layout=&#8220;dark&#8220; use_icon_font_size=&#8220;on&#8220; icon_font_size=&#8220;24px&#8220; _builder_version=&#8220;3.0.91&#8243; locked=&#8220;off&#8220;][\/et_pb_blurb][\/et_pb_column][et_pb_column type=&#8220;1_4&#8243; _builder_version=&#8220;3.0.47&#8243; parallax=&#8220;off&#8220; parallax_method=&#8220;on&#8220;][et_pb_blurb title=&#8220;kristyn.kolar&#8220; url=&#8220;https:\/\/www.instagram.com\/kristyn.kolar&#8220; url_new_window=&#8220;on&#8220; use_icon=&#8220;on&#8220; font_icon=&#8220;%%298%%&#8220; icon_color=&#8220;#ffffff&#8220; icon_placement=&#8220;left&#8220; background_layout=&#8220;dark&#8220; use_icon_font_size=&#8220;on&#8220; icon_font_size=&#8220;24px&#8220; _builder_version=&#8220;3.0.91&#8243; locked=&#8220;off&#8220;][\/et_pb_blurb][\/et_pb_column][et_pb_column type=&#8220;1_4&#8243; _builder_version=&#8220;3.0.47&#8243; parallax=&#8220;off&#8220; parallax_method=&#8220;on&#8220;][\/et_pb_column][\/et_pb_row][\/et_pb_section][et_pb_section fb_built=&#8220;1&#8243; background_color=&#8220;#292a2e&#8220; _builder_version=&#8220;3.0.91&#8243;][et_pb_row _builder_version=&#8220;3.0.47&#8243; background_size=&#8220;initial&#8220; background_position=&#8220;top_left&#8220; background_repeat=&#8220;repeat&#8220;][et_pb_column type=&#8220;1_4&#8243; _builder_version=&#8220;3.0.47&#8243; parallax=&#8220;off&#8220; parallax_method=&#8220;on&#8220;][et_pb_image src=&#8220;http:\/\/bodyflexfitness.cz\/hradeckralove\/wp-content\/uploads\/sites\/4\/2023\/11\/trener_kolarova_nyta_PNG.png&#8220; _builder_version=&#8220;3.0.91&#8243;][\/et_pb_image][\/et_pb_column][et_pb_column type=&#8220;3_4&#8243; _builder_version=&#8220;3.0.47&#8243; parallax=&#8220;off&#8220; parallax_method=&#8220;on&#8220;][et_pb_text background_layout=&#8220;dark&#8220; _builder_version=&#8220;3.0.91&#8243; text_font=&#8220;||||||||&#8220;]<\/p>\n<p>R\u00e1da pomohu \u017een\u00e1m, aby se c\u00edtily sebev\u011bdom\u011b a dob\u0159e ve sv\u00e9m t\u011ble. <\/p>\n<p>Sport a pohyb m\u011b prov\u00e1z\u00ed od d\u011btstv\u00ed. V\u011bnovala jsem se sportovn\u00ed gymnastice, atletice a v 19-ti letech jsem za\u010dala nav\u0161t\u011bvovat fitko, kter\u00e9 m\u011b napl\u0148uje a je m\u00fdm velk\u00fdm kon\u00ed\u010dkem dodnes.<\/p>\n<p>R\u00e1da kombinuji silov\u00fd tr\u00e9nink s kondi\u010dn\u00edm, je to pro m\u011b pestr\u00e9, z\u00e1bavn\u00e9 a hlavn\u011b \u00fa\u010dinn\u00e9. <br \/>Nejsem zast\u00e1nkyn\u00ed nesmysln\u00fdch diet, jeliko\u017e jsem si sama vyzkou\u0161ela, \u017ee nejl\u00e9pe funguje vyv\u00e1\u017een\u00e1 strava, klidn\u00e1 mysl, dostatek sp\u00e1nku a pohybu.<\/p>\n<p>R\u00e1da V\u00e1m sv\u00e9 zku\u0161enosti p\u0159ed\u00e1m a pomohu na cest\u011b za vysn\u011bnou postavou.<\/p>\n<p>[\/et_pb_text][\/et_pb_column][\/et_pb_row][et_pb_row _builder_version=&#8220;3.0.91&#8243;][et_pb_column type=&#8220;4_4&#8243; _builder_version=&#8220;3.0.47&#8243; parallax=&#8220;off&#8220; parallax_method=&#8220;on&#8220;][et_pb_code _builder_version=&#8220;3.0.91&#8243; filter_brightness=&#8220;200%&#8220; filter_contrast=&#8220;200%&#8220;]&lt;table&gt;&lt;tbody&gt;&lt;tr&gt;&lt;td style=&quot;vertical-align: top&quot;&gt;Tr\u00e9ninky na m\u011bs\u00edc&lt;\/td&gt;&lt;td style=&quot;vertical-align: top&quot;&gt;&lt;\/td&gt;&lt;\/tr&gt;&lt;tr&gt;&lt;td style=&quot;vertical-align: top&quot;&gt;Tr\u00e9nink 2x t\u00fddn\u011b&lt;\/td&gt;&lt;td style=&quot;vertical-align: top&quot;&gt;6 490 K\u010d \/ 1 os. &#8211; 790 K\u010d za tr\u00e9nink&lt;\/td&gt;&lt;\/tr&gt;&lt;tr&gt;&lt;td style=&quot;vertical-align: top&quot;&gt;Tr\u00e9nink 2x t\u00fddn\u011b&lt;\/td&gt;&lt;td style=&quot;vertical-align: top&quot;&gt;9 490 K\u010d \/ 2 os. &#8211; 590 K\u010d za tr\u00e9nink&lt;\/td&gt;&lt;\/tr&gt;&lt;\/tbody&gt;&lt;\/table&gt;[\/et_pb_code][\/et_pb_column][\/et_pb_row][et_pb_row _builder_version=&#8220;3.0.91&#8243;][et_pb_column type=&#8220;4_4&#8243; _builder_version=&#8220;3.0.47&#8243; parallax=&#8220;off&#8220; parallax_method=&#8220;on&#8220;][et_pb_text background_layout=&#8220;dark&#8220; _builder_version=&#8220;3.0.91&#8243; text_font=&#8220;||||||||&#8220;]<\/p>\n<p><span style=\"text-decoration: underline;\"><strong>Absolvovan\u00e9 kurzy:<\/strong><\/span><\/p>\n<ul>\n<li>Kurz osobn\u00ed tren\u00e9r ve fitness<\/li>\n<li>Variace funk\u010dn\u00edho tr\u00e9ninku 3DF<\/li>\n<li>TRX osobn\u00ed tr\u00e9nink 3DF<\/li>\n<\/ul>\n<p>[\/et_pb_text][\/et_pb_column][\/et_pb_row][\/et_pb_section][et_pb_section fb_built=&#8220;1&#8243; _builder_version=&#8220;3.0.91&#8243; global_module=&#8220;2824&#8243;][et_pb_row use_custom_gutter=&#8220;on&#8220; gutter_width=&#8220;1&#8243; module_class_1=&#8220;col2&#8243; module_class_2=&#8220;col2&#8243; module_class_3=&#8220;col2&#8243; module_class_4=&#8220;col2&#8243; _builder_version=&#8220;3.0.91&#8243; saved_tabs=&#8220;all&#8220;][et_pb_column type=&#8220;1_4&#8243; _builder_version=&#8220;3.0.47&#8243; parallax=&#8220;off&#8220; parallax_method=&#8220;on&#8220; module_class=&#8220;col2&#8243;][et_pb_image src=&#8220;http:\/\/bodyflexfitness.cz\/hradeckralove\/wp-content\/uploads\/sites\/4\/2023\/11\/trener_kolaroa.jpg&#8220; url=&#8220;http:\/\/bodyflexfitness.cz\/hradeckralove\/treneri\/kristyna-kolarova\/&#8220; use_overlay=&#8220;on&#8220; overlay_icon_color=&#8220;#ffffff&#8220; hover_overlay_color=&#8220;rgba(139,13,9,0.5)&#8220; hover_icon=&#8220;%%200%%&#8220; _builder_version=&#8220;3.0.91&#8243; background_color=&#8220;#000000&#8243;][\/et_pb_image][et_pb_text background_layout=&#8220;dark&#8220; module_class=&#8220;text2&#8243; _builder_version=&#8220;3.0.91&#8243; text_font=&#8220;|700||on|||||&#8220; text_font_size=&#8220;16px&#8220; header_font=&#8220;||||||||&#8220; background_color=&#8220;#2A2D31&#8243; text_orientation=&#8220;center&#8220; custom_padding=&#8220;20px||20px|&#8220;]<\/p>\n<p><a href=\"http:\/\/bodyflexfitness.cz\/hradeckralove\/treneri\/kristyna-kolarova\/\" title=\"Krist\u00fdna Kol\u00e1\u0159ov\u00e1 osobn\u00ed tren\u00e9r\"><span style=\"color: #ffffff;\">Krist\u00fdna Kol\u00e1\u0159ov\u00e1<\/span><\/a><\/p>\n<p>[\/et_pb_text][et_pb_image src=&#8220;http:\/\/bodyflexfitness.cz\/hradeckralove\/wp-content\/uploads\/sites\/4\/2019\/01\/trener_kittner-1.jpg&#8220; url=&#8220;http:\/\/bodyflexfitness.cz\/hradeckralove\/treneri\/jan-kittner\/&#8220; use_overlay=&#8220;on&#8220; overlay_icon_color=&#8220;#ffffff&#8220; hover_overlay_color=&#8220;rgba(139,13,9,0.5)&#8220; hover_icon=&#8220;%%200%%&#8220; _builder_version=&#8220;3.0.91&#8243; background_color=&#8220;#000000&#8243;][\/et_pb_image][et_pb_text background_layout=&#8220;dark&#8220; module_class=&#8220;text2&#8243; _builder_version=&#8220;3.0.91&#8243; text_font=&#8220;|700||on|||||&#8220; text_font_size=&#8220;16px&#8220; header_font=&#8220;||||||||&#8220; background_color=&#8220;#2A2D31&#8243; text_orientation=&#8220;center&#8220; custom_padding=&#8220;20px||20px|&#8220;]<\/p>\n<p><span style=\"color: #ffffff\"><a style=\"color: #ffffff\" href=\"\/hradeckralove\/nas-tym\/jan-kittner\/\">Jan Kittner<\/a><\/span><\/p>\n<p>[\/et_pb_text][\/et_pb_column][et_pb_column type=&#8220;1_4&#8243; _builder_version=&#8220;3.0.47&#8243; parallax=&#8220;off&#8220; parallax_method=&#8220;on&#8220; module_class=&#8220;col2&#8243;][et_pb_image src=&#8220;http:\/\/bodyflexfitness.cz\/hradeckralove\/wp-content\/uploads\/sites\/4\/2023\/12\/trener_ondrackova.jpg&#8220; url=&#8220;http:\/\/bodyflexfitness.cz\/hradeckralove\/treneri\/katerina-ondrackova\/&#8220; use_overlay=&#8220;on&#8220; overlay_icon_color=&#8220;#ffffff&#8220; hover_overlay_color=&#8220;rgba(139,13,9,0.5)&#8220; _builder_version=&#8220;3.0.91&#8243; background_color=&#8220;#000000&#8243;][\/et_pb_image][et_pb_text background_layout=&#8220;dark&#8220; module_class=&#8220;text2&#8243; _builder_version=&#8220;3.0.91&#8243; text_font=&#8220;|700||on|||||&#8220; text_font_size=&#8220;16px&#8220; header_font=&#8220;||||||||&#8220; background_color=&#8220;#2A2D31&#8243; text_orientation=&#8220;center&#8220; custom_padding=&#8220;20px||20px|&#8220;]<\/p>\n<p><span style=\"color: #ffffff;\"><a style=\"color: #ffffff;\" href=\"http:\/\/bodyflexfitness.cz\/hradeckralove\/treneri\/katerina-ondrackova\/\">Kate\u0159ina Ondr\u00e1\u010dkov\u00e1<\/a><\/span><\/p>\n<p>[\/et_pb_text][et_pb_image src=&#8220;http:\/\/bodyflexfitness.cz\/hradeckralove\/wp-content\/uploads\/sites\/4\/2021\/10\/trener_jirka.jpg&#8220; url=&#8220;\/hradeckralove\/treneri\/jiri-borkovec\/&#8220; use_overlay=&#8220;on&#8220; overlay_icon_color=&#8220;#ffffff&#8220; hover_overlay_color=&#8220;rgba(139,13,9,0.5)&#8220; _builder_version=&#8220;3.0.91&#8243; background_color=&#8220;#000000&#8243;][\/et_pb_image][et_pb_text background_layout=&#8220;dark&#8220; module_class=&#8220;text2&#8243; _builder_version=&#8220;3.0.91&#8243; text_font=&#8220;|700||on|||||&#8220; text_font_size=&#8220;16px&#8220; header_font=&#8220;||||||||&#8220; background_color=&#8220;#2A2D31&#8243; text_orientation=&#8220;center&#8220; custom_padding=&#8220;20px||20px|&#8220;]<\/p>\n<p><span style=\"color: #ffffff\"><a style=\"color: #ffffff\" href=\"\/hradeckralove\/treneri\/jiri-borkovec\/\">JI\u0158\u00cd BORKOVEC<\/a><\/span><\/p>\n<p>[\/et_pb_text][\/et_pb_column][et_pb_column type=&#8220;1_4&#8243; _builder_version=&#8220;3.0.47&#8243; parallax=&#8220;off&#8220; parallax_method=&#8220;on&#8220; module_class=&#8220;col2&#8243;][et_pb_image src=&#8220;http:\/\/bodyflexfitness.cz\/hradeckralove\/wp-content\/uploads\/sites\/4\/2025\/06\/trener_denk.jpg&#8220; url=&#8220;http:\/\/bodyflexfitness.cz\/hradeckralove\/treneri\/daniel-denk\/&#8220; use_overlay=&#8220;on&#8220; overlay_icon_color=&#8220;#ffffff&#8220; hover_overlay_color=&#8220;rgba(139,13,9,0.5)&#8220; hover_icon=&#8220;%%200%%&#8220; _builder_version=&#8220;3.0.91&#8243; background_color=&#8220;#000000&#8243;][\/et_pb_image][et_pb_text background_layout=&#8220;dark&#8220; module_class=&#8220;text2&#8243; _builder_version=&#8220;3.0.91&#8243; text_font=&#8220;|700||on|||||&#8220; text_font_size=&#8220;16px&#8220; header_font=&#8220;||||||||&#8220; background_color=&#8220;#2A2D31&#8243; text_orientation=&#8220;center&#8220; custom_padding=&#8220;20px||20px|&#8220;]<\/p>\n<p><a href=\"http:\/\/bodyflexfitness.cz\/hradeckralove\/treneri\/daniel-denk\/\" title=\"Daniel Denk\"><span style=\"color: #ffffff;\">Daniel Denk<\/span><\/a><\/p>\n<p>[\/et_pb_text][et_pb_image src=&#8220;http:\/\/bodyflexfitness.cz\/hradeckralove\/wp-content\/uploads\/sites\/4\/2024\/12\/trener_konecny.jpg&#8220; url=&#8220;http:\/\/bodyflexfitness.cz\/hradeckralove\/treneri\/roman-konecny\/&#8220; use_overlay=&#8220;on&#8220; overlay_icon_color=&#8220;#ffffff&#8220; hover_overlay_color=&#8220;rgba(139,13,9,0.5)&#8220; hover_icon=&#8220;%%200%%&#8220; _builder_version=&#8220;3.0.91&#8243; background_color=&#8220;#000000&#8243;][\/et_pb_image][et_pb_text background_layout=&#8220;dark&#8220; module_class=&#8220;text2&#8243; _builder_version=&#8220;3.0.91&#8243; text_font=&#8220;|700||on|||||&#8220; text_font_size=&#8220;16px&#8220; header_font=&#8220;||||||||&#8220; background_color=&#8220;#2A2D31&#8243; text_orientation=&#8220;center&#8220; custom_padding=&#8220;20px||20px|&#8220;]<\/p>\n<p><a href=\"http:\/\/bodyflexfitness.cz\/hradeckralove\/treneri\/roman-konecny\/\" title=\"Roman Kone\u010dn\u00fd\"><span style=\"color: #ffffff;\">Roman Kone\u010dn\u00fd<\/span><\/a><\/p>\n<p>[\/et_pb_text][\/et_pb_column][et_pb_column type=&#8220;1_4&#8243; _builder_version=&#8220;3.0.47&#8243; parallax=&#8220;off&#8220; parallax_method=&#8220;on&#8220; module_class=&#8220;col2&#8243;][et_pb_image src=&#8220;http:\/\/bodyflexfitness.cz\/hradeckralove\/wp-content\/uploads\/sites\/4\/2022\/02\/trener_viktorin.jpg&#8220; url=&#8220;\/hradeckralove\/treneri\/viktorin\/&#8220; use_overlay=&#8220;on&#8220; overlay_icon_color=&#8220;#ffffff&#8220; hover_overlay_color=&#8220;rgba(139,13,9,0.5)&#8220; hover_icon=&#8220;%%200%%&#8220; _builder_version=&#8220;3.0.91&#8243; background_color=&#8220;#000000&#8243;][\/et_pb_image][et_pb_text background_layout=&#8220;dark&#8220; module_class=&#8220;text2&#8243; _builder_version=&#8220;3.0.91&#8243; text_font=&#8220;|700||on|||||&#8220; text_font_size=&#8220;16px&#8220; header_font=&#8220;||||||||&#8220; background_color=&#8220;#2A2D31&#8243; text_orientation=&#8220;center&#8220; custom_padding=&#8220;20px||20px|&#8220;]<\/p>\n<p><span style=\"color: #ffffff;\"><a style=\"color: #ffffff;\" href=\"\/hradeckralove\/treneri\/viktorin\/\">Martin Viktorin<\/a><\/span><\/p>\n<p>[\/et_pb_text][et_pb_image src=&#8220;http:\/\/bodyflexfitness.cz\/hradeckralove\/wp-content\/uploads\/sites\/4\/2025\/07\/trener_tobiskova.jpg&#8220; url=&#8220;\/hradeckralove\/treneri\/diana-tobiskova\/&#8220; use_overlay=&#8220;on&#8220; overlay_icon_color=&#8220;#ffffff&#8220; hover_overlay_color=&#8220;rgba(139,13,9,0.5)&#8220; hover_icon=&#8220;%%200%%&#8220; _builder_version=&#8220;3.0.91&#8243; background_color=&#8220;#000000&#8243;][\/et_pb_image][et_pb_text background_layout=&#8220;dark&#8220; module_class=&#8220;text2&#8243; _builder_version=&#8220;3.0.91&#8243; text_font=&#8220;|700||on|||||&#8220; text_font_size=&#8220;16px&#8220; header_font=&#8220;||||||||&#8220; background_color=&#8220;#2A2D31&#8243; text_orientation=&#8220;center&#8220; custom_padding=&#8220;20px||20px|&#8220;]<\/p>\n<p><span style=\"color: #ffffff;\"><a style=\"color: #ffffff;\" href=\"\/hradeckralove\/treneri\/diana-tobiskova\/\">Diana Tobi\u0161kov\u00e1<\/a><\/span><\/p>\n<p>[\/et_pb_text][\/et_pb_column][\/et_pb_row][\/et_pb_section]<\/p>\n","protected":false},"excerpt":{"rendered":"<p>[et_pb_section fb_built=&#8220;1&#8243; background_color=&#8220;rgba(0,0,0,0.7)&#8220; _builder_version=&#8220;3.0.91&#8243; background_image=&#8220;http:\/\/bodyflexfitness.cz\/hradeckralove\/wp-content\/uploads\/sites\/4\/2018\/01\/main-page.jpg&#8220; background_blend=&#8220;overlay&#8220;][et_pb_row make_fullwidth=&#8220;on&#8220; _builder_version=&#8220;3.0.91&#8243; background_size=&#8220;initial&#8220; background_position=&#8220;top_left&#8220; background_repeat=&#8220;repeat&#8220;][et_pb_column type=&#8220;4_4&#8243; _builder_version=&#8220;3.0.47&#8243; parallax=&#8220;off&#8220; parallax_method=&#8220;on&#8220;][et_pb_text background_layout=&#8220;dark&#8220; _builder_version=&#8220;3.0.91&#8243; text_font=&#8220;|||on|||||&#8220; header_font=&#8220;||||||||&#8220; header_font_size=&#8220;42px&#8220; header_font_size_phone=&#8220;24px&#8220; header_font_size_last_edited=&#8220;on|phone&#8220; text_orientation=&#8220;center&#8220;] Krist\u00fdna Kol\u00e1\u0159ov\u00e1 [\/et_pb_text][et_pb_text background_layout=&#8220;dark&#8220; _builder_version=&#8220;3.0.91&#8243; text_font=&#8220;||||||||&#8220; text_font_size=&#8220;16px&#8220; text_orientation=&#8220;center&#8220;] R\u00e1da pomohu \u017een\u00e1m, aby se c\u00edtily sebev\u011bdom\u011b a dob\u0159e ve sv\u00e9m t\u011ble. [\/et_pb_text][\/et_pb_column][\/et_pb_row][\/et_pb_section][et_pb_section fb_built=&#8220;1&#8243; background_color=&#8220;#8b0d09&#8243; _builder_version=&#8220;3.0.89&#8243; custom_padding=&#8220;0px|0px|0px|0px&#8220;][et_pb_row make_fullwidth=&#8220;on&#8220; _builder_version=&#8220;3.0.91&#8243;][et_pb_column type=&#8220;1_4&#8243; _builder_version=&#8220;3.0.47&#8243; parallax=&#8220;off&#8220; parallax_method=&#8220;on&#8220;][et_pb_blurb title=&#8220;+420 [&hellip;]<\/p>\n","protected":false},"author":2,"featured_media":0,"parent":114,"menu_order":0,"comment_status":"closed","ping_status":"closed","template":"","meta":{"footnotes":""},"class_list":["post-2466","page","type-page","status-publish","hentry"],"_links":{"self":[{"href":"https:\/\/bodyflexfitness.cz\/hradeckralove\/wp-json\/wp\/v2\/pages\/2466","targetHints":{"allow":["GET"]}}],"collection":[{"href":"https:\/\/bodyflexfitness.cz\/hradeckralove\/wp-json\/wp\/v2\/pages"}],"about":[{"href":"https:\/\/bodyflexfitness.cz\/hradeckralove\/wp-json\/wp\/v2\/types\/page"}],"author":[{"embeddable":true,"href":"https:\/\/bodyflexfitness.cz\/hradeckralove\/wp-json\/wp\/v2\/users\/2"}],"replies":[{"embeddable":true,"href":"https:\/\/bodyflexfitness.cz\/hradeckralove\/wp-json\/wp\/v2\/comments?post=2466"}],"version-history":[{"count":16,"href":"https:\/\/bodyflexfitness.cz\/hradeckralove\/wp-json\/wp\/v2\/pages\/2466\/revisions"}],"predecessor-version":[{"id":2995,"href":"https:\/\/bodyflexfitness.cz\/hradeckralove\/wp-json\/wp\/v2\/pages\/2466\/revisions\/2995"}],"up":[{"embeddable":true,"href":"https:\/\/bodyflexfitness.cz\/hradeckralove\/wp-json\/wp\/v2\/pages\/114"}],"wp:attachment":[{"href":"https:\/\/bodyflexfitness.cz\/hradeckralove\/wp-json\/wp\/v2\/media?parent=2466"}],"curies":[{"name":"wp","href":"https:\/\/api.w.org\/{rel}","templated":true}]}}