{"id":1396,"date":"2019-01-10T11:48:24","date_gmt":"2019-01-10T10:48:24","guid":{"rendered":"https:\/\/bodyflexfitness.cz\/hradeckralove\/?page_id=1396"},"modified":"2026-03-15T07:45:54","modified_gmt":"2026-03-15T06:45:54","slug":"jan-kittner","status":"publish","type":"page","link":"https:\/\/bodyflexfitness.cz\/hradeckralove\/treneri\/jan-kittner\/","title":{"rendered":"Jan Kittner"},"content":{"rendered":"<p>[et_pb_section fb_built=&#8220;1&#8243; background_color=&#8220;rgba(0,0,0,0.7)&#8220; _builder_version=&#8220;3.0.91&#8243; background_image=&#8220;http:\/\/bodyflexfitness.cz\/hradeckralove\/wp-content\/uploads\/sites\/4\/2018\/01\/main-page.jpg&#8220; background_blend=&#8220;overlay&#8220;][et_pb_row custom_width_percent=&#8220;50%&#8220; _builder_version=&#8220;3.0.91&#8243; background_size=&#8220;initial&#8220; background_position=&#8220;top_left&#8220; background_repeat=&#8220;repeat&#8220; make_fullwidth=&#8220;on&#8220;][et_pb_column type=&#8220;4_4&#8243; _builder_version=&#8220;3.0.47&#8243; parallax=&#8220;off&#8220; parallax_method=&#8220;on&#8220;][et_pb_text background_layout=&#8220;dark&#8220; _builder_version=&#8220;3.0.91&#8243; text_font=&#8220;|||on|||||&#8220; header_font=&#8220;||||||||&#8220; header_font_size=&#8220;42px&#8220; header_font_size_phone=&#8220;24px&#8220; header_font_size_last_edited=&#8220;on|phone&#8220; text_orientation=&#8220;center&#8220;]<\/p>\n<h1>Jan<strong><span style=\"color: #8b0d09\"> Kittner<\/span><\/strong><\/h1>\n<p>[\/et_pb_text][et_pb_text background_layout=&#8220;dark&#8220; _builder_version=&#8220;3.0.89&#8243; text_font=&#8220;||||||||&#8220; text_font_size=&#8220;16px&#8220; text_orientation=&#8220;center&#8220;]<\/p>\n<p class=\"western\" lang=\"cs-CZ\">Uk\u00e1\u017eu V\u00e1m tu nejefektivn\u011bj\u0161\u00ed cestu k dosa\u017een\u00ed Va\u0161ich c\u00edl\u016f, ale odmakat si to mus\u00edte sami.<\/p>\n<p>[\/et_pb_text][\/et_pb_column][\/et_pb_row][\/et_pb_section][et_pb_section fb_built=&#8220;1&#8243; background_color=&#8220;#8b0d09&#8243; _builder_version=&#8220;3.0.89&#8243; custom_padding=&#8220;0px|0px|0px|0px&#8220;][et_pb_row make_fullwidth=&#8220;on&#8220; _builder_version=&#8220;3.0.91&#8243;][et_pb_column type=&#8220;1_4&#8243; _builder_version=&#8220;3.0.47&#8243; parallax=&#8220;off&#8220; parallax_method=&#8220;on&#8220;][et_pb_blurb title=&#8220;+420 728 845 053&#8243; url=&#8220;tel:+420728845053&#8243; use_icon=&#8220;on&#8220; font_icon=&#8220;%%264%%&#8220; icon_color=&#8220;#ffffff&#8220; icon_placement=&#8220;left&#8220; background_layout=&#8220;dark&#8220; use_icon_font_size=&#8220;on&#8220; icon_font_size=&#8220;24px&#8220; _builder_version=&#8220;3.0.91&#8243;][\/et_pb_blurb][\/et_pb_column][et_pb_column type=&#8220;1_4&#8243; _builder_version=&#8220;3.0.47&#8243; parallax=&#8220;off&#8220; parallax_method=&#8220;on&#8220;][et_pb_blurb title=&#8220;jankittner@seznam.cz&#8220; url=&#8220;mailto:jankittner@seznam.cz&#8220; use_icon=&#8220;on&#8220; font_icon=&#8220;%%238%%&#8220; icon_color=&#8220;#ffffff&#8220; icon_placement=&#8220;left&#8220; background_layout=&#8220;dark&#8220; use_icon_font_size=&#8220;on&#8220; icon_font_size=&#8220;24px&#8220; _builder_version=&#8220;3.0.91&#8243; locked=&#8220;off&#8220;][\/et_pb_blurb][\/et_pb_column][et_pb_column type=&#8220;1_4&#8243; _builder_version=&#8220;3.0.47&#8243; parallax=&#8220;off&#8220; parallax_method=&#8220;on&#8220;][et_pb_blurb title=&#8220;Jan Kittner&#8220; url=&#8220;https:\/\/www.facebook.com\/jan.kittner.5&#8243; url_new_window=&#8220;on&#8220; use_icon=&#8220;on&#8220; font_icon=&#8220;%%291%%&#8220; icon_color=&#8220;#ffffff&#8220; icon_placement=&#8220;left&#8220; background_layout=&#8220;dark&#8220; use_icon_font_size=&#8220;on&#8220; icon_font_size=&#8220;24px&#8220; _builder_version=&#8220;3.0.91&#8243; locked=&#8220;off&#8220;][\/et_pb_blurb][\/et_pb_column][et_pb_column type=&#8220;1_4&#8243; _builder_version=&#8220;3.0.47&#8243; parallax=&#8220;off&#8220; parallax_method=&#8220;on&#8220;][et_pb_blurb title=&#8220;jan_kittner&#8220; url=&#8220;https:\/\/www.instagram.com\/jan_kittner\/&#8220; url_new_window=&#8220;on&#8220; use_icon=&#8220;on&#8220; font_icon=&#8220;%%298%%&#8220; icon_color=&#8220;#ffffff&#8220; icon_placement=&#8220;left&#8220; background_layout=&#8220;dark&#8220; use_icon_font_size=&#8220;on&#8220; icon_font_size=&#8220;24px&#8220; _builder_version=&#8220;3.0.91&#8243; locked=&#8220;off&#8220;][\/et_pb_blurb][\/et_pb_column][\/et_pb_row][\/et_pb_section][et_pb_section fb_built=&#8220;1&#8243; background_color=&#8220;#292a2e&#8220; _builder_version=&#8220;3.0.91&#8243;][et_pb_row _builder_version=&#8220;3.0.47&#8243; background_size=&#8220;initial&#8220; background_position=&#8220;top_left&#8220; background_repeat=&#8220;repeat&#8220;][et_pb_column type=&#8220;1_4&#8243; _builder_version=&#8220;3.0.47&#8243; parallax=&#8220;off&#8220; parallax_method=&#8220;on&#8220;][et_pb_image src=&#8220;http:\/\/bodyflexfitness.cz\/hradeckralove\/wp-content\/uploads\/sites\/4\/2019\/01\/trener_kittner_PNG-1.png&#8220; _builder_version=&#8220;3.0.91&#8243;][\/et_pb_image][\/et_pb_column][et_pb_column type=&#8220;3_4&#8243; _builder_version=&#8220;3.0.47&#8243; parallax=&#8220;off&#8220; parallax_method=&#8220;on&#8220;][et_pb_text background_layout=&#8220;dark&#8220; _builder_version=&#8220;3.0.91&#8243; text_font=&#8220;||||||||&#8220;]<\/p>\n<p>Jan Kittner je profesion\u00e1ln\u00ed osobn\u00ed tren\u00e9r s v\u00edce ne\u017e 12 lety zku\u0161enost\u00ed.<\/p>\n<p>\u0160irok\u00fd z\u00e1b\u011br spolupr\u00e1ce s klienty od \u00fapln\u00fdch za\u010d\u00e1te\u010dn\u00edk\u016f, a\u017e po vrcholov\u00e9 sportovce v\u010detn\u011b p\u0159\u00edpravy na sout\u011b\u017ee ve fitness a v kulturistice.<\/p>\n<p>[\/et_pb_text][\/et_pb_column][\/et_pb_row][et_pb_row _builder_version=&#8220;3.0.98&#8243;][et_pb_column type=&#8220;4_4&#8243; _builder_version=&#8220;3.0.47&#8243; parallax=&#8220;off&#8220; parallax_method=&#8220;on&#8220;][et_pb_text background_layout=&#8220;dark&#8220; _builder_version=&#8220;3.0.91&#8243; text_font=&#8220;||||||||&#8220;]<\/p>\n<div class=\"itemFullText\">\n<ul>\n<li class=\"firstItem\">Mistr \u010cech v kulturistice<\/li>\n<li>P\u0159es 12 let praxe<\/li>\n<li>Tren\u00e9rsk\u00e1 licence II. t\u0159\u00eddy<\/li>\n<li>Majitel BODYFLEX Fitness Hradec Kr\u00e1lov\u00e9<\/li>\n<\/ul>\n<\/div>\n<p>[\/et_pb_text][\/et_pb_column][\/et_pb_row][et_pb_row _builder_version=&#8220;3.0.91&#8243;][et_pb_column type=&#8220;4_4&#8243; _builder_version=&#8220;3.0.47&#8243; parallax=&#8220;off&#8220; parallax_method=&#8220;on&#8220;][et_pb_code _builder_version=&#8220;3.0.91&#8243; filter_brightness=&#8220;200%&#8220; filter_contrast=&#8220;200%&#8220;]&lt;table&gt;&lt;tbody&gt;&lt;tr&gt;&lt;td style=&quot;vertical-align: top&quot;&gt;1 konzultace \/ tr\u00e9nink&lt;\/td&gt;&lt;td style=&quot;width: 45%&quot;&gt; &lt;\/td&gt;&lt;td style=&quot;vertical-align: top&quot;&gt;1200 K\u010d \/ 1 os.&lt;\/td&gt;&lt;td style=&quot;vertical-align: top&quot;&gt;2000 K\u010d \/ 2 os.&lt;\/td&gt;&lt;\/tr&gt;&lt;tr&gt;&lt;td style=&quot;vertical-align: top&quot;&gt;10 konzultac\u00ed \/ tr\u00e9nink\u016f&lt;\/td&gt;&lt;td style=&quot;width: 45%&quot;&gt;9 + 1 ZDARMA!&lt;\/td&gt;&lt;td style=&quot;vertical-align: top&quot;&gt;10800 K\u010d \/ 1 os.&lt;\/td&gt;&lt;td style=&quot;vertical-align: top&quot;&gt;18000 K\u010d \/ 2 os.&lt;\/td&gt;&lt;\/tr&gt;&lt;tr&gt;&lt;td style=&quot;vertical-align: top&quot;&gt;20 konzultac\u00ed \/ tr\u00e9nink\u016f&lt;\/td&gt;&lt;td style=&quot;width: 45%&quot;&gt;17 + 3 ZDARMA!&lt;\/td&gt;&lt;td style=&quot;vertical-align: top&quot;&gt;20400 K\u010d \/ 1 os.&lt;\/td&gt;&lt;td style=&quot;vertical-align: top&quot;&gt;32000 K\u010d \/ 2 os.&lt;\/td&gt;&lt;\/tr&gt;&lt;\/tbody&gt;&lt;\/table&gt;[\/et_pb_code][\/et_pb_column][\/et_pb_row][\/et_pb_section][et_pb_section fb_built=&#8220;1&#8243; _builder_version=&#8220;3.0.91&#8243; global_module=&#8220;2824&#8243;][et_pb_row use_custom_gutter=&#8220;on&#8220; gutter_width=&#8220;1&#8243; module_class_1=&#8220;col2&#8243; module_class_2=&#8220;col2&#8243; module_class_3=&#8220;col2&#8243; module_class_4=&#8220;col2&#8243; _builder_version=&#8220;3.0.91&#8243; saved_tabs=&#8220;all&#8220;][et_pb_column type=&#8220;1_4&#8243; _builder_version=&#8220;3.0.47&#8243; parallax=&#8220;off&#8220; parallax_method=&#8220;on&#8220; module_class=&#8220;col2&#8243;][et_pb_image src=&#8220;http:\/\/bodyflexfitness.cz\/hradeckralove\/wp-content\/uploads\/sites\/4\/2023\/11\/trener_kolaroa.jpg&#8220; url=&#8220;http:\/\/bodyflexfitness.cz\/hradeckralove\/treneri\/kristyna-kolarova\/&#8220; use_overlay=&#8220;on&#8220; overlay_icon_color=&#8220;#ffffff&#8220; hover_overlay_color=&#8220;rgba(139,13,9,0.5)&#8220; hover_icon=&#8220;%%200%%&#8220; _builder_version=&#8220;3.0.91&#8243; background_color=&#8220;#000000&#8243;][\/et_pb_image][et_pb_text background_layout=&#8220;dark&#8220; module_class=&#8220;text2&#8243; _builder_version=&#8220;3.0.91&#8243; text_font=&#8220;|700||on|||||&#8220; text_font_size=&#8220;16px&#8220; header_font=&#8220;||||||||&#8220; background_color=&#8220;#2A2D31&#8243; text_orientation=&#8220;center&#8220; custom_padding=&#8220;20px||20px|&#8220;]<\/p>\n<p><a href=\"http:\/\/bodyflexfitness.cz\/hradeckralove\/treneri\/kristyna-kolarova\/\" title=\"Krist\u00fdna Kol\u00e1\u0159ov\u00e1 osobn\u00ed tren\u00e9r\"><span style=\"color: #ffffff;\">Krist\u00fdna Kol\u00e1\u0159ov\u00e1<\/span><\/a><\/p>\n<p>[\/et_pb_text][et_pb_image src=&#8220;http:\/\/bodyflexfitness.cz\/hradeckralove\/wp-content\/uploads\/sites\/4\/2019\/01\/trener_kittner-1.jpg&#8220; url=&#8220;http:\/\/bodyflexfitness.cz\/hradeckralove\/treneri\/jan-kittner\/&#8220; use_overlay=&#8220;on&#8220; overlay_icon_color=&#8220;#ffffff&#8220; hover_overlay_color=&#8220;rgba(139,13,9,0.5)&#8220; hover_icon=&#8220;%%200%%&#8220; _builder_version=&#8220;3.0.91&#8243; background_color=&#8220;#000000&#8243;][\/et_pb_image][et_pb_text background_layout=&#8220;dark&#8220; module_class=&#8220;text2&#8243; _builder_version=&#8220;3.0.91&#8243; text_font=&#8220;|700||on|||||&#8220; text_font_size=&#8220;16px&#8220; header_font=&#8220;||||||||&#8220; background_color=&#8220;#2A2D31&#8243; text_orientation=&#8220;center&#8220; custom_padding=&#8220;20px||20px|&#8220;]<\/p>\n<p><span style=\"color: #ffffff\"><a style=\"color: #ffffff\" href=\"\/hradeckralove\/nas-tym\/jan-kittner\/\">Jan Kittner<\/a><\/span><\/p>\n<p>[\/et_pb_text][\/et_pb_column][et_pb_column type=&#8220;1_4&#8243; _builder_version=&#8220;3.0.47&#8243; parallax=&#8220;off&#8220; parallax_method=&#8220;on&#8220; module_class=&#8220;col2&#8243;][et_pb_image src=&#8220;http:\/\/bodyflexfitness.cz\/hradeckralove\/wp-content\/uploads\/sites\/4\/2023\/12\/trener_ondrackova.jpg&#8220; url=&#8220;http:\/\/bodyflexfitness.cz\/hradeckralove\/treneri\/katerina-ondrackova\/&#8220; use_overlay=&#8220;on&#8220; overlay_icon_color=&#8220;#ffffff&#8220; hover_overlay_color=&#8220;rgba(139,13,9,0.5)&#8220; _builder_version=&#8220;3.0.91&#8243; background_color=&#8220;#000000&#8243;][\/et_pb_image][et_pb_text background_layout=&#8220;dark&#8220; module_class=&#8220;text2&#8243; _builder_version=&#8220;3.0.91&#8243; text_font=&#8220;|700||on|||||&#8220; text_font_size=&#8220;16px&#8220; header_font=&#8220;||||||||&#8220; background_color=&#8220;#2A2D31&#8243; text_orientation=&#8220;center&#8220; custom_padding=&#8220;20px||20px|&#8220;]<\/p>\n<p><span style=\"color: #ffffff;\"><a style=\"color: #ffffff;\" href=\"http:\/\/bodyflexfitness.cz\/hradeckralove\/treneri\/katerina-ondrackova\/\">Kate\u0159ina Ondr\u00e1\u010dkov\u00e1<\/a><\/span><\/p>\n<p>[\/et_pb_text][et_pb_image src=&#8220;http:\/\/bodyflexfitness.cz\/hradeckralove\/wp-content\/uploads\/sites\/4\/2021\/10\/trener_jirka.jpg&#8220; url=&#8220;\/hradeckralove\/treneri\/jiri-borkovec\/&#8220; use_overlay=&#8220;on&#8220; overlay_icon_color=&#8220;#ffffff&#8220; hover_overlay_color=&#8220;rgba(139,13,9,0.5)&#8220; _builder_version=&#8220;3.0.91&#8243; background_color=&#8220;#000000&#8243;][\/et_pb_image][et_pb_text background_layout=&#8220;dark&#8220; module_class=&#8220;text2&#8243; _builder_version=&#8220;3.0.91&#8243; text_font=&#8220;|700||on|||||&#8220; text_font_size=&#8220;16px&#8220; header_font=&#8220;||||||||&#8220; background_color=&#8220;#2A2D31&#8243; text_orientation=&#8220;center&#8220; custom_padding=&#8220;20px||20px|&#8220;]<\/p>\n<p><span style=\"color: #ffffff\"><a style=\"color: #ffffff\" href=\"\/hradeckralove\/treneri\/jiri-borkovec\/\">JI\u0158\u00cd BORKOVEC<\/a><\/span><\/p>\n<p>[\/et_pb_text][\/et_pb_column][et_pb_column type=&#8220;1_4&#8243; _builder_version=&#8220;3.0.47&#8243; parallax=&#8220;off&#8220; parallax_method=&#8220;on&#8220; module_class=&#8220;col2&#8243;][et_pb_image src=&#8220;http:\/\/bodyflexfitness.cz\/hradeckralove\/wp-content\/uploads\/sites\/4\/2025\/06\/trener_denk.jpg&#8220; url=&#8220;http:\/\/bodyflexfitness.cz\/hradeckralove\/treneri\/daniel-denk\/&#8220; use_overlay=&#8220;on&#8220; overlay_icon_color=&#8220;#ffffff&#8220; hover_overlay_color=&#8220;rgba(139,13,9,0.5)&#8220; hover_icon=&#8220;%%200%%&#8220; _builder_version=&#8220;3.0.91&#8243; background_color=&#8220;#000000&#8243;][\/et_pb_image][et_pb_text background_layout=&#8220;dark&#8220; module_class=&#8220;text2&#8243; _builder_version=&#8220;3.0.91&#8243; text_font=&#8220;|700||on|||||&#8220; text_font_size=&#8220;16px&#8220; header_font=&#8220;||||||||&#8220; background_color=&#8220;#2A2D31&#8243; text_orientation=&#8220;center&#8220; custom_padding=&#8220;20px||20px|&#8220;]<\/p>\n<p><a href=\"http:\/\/bodyflexfitness.cz\/hradeckralove\/treneri\/daniel-denk\/\" title=\"Daniel Denk\"><span style=\"color: #ffffff;\">Daniel Denk<\/span><\/a><\/p>\n<p>[\/et_pb_text][et_pb_image src=&#8220;http:\/\/bodyflexfitness.cz\/hradeckralove\/wp-content\/uploads\/sites\/4\/2024\/12\/trener_konecny.jpg&#8220; url=&#8220;http:\/\/bodyflexfitness.cz\/hradeckralove\/treneri\/roman-konecny\/&#8220; use_overlay=&#8220;on&#8220; overlay_icon_color=&#8220;#ffffff&#8220; hover_overlay_color=&#8220;rgba(139,13,9,0.5)&#8220; hover_icon=&#8220;%%200%%&#8220; _builder_version=&#8220;3.0.91&#8243; background_color=&#8220;#000000&#8243;][\/et_pb_image][et_pb_text background_layout=&#8220;dark&#8220; module_class=&#8220;text2&#8243; _builder_version=&#8220;3.0.91&#8243; text_font=&#8220;|700||on|||||&#8220; text_font_size=&#8220;16px&#8220; header_font=&#8220;||||||||&#8220; background_color=&#8220;#2A2D31&#8243; text_orientation=&#8220;center&#8220; custom_padding=&#8220;20px||20px|&#8220;]<\/p>\n<p><a href=\"http:\/\/bodyflexfitness.cz\/hradeckralove\/treneri\/roman-konecny\/\" title=\"Roman Kone\u010dn\u00fd\"><span style=\"color: #ffffff;\">Roman Kone\u010dn\u00fd<\/span><\/a><\/p>\n<p>[\/et_pb_text][\/et_pb_column][et_pb_column type=&#8220;1_4&#8243; _builder_version=&#8220;3.0.47&#8243; parallax=&#8220;off&#8220; parallax_method=&#8220;on&#8220; module_class=&#8220;col2&#8243;][et_pb_image src=&#8220;http:\/\/bodyflexfitness.cz\/hradeckralove\/wp-content\/uploads\/sites\/4\/2022\/02\/trener_viktorin.jpg&#8220; url=&#8220;\/hradeckralove\/treneri\/viktorin\/&#8220; use_overlay=&#8220;on&#8220; overlay_icon_color=&#8220;#ffffff&#8220; hover_overlay_color=&#8220;rgba(139,13,9,0.5)&#8220; hover_icon=&#8220;%%200%%&#8220; _builder_version=&#8220;3.0.91&#8243; background_color=&#8220;#000000&#8243;][\/et_pb_image][et_pb_text background_layout=&#8220;dark&#8220; module_class=&#8220;text2&#8243; _builder_version=&#8220;3.0.91&#8243; text_font=&#8220;|700||on|||||&#8220; text_font_size=&#8220;16px&#8220; header_font=&#8220;||||||||&#8220; background_color=&#8220;#2A2D31&#8243; text_orientation=&#8220;center&#8220; custom_padding=&#8220;20px||20px|&#8220;]<\/p>\n<p><span style=\"color: #ffffff;\"><a style=\"color: #ffffff;\" href=\"\/hradeckralove\/treneri\/viktorin\/\">Martin Viktorin<\/a><\/span><\/p>\n<p>[\/et_pb_text][et_pb_image src=&#8220;http:\/\/bodyflexfitness.cz\/hradeckralove\/wp-content\/uploads\/sites\/4\/2025\/07\/trener_tobiskova.jpg&#8220; url=&#8220;\/hradeckralove\/treneri\/diana-tobiskova\/&#8220; use_overlay=&#8220;on&#8220; overlay_icon_color=&#8220;#ffffff&#8220; hover_overlay_color=&#8220;rgba(139,13,9,0.5)&#8220; hover_icon=&#8220;%%200%%&#8220; _builder_version=&#8220;3.0.91&#8243; background_color=&#8220;#000000&#8243;][\/et_pb_image][et_pb_text background_layout=&#8220;dark&#8220; module_class=&#8220;text2&#8243; _builder_version=&#8220;3.0.91&#8243; text_font=&#8220;|700||on|||||&#8220; text_font_size=&#8220;16px&#8220; header_font=&#8220;||||||||&#8220; background_color=&#8220;#2A2D31&#8243; text_orientation=&#8220;center&#8220; custom_padding=&#8220;20px||20px|&#8220;]<\/p>\n<p><span style=\"color: #ffffff;\"><a style=\"color: #ffffff;\" href=\"\/hradeckralove\/treneri\/diana-tobiskova\/\">Diana Tobi\u0161kov\u00e1<\/a><\/span><\/p>\n<p>[\/et_pb_text][\/et_pb_column][\/et_pb_row][\/et_pb_section]<\/p>\n","protected":false},"excerpt":{"rendered":"<p>[et_pb_section fb_built=&#8220;1&#8243; background_color=&#8220;rgba(0,0,0,0.7)&#8220; _builder_version=&#8220;3.0.91&#8243; background_image=&#8220;http:\/\/bodyflexfitness.cz\/hradeckralove\/wp-content\/uploads\/sites\/4\/2018\/01\/main-page.jpg&#8220; background_blend=&#8220;overlay&#8220;][et_pb_row custom_width_percent=&#8220;50%&#8220; _builder_version=&#8220;3.0.91&#8243; background_size=&#8220;initial&#8220; background_position=&#8220;top_left&#8220; background_repeat=&#8220;repeat&#8220; make_fullwidth=&#8220;on&#8220;][et_pb_column type=&#8220;4_4&#8243; _builder_version=&#8220;3.0.47&#8243; parallax=&#8220;off&#8220; parallax_method=&#8220;on&#8220;][et_pb_text background_layout=&#8220;dark&#8220; _builder_version=&#8220;3.0.91&#8243; text_font=&#8220;|||on|||||&#8220; header_font=&#8220;||||||||&#8220; header_font_size=&#8220;42px&#8220; header_font_size_phone=&#8220;24px&#8220; header_font_size_last_edited=&#8220;on|phone&#8220; text_orientation=&#8220;center&#8220;] Jan Kittner [\/et_pb_text][et_pb_text background_layout=&#8220;dark&#8220; _builder_version=&#8220;3.0.89&#8243; text_font=&#8220;||||||||&#8220; text_font_size=&#8220;16px&#8220; text_orientation=&#8220;center&#8220;] Uk\u00e1\u017eu V\u00e1m tu nejefektivn\u011bj\u0161\u00ed cestu k dosa\u017een\u00ed Va\u0161ich c\u00edl\u016f, ale odmakat si to mus\u00edte sami. [\/et_pb_text][\/et_pb_column][\/et_pb_row][\/et_pb_section][et_pb_section fb_built=&#8220;1&#8243; background_color=&#8220;#8b0d09&#8243; _builder_version=&#8220;3.0.89&#8243; custom_padding=&#8220;0px|0px|0px|0px&#8220;][et_pb_row make_fullwidth=&#8220;on&#8220; _builder_version=&#8220;3.0.91&#8243;][et_pb_column type=&#8220;1_4&#8243; [&hellip;]<\/p>\n","protected":false},"author":2,"featured_media":0,"parent":114,"menu_order":0,"comment_status":"closed","ping_status":"closed","template":"","meta":{"footnotes":""},"class_list":["post-1396","page","type-page","status-publish","hentry"],"_links":{"self":[{"href":"https:\/\/bodyflexfitness.cz\/hradeckralove\/wp-json\/wp\/v2\/pages\/1396","targetHints":{"allow":["GET"]}}],"collection":[{"href":"https:\/\/bodyflexfitness.cz\/hradeckralove\/wp-json\/wp\/v2\/pages"}],"about":[{"href":"https:\/\/bodyflexfitness.cz\/hradeckralove\/wp-json\/wp\/v2\/types\/page"}],"author":[{"embeddable":true,"href":"https:\/\/bodyflexfitness.cz\/hradeckralove\/wp-json\/wp\/v2\/users\/2"}],"replies":[{"embeddable":true,"href":"https:\/\/bodyflexfitness.cz\/hradeckralove\/wp-json\/wp\/v2\/comments?post=1396"}],"version-history":[{"count":20,"href":"https:\/\/bodyflexfitness.cz\/hradeckralove\/wp-json\/wp\/v2\/pages\/1396\/revisions"}],"predecessor-version":[{"id":2946,"href":"https:\/\/bodyflexfitness.cz\/hradeckralove\/wp-json\/wp\/v2\/pages\/1396\/revisions\/2946"}],"up":[{"embeddable":true,"href":"https:\/\/bodyflexfitness.cz\/hradeckralove\/wp-json\/wp\/v2\/pages\/114"}],"wp:attachment":[{"href":"https:\/\/bodyflexfitness.cz\/hradeckralove\/wp-json\/wp\/v2\/media?parent=1396"}],"curies":[{"name":"wp","href":"https:\/\/api.w.org\/{rel}","templated":true}]}}